{"id":1059,"date":"2020-10-23T19:12:07","date_gmt":"2020-10-23T19:12:07","guid":{"rendered":"http:\/\/beta2.mtech-systems.com\/?page_id=1059"},"modified":"2024-11-06T14:17:36","modified_gmt":"2024-11-06T19:17:36","slug":"legal","status":"publish","type":"page","link":"https:\/\/mtechsystems.io\/es\/legal\/","title":{"rendered":"Legal"},"content":{"rendered":"<div data-elementor-type=\"wp-page\" data-elementor-id=\"1059\" class=\"elementor elementor-1059\" data-elementor-post-type=\"page\">\n\t\t\t\t\t\t<section class=\"elementor-section elementor-top-section elementor-element elementor-element-e64774f elementor-section-boxed elementor-section-height-default elementor-section-height-default\" data-id=\"e64774f\" data-element_type=\"section\" data-e-type=\"section\">\n\t\t\t\t\t\t<div class=\"elementor-container elementor-column-gap-default\">\n\t\t\t\t\t<div class=\"elementor-column elementor-col-100 elementor-top-column elementor-element elementor-element-6e68a6d\" data-id=\"6e68a6d\" data-element_type=\"column\" data-e-type=\"column\" data-settings=\"{&quot;background_background&quot;:&quot;classic&quot;}\">\n\t\t\t<div class=\"elementor-widget-wrap elementor-element-populated\">\n\t\t\t\t\t\t<div class=\"elementor-element elementor-element-6406020 elementor-widget elementor-widget-icon-box\" data-id=\"6406020\" data-element_type=\"widget\" data-e-type=\"widget\" data-widget_type=\"icon-box.default\">\n\t\t\t\t\t\t\t<div class=\"elementor-icon-box-wrapper\">\n\n\t\t\t\n\t\t\t\t\t\t<div class=\"elementor-icon-box-content\">\n\n\t\t\t\t\t\t\t\t\t<h1 class=\"elementor-icon-box-title\">\n\t\t\t\t\t\t<span  >\n\t\t\t\t\t\t\tLegal\t\t\t\t\t\t<\/span>\n\t\t\t\t\t<\/h1>\n\t\t\t\t\n\t\t\t\t\t\t\t\t\t<p class=\"elementor-icon-box-description\">\n\t\t\t\t\t\tAqu\u00ed encontrar\u00e1 todos los documentos contractuales relacionados con el uso de los productos y servicios de MTech Systems.\t\t\t\t\t<\/p>\n\t\t\t\t\n\t\t\t<\/div>\n\t\t\t\n\t\t<\/div>\n\t\t\t\t\t\t<\/div>\n\t\t\t\t<div class=\"elementor-element elementor-element-3ea01da elementor-widget elementor-widget-ucaddon_simple_list_menu\" data-id=\"3ea01da\" data-element_type=\"widget\" data-e-type=\"widget\" data-widget_type=\"ucaddon_simple_list_menu.default\">\n\t\t\t\t<div class=\"elementor-widget-container\">\n\t\t\t\t\t\n<!-- start List Menu -->\n\t\t<link id='font-awesome-css' href='https:\/\/mtechsystems.io\/wp-content\/plugins\/unlimited-elements-for-elementor-premium\/assets_libraries\/font-awesome6\/fontawesome-all.min.css' type='text\/css' rel='stylesheet' >\n\t\t<link id='font-awesome-4-shim-css' href='https:\/\/mtechsystems.io\/wp-content\/plugins\/unlimited-elements-for-elementor-premium\/assets_libraries\/font-awesome6\/fontawesome-v4-shims.min.css' type='text\/css' rel='stylesheet' >\n\n<style>\/* widget: List Menu *\/\n\n#uc_simple_list_menu_elementor_3ea01da\n{\n  text-align:left;\n}\n#uc_simple_list_menu_elementor_3ea01da ul\n{\n  padding:0;\n  list-style:none;\n  margin:0;\n}\n\n#uc_simple_list_menu_elementor_3ea01da ul li\n{\n  padding:0;\n  list-style:none;\n  margin:0;\n}\n\n#uc_simple_list_menu_elementor_3ea01da ul li.current_page_item\n{\n  background-color:#FAF9F9;\n}\n\n#uc_simple_list_menu_elementor_3ea01da ul ul li.current_page_item\n{\n  background-color:#f2f2f2;\n}\n\n#uc_simple_list_menu_elementor_3ea01da ul ul ul li.current_page_item\n{\n  background-color:#e6e6e6;\n}\n\n#uc_simple_list_menu_elementor_3ea01da ul li:last-child\n{\n  border-bottom:none;\n}\n\n#uc_simple_list_menu_elementor_3ea01da ul li a\n{\n  text-decoration:none;\n  display:block;\n}\n\n#uc_simple_list_menu_elementor_3ea01da ul li a:before {\n   font-family: \"Font Awesome 5 Free\";\n   content: \"\\f02d\";\n   display: inline-block;\n   vertical-align: middle;\n   font-weight: 900;\n}\n\n\n<\/style>\n\n<div id=\"uc_simple_list_menu_elementor_3ea01da\" class=\"simple_list_menu\">\n<ul id=\"menu-mt-legal\" class=\"uc-list-menu\"><li id=\"menu-item-32842\" class=\"menu-item menu-item-type-post_type menu-item-object-page menu-item-32842\"><a href=\"https:\/\/mtechsystems.io\/es\/legal\/standard-subscription-terms\/\">T\u00e9rminos est\u00e1ndar<\/a><\/li>\n<li id=\"menu-item-32843\" class=\"menu-item menu-item-type-post_type menu-item-object-page menu-item-32843\"><a href=\"https:\/\/mtechsystems.io\/es\/legal\/data-processing-addendum\/\">Anexo sobre el tratamiento de datos<\/a><\/li>\n<li id=\"menu-item-32844\" class=\"menu-item menu-item-type-post_type menu-item-object-page menu-item-32844\"><a href=\"https:\/\/mtechsystems.io\/es\/legal\/security-measures\/\">Medidas de seguridad<\/a><\/li>\n<li id=\"menu-item-32793\" class=\"menu-item menu-item-type-post_type menu-item-object-page menu-item-32793\"><a href=\"https:\/\/mtechsystems.io\/es\/legal\/sub-processor-list\/\">Lista de subprocesadores<\/a><\/li>\n<li id=\"menu-item-32845\" class=\"menu-item menu-item-type-post_type menu-item-object-page menu-item-32845\"><a href=\"https:\/\/mtechsystems.io\/es\/legal\/acceptable-use-policy\/\">Pol\u00edtica de uso aceptable<\/a><\/li>\n<li id=\"menu-item-32847\" class=\"menu-item menu-item-type-post_type menu-item-object-page menu-item-32847\"><a href=\"https:\/\/mtechsystems.io\/es\/legal\/privacy-policy\/\">Privacidad de MTech Systems<\/a><\/li>\n<\/ul>\n<\/div>\n<!-- end List Menu -->\t\t\t\t<\/div>\n\t\t\t\t<\/div>\n\t\t\t\t\t<\/div>\n\t\t<\/div>\n\t\t\t\t\t<\/div>\n\t\t<\/section>\n\t\t\t\t<\/div>","protected":false},"excerpt":{"rendered":"<p>Legal Aqu\u00ed est\u00e1n todos los documentos contractuales relacionados con tu uso de los productos y servicios de MTech Systems. Declaraci\u00f3n de privacidad del sitio web de MTech Systems. Acuerdo Maestro SaaS y de Servicios de MTech Systems. Pol\u00edtica de privacidad de EchoLog. Aviso de privacidad de Amino.<\/p>","protected":false},"author":1,"featured_media":0,"parent":0,"menu_order":9,"comment_status":"closed","ping_status":"closed","template":"","meta":{"content-type":"","footnotes":""},"class_list":["post-1059","page","type-page","status-publish","hentry"],"_links":{"self":[{"href":"https:\/\/mtechsystems.io\/es\/wp-json\/wp\/v2\/pages\/1059","targetHints":{"allow":["GET"]}}],"collection":[{"href":"https:\/\/mtechsystems.io\/es\/wp-json\/wp\/v2\/pages"}],"about":[{"href":"https:\/\/mtechsystems.io\/es\/wp-json\/wp\/v2\/types\/page"}],"author":[{"embeddable":true,"href":"https:\/\/mtechsystems.io\/es\/wp-json\/wp\/v2\/users\/1"}],"replies":[{"embeddable":true,"href":"https:\/\/mtechsystems.io\/es\/wp-json\/wp\/v2\/comments?post=1059"}],"version-history":[{"count":30,"href":"https:\/\/mtechsystems.io\/es\/wp-json\/wp\/v2\/pages\/1059\/revisions"}],"predecessor-version":[{"id":31184,"href":"https:\/\/mtechsystems.io\/es\/wp-json\/wp\/v2\/pages\/1059\/revisions\/31184"}],"wp:attachment":[{"href":"https:\/\/mtechsystems.io\/es\/wp-json\/wp\/v2\/media?parent=1059"}],"curies":[{"name":"wp","href":"https:\/\/api.w.org\/{rel}","templated":true}]}}