{"id":19843,"date":"2023-03-09T16:18:56","date_gmt":"2023-03-09T21:18:56","guid":{"rendered":"https:\/\/mtechsystems.io\/?page_id=19843"},"modified":"2025-09-04T12:31:09","modified_gmt":"2025-09-04T16:31:09","slug":"trust-center","status":"publish","type":"page","link":"https:\/\/mtechsystems.io\/es\/trust-center\/","title":{"rendered":"Centro de confianza"},"content":{"rendered":"<div data-elementor-type=\"wp-page\" data-elementor-id=\"19843\" class=\"elementor elementor-19843\" data-elementor-post-type=\"page\">\n\t\t\t\t<div class=\"elementor-element elementor-element-77a4e5a e-con-full e-flex e-con e-parent\" data-id=\"77a4e5a\" data-element_type=\"container\" data-e-type=\"container\" data-settings=\"{&quot;background_background&quot;:&quot;classic&quot;}\">\n\t\t<div class=\"elementor-element elementor-element-b504555 e-con-full e-flex e-con e-child\" data-id=\"b504555\" data-element_type=\"container\" data-e-type=\"container\" data-settings=\"{&quot;background_background&quot;:&quot;classic&quot;}\">\n\t\t\t\t<div class=\"elementor-element elementor-element-159b42f elementor-widget__width-initial elementor-widget elementor-widget-icon-box\" data-id=\"159b42f\" data-element_type=\"widget\" data-e-type=\"widget\" data-widget_type=\"icon-box.default\">\n\t\t\t\t\t\t\t<div class=\"elementor-icon-box-wrapper\">\n\n\t\t\t\n\t\t\t\t\t\t<div class=\"elementor-icon-box-content\">\n\n\t\t\t\t\t\t\t\t\t<h1 class=\"elementor-icon-box-title\">\n\t\t\t\t\t\t<span  >\n\t\t\t\t\t\t\tCentro de confianza\t\t\t\t\t\t<\/span>\n\t\t\t\t\t<\/h1>\n\t\t\t\t\n\t\t\t\t\t\t\t\t\t<p class=\"elementor-icon-box-description\">\n\t\t\t\t\t\tEn MTech Systems, comprendemos el elevado riesgo cibern\u00e9tico que existe en todas las industrias relacionadas con la cadena de suministro. Nos regimos por los m\u00e1s altos est\u00e1ndares de ciberseguridad posibles para mantener seguros nuestros datos y los de nuestros clientes.\t\t\t\t\t<\/p>\n\t\t\t\t\n\t\t\t<\/div>\n\t\t\t\n\t\t<\/div>\n\t\t\t\t\t\t<\/div>\n\t\t\t\t<\/div>\n\t\t<div class=\"elementor-element elementor-element-03d5b66 e-con-full e-flex e-con e-child\" data-id=\"03d5b66\" data-element_type=\"container\" data-e-type=\"container\" data-settings=\"{&quot;background_background&quot;:&quot;classic&quot;}\">\n\t\t\t\t<div class=\"elementor-element elementor-element-8c1ce14 elementor-widget elementor-widget-image\" data-id=\"8c1ce14\" data-element_type=\"widget\" data-e-type=\"widget\" data-widget_type=\"image.default\">\n\t\t\t\t\t\t\t\t\t\t\t\t\t\t\t<img fetchpriority=\"high\" decoding=\"async\" width=\"800\" height=\"800\" src=\"https:\/\/mtechsystems.io\/wp-content\/uploads\/2023\/03\/mtech-cybersecurity-1024x1024.png\" class=\"attachment-large size-large wp-image-19872\" alt=\"\" srcset=\"https:\/\/mtechsystems.io\/wp-content\/uploads\/2023\/03\/mtech-cybersecurity-1024x1024.png 1024w, https:\/\/mtechsystems.io\/wp-content\/uploads\/2023\/03\/mtech-cybersecurity-300x300.png 300w, https:\/\/mtechsystems.io\/wp-content\/uploads\/2023\/03\/mtech-cybersecurity-150x150.png 150w, https:\/\/mtechsystems.io\/wp-content\/uploads\/2023\/03\/mtech-cybersecurity-768x768.png 768w, https:\/\/mtechsystems.io\/wp-content\/uploads\/2023\/03\/mtech-cybersecurity.png 1500w\" sizes=\"(max-width: 800px) 100vw, 800px\" \/>\t\t\t\t\t\t\t\t\t\t\t\t\t\t\t<\/div>\n\t\t\t\t<\/div>\n\t\t\t\t<\/div>\n\t\t<div class=\"elementor-element elementor-element-0d2910b e-flex e-con-boxed e-con e-parent\" data-id=\"0d2910b\" data-element_type=\"container\" data-e-type=\"container\">\n\t\t\t\t\t<div class=\"e-con-inner\">\n\t\t<div class=\"elementor-element elementor-element-4dc5445 e-con-full e-flex e-con e-child\" data-id=\"4dc5445\" data-element_type=\"container\" data-e-type=\"container\">\n\t\t\t\t<div class=\"elementor-element elementor-element-78692c0 elementor-widget__width-initial elementor-widget elementor-widget-icon-box\" data-id=\"78692c0\" data-element_type=\"widget\" data-e-type=\"widget\" data-widget_type=\"icon-box.default\">\n\t\t\t\t\t\t\t<div class=\"elementor-icon-box-wrapper\">\n\n\t\t\t\n\t\t\t\t\t\t<div class=\"elementor-icon-box-content\">\n\n\t\t\t\t\t\t\t\t\t<h3 class=\"elementor-icon-box-title\">\n\t\t\t\t\t\t<span  >\n\t\t\t\t\t\t\tCertificaciones de cumplimiento\t\t\t\t\t\t<\/span>\n\t\t\t\t\t<\/h3>\n\t\t\t\t\n\t\t\t\t\t\t\t\t\t<p class=\"elementor-icon-box-description\">\n\t\t\t\t\t\tObtenemos las \u00faltimas certificaciones y capacitaciones en ciberseguridad para ofrecer una plataforma confiable y segura a todos nuestros clientes.\t\t\t\t\t<\/p>\n\t\t\t\t\n\t\t\t<\/div>\n\t\t\t\n\t\t<\/div>\n\t\t\t\t\t\t<\/div>\n\t\t\t\t<\/div>\n\t\t<div class=\"elementor-element elementor-element-875b3c8 e-con-full e-flex e-con e-child\" data-id=\"875b3c8\" data-element_type=\"container\" data-e-type=\"container\">\n\t\t\t\t<div class=\"elementor-element elementor-element-72a5c26 elementor-widget__width-initial elementor-widget elementor-widget-image\" data-id=\"72a5c26\" data-element_type=\"widget\" data-e-type=\"widget\" data-widget_type=\"image.default\">\n\t\t\t\t\t\t\t\t\t\t\t\t\t\t\t<img decoding=\"async\" width=\"709\" height=\"709\" src=\"https:\/\/mtechsystems.io\/wp-content\/uploads\/2023\/03\/GlobalLearningSystems-logo.png\" class=\"attachment-large size-large wp-image-19849\" alt=\"\" srcset=\"https:\/\/mtechsystems.io\/wp-content\/uploads\/2023\/03\/GlobalLearningSystems-logo.png 709w, https:\/\/mtechsystems.io\/wp-content\/uploads\/2023\/03\/GlobalLearningSystems-logo-300x300.png 300w, https:\/\/mtechsystems.io\/wp-content\/uploads\/2023\/03\/GlobalLearningSystems-logo-150x150.png 150w\" sizes=\"(max-width: 709px) 100vw, 709px\" \/>\t\t\t\t\t\t\t\t\t\t\t\t\t\t\t<\/div>\n\t\t\t\t<div class=\"elementor-element elementor-element-b53c8c0 elementor-widget__width-initial elementor-widget elementor-widget-image\" data-id=\"b53c8c0\" data-element_type=\"widget\" data-e-type=\"widget\" data-widget_type=\"image.default\">\n\t\t\t\t\t\t\t\t\t\t\t\t\t\t\t<img decoding=\"async\" width=\"250\" height=\"250\" src=\"https:\/\/mtechsystems.io\/wp-content\/uploads\/2023\/03\/owasp-logo.png\" class=\"attachment-large size-large wp-image-19858\" alt=\"\" srcset=\"https:\/\/mtechsystems.io\/wp-content\/uploads\/2023\/03\/owasp-logo.png 250w, https:\/\/mtechsystems.io\/wp-content\/uploads\/2023\/03\/owasp-logo-150x150.png 150w\" sizes=\"(max-width: 250px) 100vw, 250px\" \/>\t\t\t\t\t\t\t\t\t\t\t\t\t\t\t<\/div>\n\t\t\t\t<div class=\"elementor-element elementor-element-ed74192 elementor-widget__width-initial elementor-widget elementor-widget-image\" data-id=\"ed74192\" data-element_type=\"widget\" data-e-type=\"widget\" data-widget_type=\"image.default\">\n\t\t\t\t\t\t\t\t\t\t\t\t\t\t\t<img loading=\"lazy\" decoding=\"async\" width=\"280\" height=\"280\" src=\"https:\/\/mtechsystems.io\/wp-content\/uploads\/2023\/03\/AICPA-SOC3logo.png\" class=\"attachment-large size-large wp-image-19846\" alt=\"\" srcset=\"https:\/\/mtechsystems.io\/wp-content\/uploads\/2023\/03\/AICPA-SOC3logo.png 280w, https:\/\/mtechsystems.io\/wp-content\/uploads\/2023\/03\/AICPA-SOC3logo-150x150.png 150w\" sizes=\"(max-width: 280px) 100vw, 280px\" \/>\t\t\t\t\t\t\t\t\t\t\t\t\t\t\t<\/div>\n\t\t\t\t<div class=\"elementor-element elementor-element-f005da0 elementor-widget__width-initial elementor-widget elementor-widget-image\" data-id=\"f005da0\" data-element_type=\"widget\" data-e-type=\"widget\" data-widget_type=\"image.default\">\n\t\t\t\t\t\t\t\t\t\t\t\t\t\t\t<img loading=\"lazy\" decoding=\"async\" width=\"250\" height=\"250\" src=\"https:\/\/mtechsystems.io\/wp-content\/uploads\/2023\/03\/AICPA-SOC2logo.png\" class=\"attachment-large size-large wp-image-19866\" alt=\"\" srcset=\"https:\/\/mtechsystems.io\/wp-content\/uploads\/2023\/03\/AICPA-SOC2logo.png 250w, https:\/\/mtechsystems.io\/wp-content\/uploads\/2023\/03\/AICPA-SOC2logo-150x150.png 150w\" sizes=\"(max-width: 250px) 100vw, 250px\" \/>\t\t\t\t\t\t\t\t\t\t\t\t\t\t\t<\/div>\n\t\t\t\t<\/div>\n\t\t\t\t\t<\/div>\n\t\t\t\t<\/div>\n\t\t<div class=\"elementor-element elementor-element-ef9ec46 e-flex e-con-boxed e-con e-parent\" data-id=\"ef9ec46\" data-element_type=\"container\" data-e-type=\"container\">\n\t\t\t\t\t<div class=\"e-con-inner\">\n\t\t<div class=\"elementor-element elementor-element-1516e8f e-con-full e-flex e-con e-child\" data-id=\"1516e8f\" data-element_type=\"container\" data-e-type=\"container\">\n\t\t\t\t<div class=\"elementor-element elementor-element-d9a7f31 elementor-widget__width-inherit elementor-widget elementor-widget-heading\" data-id=\"d9a7f31\" data-element_type=\"widget\" data-e-type=\"widget\" data-widget_type=\"heading.default\">\n\t\t\t\t\t<h3 class=\"elementor-heading-title elementor-size-default\">Cumplimiento de las normas de seguridad<\/h3>\t\t\t\t<\/div>\n\t\t\t\t<div class=\"elementor-element elementor-element-9314a2d elementor-widget__width-initial elementor-widget elementor-widget-icon-box\" data-id=\"9314a2d\" data-element_type=\"widget\" data-e-type=\"widget\" data-widget_type=\"icon-box.default\">\n\t\t\t\t\t\t\t<div class=\"elementor-icon-box-wrapper\">\n\n\t\t\t\n\t\t\t\t\t\t<div class=\"elementor-icon-box-content\">\n\n\t\t\t\t\t\t\t\t\t<h5 class=\"elementor-icon-box-title\">\n\t\t\t\t\t\t<span  >\n\t\t\t\t\t\t\tAcuerdos legales y pol\u00edticas\t\t\t\t\t\t<\/span>\n\t\t\t\t\t<\/h5>\n\t\t\t\t\n\t\t\t\t\t\t\t\t\t<p class=\"elementor-icon-box-description\">\n\t\t\t\t\t\tNuestros acuerdos y pol\u00edticas proporcionan a nuestros usuarios y clientes transparencia e informaci\u00f3n detallada sobre nuestros servicios.\t\t\t\t\t<\/p>\n\t\t\t\t\n\t\t\t<\/div>\n\t\t\t\n\t\t<\/div>\n\t\t\t\t\t\t<\/div>\n\t\t\t\t<div class=\"elementor-element elementor-element-f6a8b6b elementor-widget elementor-widget-ucaddon_square_icon_box\" data-id=\"f6a8b6b\" data-element_type=\"widget\" data-e-type=\"widget\" data-widget_type=\"ucaddon_square_icon_box.default\">\n\t\t\t\t<div class=\"elementor-widget-container\">\n\t\t\t\t\t\n<!-- start Icon Box -->\n\t\t<link id='font-awesome-css' href='https:\/\/mtechsystems.io\/wp-content\/plugins\/unlimited-elements-for-elementor-premium\/assets_libraries\/font-awesome6\/fontawesome-all.min.css' type='text\/css' rel='stylesheet' >\n\t\t<link id='font-awesome-4-shim-css' href='https:\/\/mtechsystems.io\/wp-content\/plugins\/unlimited-elements-for-elementor-premium\/assets_libraries\/font-awesome6\/fontawesome-v4-shims.min.css' type='text\/css' rel='stylesheet' >\n\t\t<link id='uc_ac_assets_file_blox_boxed_small_square_icon_box_css_0-css' href='https:\/\/mtechsystems.io\/wp-content\/uploads\/ac_assets\/blox-boxed-small-square-icon-box\/blox-boxed-small-square-icon-box.css' type='text\/css' rel='stylesheet' >\n\n<style>\/* widget: Icon Box *\/\n\n#uc_square_icon_box_elementor_f6a8b6b * { \n\tbox-sizing: border-box; \n}\n\n#uc_square_icon_box_elementor_f6a8b6b{\n\tfont-family: inherit;\n    transition:0.3s;\n    position:relative;\n}\n\n#uc_square_icon_box_elementor_f6a8b6b .blox-boxed-small-square-icon-box-icon{\n\t\n\tposition:relative;\n    display:flex;\n    justify-content:center;\n    align-items:center;\n    transform:rotate(0deg);\n    z-index:2;\n}\n\n#uc_square_icon_box_elementor_f6a8b6b .blox-boxed-small-square-icon-box-icon > div{\n\t\n\tposition:relative;\n    display:flex;\n    justify-content:center;\n    align-items:center;\n    transform:rotate(-0deg);\n}\n#uc_square_icon_box_elementor_f6a8b6b .ue-icon-inner{\n    line-height:1em;\n\t} \t\n\n\n#uc_square_icon_box_elementor_f6a8b6b .ue-icon-inner svg{\n    height:56px;\n    width:56px;\n\t} \t\n\t\n.blox-boxed-small-square-icon-box-heading{\n\tfont-size:21px;\n\t}\n\n\n#uc_square_icon_box_elementor_f6a8b6b:hover\n{\n  position:relative;\n  z-index:1;\n}\n\n\n#uc_square_icon_box_elementor_f6a8b6b .ue_box_button\n{\n  text-align:center;\n  text-decoration:none;\n  display:inline-block;\n  transition:0.3s;\n}\n\n\n#uc_square_icon_box_elementor_f6a8b6b span.line\n{\n  display:block;\n  position:absolute;\n  top:0;\n  left:0;\n  width:0px;\n  transition:0.3s;\n}\n\n#uc_square_icon_box_elementor_f6a8b6b:hover span.line\n{\n  width:100%;\n}\n\n#uc_square_icon_box_elementor_f6a8b6b .ue-title-separator span\n{\n  display:inline-block;\n  transition:0.3s;\n}\n\n\n\n\n\n<\/style>\n\n<div class=\"square_icon_box\" id=\"uc_square_icon_box_elementor_f6a8b6b\">\n  \n  \t\t  \n  \n              <div class=\"ue-icon\">\n       <a style=\"display:inline-block; text-decoration:none;\" href=\"\" >\n         <div class=\"blox-boxed-small-square-icon-box-icon\" style=\"background-color: ;\">\n           <div class=\"ue-icon-inner\"><i class='fas fa-lock'><\/i><\/div>\n         <\/div>\n       <\/a>\n       <\/div>\n         \n  \t\t        <div class=\"blox-boxed-small-square-icon-box-heading\">\n        \tOWASP\n        <\/div>\n          \n  \t\t  \n  \n                <div class=\"blox-boxed-small-square-icon-box-content\">\n        \t<p>El\u00a0<a href=\"https:\/\/owasp.org\/www-project-top-ten\/\" target=\"_blank\" rel=\"noopener\">Los 10 mejores de OWASP<\/a>\u00a0es un documento est\u00e1ndar de concienciaci\u00f3n para desarrolladores y seguridad de aplicaciones web. Representa un amplio consenso sobre los riesgos de seguridad m\u00e1s cr\u00edticos para las aplicaciones web. A trav\u00e9s de nuestro socio\u00a0<a href=\"https:\/\/globallearningsystems.com\/owasp-top-10-2021\/\" target=\"_blank\" rel=\"noopener\">Sistemas de aprendizaje global<\/a>, Todos los desarrolladores de MTech est\u00e1n capacitados para cumplir con los est\u00e1ndares m\u00e1s recientes.<\/p>\n        <\/div>\n          \n  \t\t        \n          \n  \t\t  \n<\/div>\n<!-- end Icon Box -->\t\t\t\t<\/div>\n\t\t\t\t<\/div>\n\t\t\t\t<\/div>\n\t\t<div class=\"elementor-element elementor-element-73b43ab e-con-full e-flex e-con e-child\" data-id=\"73b43ab\" data-element_type=\"container\" data-e-type=\"container\">\n\t\t\t\t<div class=\"elementor-element elementor-element-078fc67 elementor-widget elementor-widget-ucaddon_square_icon_box\" data-id=\"078fc67\" data-element_type=\"widget\" data-e-type=\"widget\" data-widget_type=\"ucaddon_square_icon_box.default\">\n\t\t\t\t<div class=\"elementor-widget-container\">\n\t\t\t\t\t\n<!-- start Icon Box -->\n\n<style>\/* widget: Icon Box *\/\n\n#uc_square_icon_box_elementor_078fc67 * { \n\tbox-sizing: border-box; \n}\n\n#uc_square_icon_box_elementor_078fc67{\n\tfont-family: inherit;\n    transition:0.3s;\n    position:relative;\n}\n\n#uc_square_icon_box_elementor_078fc67 .blox-boxed-small-square-icon-box-icon{\n\t\n\tposition:relative;\n    display:flex;\n    justify-content:center;\n    align-items:center;\n    transform:rotate(0deg);\n    z-index:2;\n}\n\n#uc_square_icon_box_elementor_078fc67 .blox-boxed-small-square-icon-box-icon > div{\n\t\n\tposition:relative;\n    display:flex;\n    justify-content:center;\n    align-items:center;\n    transform:rotate(-0deg);\n}\n#uc_square_icon_box_elementor_078fc67 .ue-icon-inner{\n    line-height:1em;\n\t} \t\n\n\n#uc_square_icon_box_elementor_078fc67 .ue-icon-inner svg{\n    height:56px;\n    width:56px;\n\t} \t\n\t\n.blox-boxed-small-square-icon-box-heading{\n\tfont-size:21px;\n\t}\n\n\n#uc_square_icon_box_elementor_078fc67:hover\n{\n  position:relative;\n  z-index:1;\n}\n\n\n#uc_square_icon_box_elementor_078fc67 .ue_box_button\n{\n  text-align:center;\n  text-decoration:none;\n  display:inline-block;\n  transition:0.3s;\n}\n\n\n#uc_square_icon_box_elementor_078fc67 span.line\n{\n  display:block;\n  position:absolute;\n  top:0;\n  left:0;\n  width:0px;\n  transition:0.3s;\n}\n\n#uc_square_icon_box_elementor_078fc67:hover span.line\n{\n  width:100%;\n}\n\n#uc_square_icon_box_elementor_078fc67 .ue-title-separator span\n{\n  display:inline-block;\n  transition:0.3s;\n}\n\n\n\n\n\n<\/style>\n\n<div class=\"square_icon_box\" id=\"uc_square_icon_box_elementor_078fc67\">\n  \n  \t\t  \n  \n              <div class=\"ue-icon\">\n       <a style=\"display:inline-block; text-decoration:none;\" href=\"\" >\n         <div class=\"blox-boxed-small-square-icon-box-icon\" style=\"background-color: ;\">\n           <div class=\"ue-icon-inner\"><i class='fas fa-shield-alt'><\/i><\/div>\n         <\/div>\n       <\/a>\n       <\/div>\n         \n  \t\t        <div class=\"blox-boxed-small-square-icon-box-heading\">\n        \tAICPA SOC 2\n        <\/div>\n          \n  \t\t  \n  \n                <div class=\"blox-boxed-small-square-icon-box-content\">\n        \t<p>Nuestros \u00faltimos informes SOC 2 est\u00e1n disponibles previa solicitud y sujetos a un acuerdo de confidencialidad (NDA).\u00a0<\/p>\n        <\/div>\n          \n  \t\t        <div><a href=\"\" class=\"ue_box_button\" >Solicite el \u00faltimo informe SOC 2 \u2192<\/a><\/div>\n   \t            \n          \n  \t\t  \n<\/div>\n<!-- end Icon Box -->\t\t\t\t<\/div>\n\t\t\t\t<\/div>\n\t\t\t\t<div class=\"elementor-element elementor-element-f77a3be elementor-widget elementor-widget-ucaddon_square_icon_box\" data-id=\"f77a3be\" data-element_type=\"widget\" data-e-type=\"widget\" data-widget_type=\"ucaddon_square_icon_box.default\">\n\t\t\t\t<div class=\"elementor-widget-container\">\n\t\t\t\t\t\n<!-- start Icon Box -->\n\n<style>\/* widget: Icon Box *\/\n\n#uc_square_icon_box_elementor_f77a3be * { \n\tbox-sizing: border-box; \n}\n\n#uc_square_icon_box_elementor_f77a3be{\n\tfont-family: inherit;\n    transition:0.3s;\n    position:relative;\n}\n\n#uc_square_icon_box_elementor_f77a3be .blox-boxed-small-square-icon-box-icon{\n\t\n\tposition:relative;\n    display:flex;\n    justify-content:center;\n    align-items:center;\n    transform:rotate(0deg);\n    z-index:2;\n}\n\n#uc_square_icon_box_elementor_f77a3be .blox-boxed-small-square-icon-box-icon > div{\n\t\n\tposition:relative;\n    display:flex;\n    justify-content:center;\n    align-items:center;\n    transform:rotate(-0deg);\n}\n#uc_square_icon_box_elementor_f77a3be .ue-icon-inner{\n    line-height:1em;\n\t} \t\n\n\n#uc_square_icon_box_elementor_f77a3be .ue-icon-inner svg{\n    height:56px;\n    width:56px;\n\t} \t\n\t\n.blox-boxed-small-square-icon-box-heading{\n\tfont-size:21px;\n\t}\n\n\n#uc_square_icon_box_elementor_f77a3be:hover\n{\n  position:relative;\n  z-index:1;\n}\n\n\n#uc_square_icon_box_elementor_f77a3be .ue_box_button\n{\n  text-align:center;\n  text-decoration:none;\n  display:inline-block;\n  transition:0.3s;\n}\n\n\n#uc_square_icon_box_elementor_f77a3be span.line\n{\n  display:block;\n  position:absolute;\n  top:0;\n  left:0;\n  width:0px;\n  transition:0.3s;\n}\n\n#uc_square_icon_box_elementor_f77a3be:hover span.line\n{\n  width:100%;\n}\n\n#uc_square_icon_box_elementor_f77a3be .ue-title-separator span\n{\n  display:inline-block;\n  transition:0.3s;\n}\n\n\n\n\n\n<\/style>\n\n<div class=\"square_icon_box\" id=\"uc_square_icon_box_elementor_f77a3be\">\n  \n  \t\t  \n  \n              <div class=\"ue-icon\">\n       <a style=\"display:inline-block; text-decoration:none;\" href=\"https:\/\/mtechsystems.io\/wp-content\/uploads\/2025\/09\/2025-SOC3-Assertion-of-MTech-Management.pdf\"  target='_blank'>\n         <div class=\"blox-boxed-small-square-icon-box-icon\" style=\"background-color: ;\">\n           <div class=\"ue-icon-inner\"><i class='fas fa-user-shield'><\/i><\/div>\n         <\/div>\n       <\/a>\n       <\/div>\n         \n  \t\t        <div class=\"blox-boxed-small-square-icon-box-heading\">\n        \tAICPA SOC 3\n        <\/div>\n          \n  \t\t  \n  \n                <div class=\"blox-boxed-small-square-icon-box-content\">\n        \t<p>El informe SOC 3 de MTech System es un resumen oficial de nuestro informe SOC 2.<\/p>\n        <\/div>\n          \n  \t\t        <div><a href=\"https:\/\/mtechsystems.io\/wp-content\/uploads\/2025\/09\/2025-SOC3-Assertion-of-MTech-Management.pdf\" class=\"ue_box_button\"  target='_blank'>Descargue aqu\u00ed nuestro \u00faltimo informe SOC 3 \u2192<\/a><\/div>\n   \t            \n          \n  \t\t  \n<\/div>\n<!-- end Icon Box -->\t\t\t\t<\/div>\n\t\t\t\t<\/div>\n\t\t\t\t<\/div>\n\t\t\t\t\t<\/div>\n\t\t\t\t<\/div>\n\t\t<div class=\"elementor-element elementor-element-6379334 e-flex e-con-boxed e-con e-parent\" data-id=\"6379334\" data-element_type=\"container\" data-e-type=\"container\">\n\t\t\t\t\t<div class=\"e-con-inner\">\n\t\t<div class=\"elementor-element elementor-element-1b6c6ec e-con-full e-flex e-con e-child\" data-id=\"1b6c6ec\" data-element_type=\"container\" data-e-type=\"container\" data-settings=\"{&quot;background_background&quot;:&quot;classic&quot;}\">\n\t\t\t\t<div class=\"elementor-element elementor-element-e2ef929 elementor-widget elementor-widget-heading\" data-id=\"e2ef929\" data-element_type=\"widget\" data-e-type=\"widget\" data-widget_type=\"heading.default\">\n\t\t\t\t\t<h3 class=\"elementor-heading-title elementor-size-default\">Acuerdos<\/h3>\t\t\t\t<\/div>\n\t\t\t\t<div class=\"elementor-element elementor-element-6ba025d elementor-widget__width-initial elementor-widget-tablet__width-inherit elementor-widget elementor-widget-ucaddon_list\" data-id=\"6ba025d\" data-element_type=\"widget\" data-e-type=\"widget\" data-widget_type=\"ucaddon_list.default\">\n\t\t\t\t<div class=\"elementor-widget-container\">\n\t\t\t\t\t\n<!-- start List -->\n\n<style>\/* widget: List *\/\n\n\n\n#uc_list_elementor_6ba025d{\n  display:grid;\n}\n\n#uc_list_elementor_6ba025d .ue-list-item\n{\n  display:flex;\n}\n\n#uc_list_elementor_6ba025d .ue-list-item a{\n  width:100%;\n}\n\n#uc_list_elementor_6ba025d .ue-list-item-image img\n{\n  max-width:100%;\n}\n#uc_list_elementor_6ba025d .ue-list-item-text *{\n  margin-bottom:0px;\n}\n\n#uc_list_elementor_6ba025d .ue-list-item-index\n{\n  flex-grow:0;\n  flex-shrink:0;\n  display:flex;\n  align-items:center;\n  justify-content:center;\n  line-height:1em;\n}\n\n#uc_list_elementor_6ba025d .ue-list-item-index svg\n{\n  height:1em;\n  width:1em;\n}\n\n#uc_list_elementor_6ba025d .ue-list-item-content\n{\n  flex-grow:1;\n}\n\n<\/style>\n\n<div id=\"uc_list_elementor_6ba025d\" class=\"ue-list uc-items-wrapper\"  >\n  <div class=\"ue-list-item elementor-repeater-item-3dbf8ed\">\n  <div class=\"ue-list-item-index\">\n            <i class='fas fa-arrow-right'><\/i>  <\/div>\n  <div class=\"ue-list-item-content\">\n  <a href=\"https:\/\/mtechsystems.io\/es\/blog\/saas-service-level-agreement\/\" >      <h4 class=\"ue-list-item-title\">Acuerdo de Nivel de Servicio SaaS<\/h4>\n           <\/a>  <\/div>\n<\/div>\n\n<\/div>\n<!-- end List -->\t\t\t\t<\/div>\n\t\t\t\t<\/div>\n\t\t\t\t<div class=\"elementor-element elementor-element-d6636e6 elementor-widget elementor-widget-heading\" data-id=\"d6636e6\" data-element_type=\"widget\" data-e-type=\"widget\" data-widget_type=\"heading.default\">\n\t\t\t\t\t<h3 class=\"elementor-heading-title elementor-size-default\">Pol\u00edticas<\/h3>\t\t\t\t<\/div>\n\t\t\t\t<div class=\"elementor-element elementor-element-433c7be elementor-widget__width-initial elementor-widget-tablet__width-inherit elementor-widget elementor-widget-ucaddon_list\" data-id=\"433c7be\" data-element_type=\"widget\" data-e-type=\"widget\" data-widget_type=\"ucaddon_list.default\">\n\t\t\t\t<div class=\"elementor-widget-container\">\n\t\t\t\t\t\n<!-- start List -->\n\n<style>\/* widget: List *\/\n\n\n\n#uc_list_elementor_433c7be{\n  display:grid;\n}\n\n#uc_list_elementor_433c7be .ue-list-item\n{\n  display:flex;\n}\n\n#uc_list_elementor_433c7be .ue-list-item a{\n  width:100%;\n}\n\n#uc_list_elementor_433c7be .ue-list-item-image img\n{\n  max-width:100%;\n}\n#uc_list_elementor_433c7be .ue-list-item-text *{\n  margin-bottom:0px;\n}\n\n#uc_list_elementor_433c7be .ue-list-item-index\n{\n  flex-grow:0;\n  flex-shrink:0;\n  display:flex;\n  align-items:center;\n  justify-content:center;\n  line-height:1em;\n}\n\n#uc_list_elementor_433c7be .ue-list-item-index svg\n{\n  height:1em;\n  width:1em;\n}\n\n#uc_list_elementor_433c7be .ue-list-item-content\n{\n  flex-grow:1;\n}\n\n<\/style>\n\n<div id=\"uc_list_elementor_433c7be\" class=\"ue-list uc-items-wrapper\"  >\n  <div class=\"ue-list-item elementor-repeater-item-3dbf8ed\">\n  <div class=\"ue-list-item-index\">\n            <i class='fas fa-arrow-right'><\/i>  <\/div>\n  <div class=\"ue-list-item-content\">\n  <a href=\"https:\/\/mtechsystems.io\/es\/blog\/mtech-systems-website-privacy-statement-en\/\" >      <h4 class=\"ue-list-item-title\">Declaraci\u00f3n de privacidad del sitio web de MTech Systems (EN)<\/h4>\n           <\/a>  <\/div>\n<\/div>\n<div class=\"ue-list-item elementor-repeater-item-5dadef8\">\n  <div class=\"ue-list-item-index\">\n            <i class='fas fa-arrow-right'><\/i>  <\/div>\n  <div class=\"ue-list-item-content\">\n  <a href=\"https:\/\/mtechsystems.io\/es\/blog\/mtech-sonar-privacy-policy\/\" >      <h4 class=\"ue-list-item-title\">Pol\u00edtica de privacidad de MTech Sonar<\/h4>\n           <\/a>  <\/div>\n<\/div>\n<div class=\"ue-list-item elementor-repeater-item-81183a1\">\n  <div class=\"ue-list-item-index\">\n            <i class='fas fa-arrow-right'><\/i>  <\/div>\n  <div class=\"ue-list-item-content\">\n  <a href=\"https:\/\/mtechsystems.io\/es\/blog\/echolog-privacy-policy\/\" >      <h4 class=\"ue-list-item-title\">Pol\u00edtica de privacidad de EchoLog<\/h4>\n           <\/a>  <\/div>\n<\/div>\n<div class=\"ue-list-item elementor-repeater-item-38786a4\">\n  <div class=\"ue-list-item-index\">\n            <i class='fas fa-arrow-right'><\/i>  <\/div>\n  <div class=\"ue-list-item-content\">\n  <a href=\"https:\/\/mtechsystems.io\/es\/blog\/amino-privacy-notice\/\" >      <h4 class=\"ue-list-item-title\">Aviso de privacidad de Amino<\/h4>\n           <\/a>  <\/div>\n<\/div>\n\n<\/div>\n<!-- end List -->\t\t\t\t<\/div>\n\t\t\t\t<\/div>\n\t\t\t\t<\/div>\n\t\t\t\t\t<\/div>\n\t\t\t\t<\/div>\n\t\t\t\t<\/div>","protected":false},"excerpt":{"rendered":"<p>Trust Center At MTech Systems, we understand the elevated cyber risk present in all supply chain-related industries. We hold ourselves to the highest possible cybersecurity standards to keep our data and our customers&#8217; data secure. Compliance certifications We procure the latest cybersecurity certifications and trainings to serve a reliable and secure platform to all of [&hellip;]<\/p>\n","protected":false},"author":1,"featured_media":0,"parent":0,"menu_order":0,"comment_status":"closed","ping_status":"closed","template":"elementor_header_footer","meta":{"content-type":"","footnotes":""},"class_list":["post-19843","page","type-page","status-publish","hentry"],"_links":{"self":[{"href":"https:\/\/mtechsystems.io\/es\/wp-json\/wp\/v2\/pages\/19843","targetHints":{"allow":["GET"]}}],"collection":[{"href":"https:\/\/mtechsystems.io\/es\/wp-json\/wp\/v2\/pages"}],"about":[{"href":"https:\/\/mtechsystems.io\/es\/wp-json\/wp\/v2\/types\/page"}],"author":[{"embeddable":true,"href":"https:\/\/mtechsystems.io\/es\/wp-json\/wp\/v2\/users\/1"}],"replies":[{"embeddable":true,"href":"https:\/\/mtechsystems.io\/es\/wp-json\/wp\/v2\/comments?post=19843"}],"version-history":[{"count":64,"href":"https:\/\/mtechsystems.io\/es\/wp-json\/wp\/v2\/pages\/19843\/revisions"}],"predecessor-version":[{"id":32711,"href":"https:\/\/mtechsystems.io\/es\/wp-json\/wp\/v2\/pages\/19843\/revisions\/32711"}],"wp:attachment":[{"href":"https:\/\/mtechsystems.io\/es\/wp-json\/wp\/v2\/media?parent=19843"}],"curies":[{"name":"wp","href":"https:\/\/api.w.org\/{rel}","templated":true}]}}