{"id":22567,"date":"2023-06-28T11:04:02","date_gmt":"2023-06-28T15:04:02","guid":{"rendered":"https:\/\/mtechsystems.io\/?page_id=22567"},"modified":"2024-07-17T15:24:08","modified_gmt":"2024-07-17T19:24:08","slug":"danny-rotherham","status":"publish","type":"page","link":"https:\/\/mtechsystems.io\/es\/linktree\/danny-rotherham\/","title":{"rendered":"Danny Rotherham"},"content":{"rendered":"<div data-elementor-type=\"wp-page\" data-elementor-id=\"22567\" class=\"elementor elementor-22567\" data-elementor-post-type=\"page\">\n\t\t\t\t<div class=\"elementor-element elementor-element-43e9505e e-con-full e-flex e-con e-parent\" data-id=\"43e9505e\" data-element_type=\"container\" data-e-type=\"container\">\n\t\t<div class=\"elementor-element elementor-element-7d0e12a4 e-con-full e-flex e-con e-child\" data-id=\"7d0e12a4\" data-element_type=\"container\" data-e-type=\"container\">\n\t\t\t\t<div class=\"elementor-element elementor-element-7e820361 elementor-widget__width-initial elementor-widget elementor-widget-image\" data-id=\"7e820361\" data-element_type=\"widget\" data-e-type=\"widget\" data-widget_type=\"image.default\">\n\t\t\t\t\t\t\t\t\t\t\t\t\t\t\t<img fetchpriority=\"high\" decoding=\"async\" width=\"725\" height=\"1024\" src=\"https:\/\/mtechsystems.io\/wp-content\/uploads\/2024\/05\/headshot-danny-rotherham-new-1-725x1024.png\" class=\"attachment-large size-large wp-image-28616\" alt=\"\" srcset=\"https:\/\/mtechsystems.io\/wp-content\/uploads\/2024\/05\/headshot-danny-rotherham-new-1-725x1024.png 725w, https:\/\/mtechsystems.io\/wp-content\/uploads\/2024\/05\/headshot-danny-rotherham-new-1-212x300.png 212w, https:\/\/mtechsystems.io\/wp-content\/uploads\/2024\/05\/headshot-danny-rotherham-new-1-768x1084.png 768w, https:\/\/mtechsystems.io\/wp-content\/uploads\/2024\/05\/headshot-danny-rotherham-new-1-1088x1536.png 1088w, https:\/\/mtechsystems.io\/wp-content\/uploads\/2024\/05\/headshot-danny-rotherham-new-1-1450x2048.png 1450w, https:\/\/mtechsystems.io\/wp-content\/uploads\/2024\/05\/headshot-danny-rotherham-new-1.png 1796w\" sizes=\"(max-width: 725px) 100vw, 725px\" \/>\t\t\t\t\t\t\t\t\t\t\t\t\t\t\t<\/div>\n\t\t\t\t<div class=\"elementor-element elementor-element-2709ed19 elementor-widget__width-initial elementor-widget elementor-widget-heading\" data-id=\"2709ed19\" data-element_type=\"widget\" data-e-type=\"widget\" data-widget_type=\"heading.default\">\n\t\t\t\t\t<h6 class=\"elementor-heading-title elementor-size-default\">Hablemos<\/h6>\t\t\t\t<\/div>\n\t\t\t\t<div class=\"elementor-element elementor-element-d08bbcb elementor-shape-circle elementor-widget__width-initial elementor-grid-0 e-grid-align-center elementor-widget elementor-widget-social-icons\" data-id=\"d08bbcb\" data-element_type=\"widget\" data-e-type=\"widget\" data-widget_type=\"social-icons.default\">\n\t\t\t\t\t\t\t<div class=\"elementor-social-icons-wrapper elementor-grid\" role=\"list\">\n\t\t\t\t\t\t\t<span class=\"elementor-grid-item\" role=\"listitem\">\n\t\t\t\t\t<a class=\"elementor-icon elementor-social-icon elementor-social-icon-linkedin elementor-repeater-item-563bce6\" href=\"https:\/\/uk.linkedin.com\/in\/danny-rotherham-0705ab27\" target=\"_blank\">\n\t\t\t\t\t\t<span class=\"elementor-screen-only\">Linkedin<\/span>\n\t\t\t\t\t\t<svg aria-hidden=\"true\" class=\"e-font-icon-svg e-fab-linkedin\" viewbox=\"0 0 448 512\" xmlns=\"http:\/\/www.w3.org\/2000\/svg\"><path d=\"M416 32H31.9C14.3 32 0 46.5 0 64.3v383.4C0 465.5 14.3 480 31.9 480H416c17.6 0 32-14.5 32-32.3V64.3c0-17.8-14.4-32.3-32-32.3zM135.4 416H69V202.2h66.5V416zm-33.2-243c-21.3 0-38.5-17.3-38.5-38.5S80.9 96 102.2 96c21.2 0 38.5 17.3 38.5 38.5 0 21.3-17.2 38.5-38.5 38.5zm282.1 243h-66.4V312c0-24.8-.5-56.7-34.5-56.7-34.6 0-39.9 27-39.9 54.9V416h-66.4V202.2h63.7v29.2h.9c8.9-16.8 30.6-34.5 62.9-34.5 67.2 0 79.7 44.3 79.7 101.9V416z\"><\/path><\/svg>\t\t\t\t\t<\/a>\n\t\t\t\t<\/span>\n\t\t\t\t\t\t\t<span class=\"elementor-grid-item\" role=\"listitem\">\n\t\t\t\t\t<a class=\"elementor-icon elementor-social-icon elementor-social-icon-envelope elementor-repeater-item-6877446\" href=\"mailto:%20dannyrotherham@mtech-systems.com\" target=\"_blank\">\n\t\t\t\t\t\t<span class=\"elementor-screen-only\">Sobre<\/span>\n\t\t\t\t\t\t<svg aria-hidden=\"true\" class=\"e-font-icon-svg e-fas-envelope\" viewbox=\"0 0 512 512\" xmlns=\"http:\/\/www.w3.org\/2000\/svg\"><path d=\"M502.3 190.8c3.9-3.1 9.7-.2 9.7 4.7V400c0 26.5-21.5 48-48 48H48c-26.5 0-48-21.5-48-48V195.6c0-5 5.7-7.8 9.7-4.7 22.4 17.4 52.1 39.5 154.1 113.6 21.1 15.4 56.7 47.8 92.2 47.6 35.7.3 72-32.8 92.3-47.6 102-74.1 131.6-96.3 154-113.7zM256 320c23.2.4 56.6-29.2 73.4-41.4 132.7-96.3 142.8-104.7 173.4-128.7 5.8-4.5 9.2-11.5 9.2-18.9v-19c0-26.5-21.5-48-48-48H48C21.5 64 0 85.5 0 112v19c0 7.4 3.4 14.3 9.2 18.9 30.6 23.9 40.7 32.4 173.4 128.7 16.8 12.2 50.2 41.8 73.4 41.4z\"><\/path><\/svg>\t\t\t\t\t<\/a>\n\t\t\t\t<\/span>\n\t\t\t\t\t\t\t<span class=\"elementor-grid-item\" role=\"listitem\">\n\t\t\t\t\t<a class=\"elementor-icon elementor-social-icon elementor-social-icon-calendar-alt elementor-repeater-item-3186cf8\" href=\"https:\/\/meetings.hubspot.com\/danny-rotherham\" target=\"_blank\">\n\t\t\t\t\t\t<span class=\"elementor-screen-only\">Calendario-alt<\/span>\n\t\t\t\t\t\t<svg aria-hidden=\"true\" class=\"e-font-icon-svg e-far-calendar-alt\" viewbox=\"0 0 448 512\" xmlns=\"http:\/\/www.w3.org\/2000\/svg\"><path d=\"M148 288h-40c-6.6 0-12-5.4-12-12v-40c0-6.6 5.4-12 12-12h40c6.6 0 12 5.4 12 12v40c0 6.6-5.4 12-12 12zm108-12v-40c0-6.6-5.4-12-12-12h-40c-6.6 0-12 5.4-12 12v40c0 6.6 5.4 12 12 12h40c6.6 0 12-5.4 12-12zm96 0v-40c0-6.6-5.4-12-12-12h-40c-6.6 0-12 5.4-12 12v40c0 6.6 5.4 12 12 12h40c6.6 0 12-5.4 12-12zm-96 96v-40c0-6.6-5.4-12-12-12h-40c-6.6 0-12 5.4-12 12v40c0 6.6 5.4 12 12 12h40c6.6 0 12-5.4 12-12zm-96 0v-40c0-6.6-5.4-12-12-12h-40c-6.6 0-12 5.4-12 12v40c0 6.6 5.4 12 12 12h40c6.6 0 12-5.4 12-12zm192 0v-40c0-6.6-5.4-12-12-12h-40c-6.6 0-12 5.4-12 12v40c0 6.6 5.4 12 12 12h40c6.6 0 12-5.4 12-12zm96-260v352c0 26.5-21.5 48-48 48H48c-26.5 0-48-21.5-48-48V112c0-26.5 21.5-48 48-48h48V12c0-6.6 5.4-12 12-12h40c6.6 0 12 5.4 12 12v52h128V12c0-6.6 5.4-12 12-12h40c6.6 0 12 5.4 12 12v52h48c26.5 0 48 21.5 48 48zm-48 346V160H48v298c0 3.3 2.7 6 6 6h340c3.3 0 6-2.7 6-6z\"><\/path><\/svg>\t\t\t\t\t<\/a>\n\t\t\t\t<\/span>\n\t\t\t\t\t<\/div>\n\t\t\t\t\t\t<\/div>\n\t\t\t\t<\/div>\n\t\t<div class=\"elementor-element elementor-element-4864bdd5 e-con-full e-flex e-con e-child\" data-id=\"4864bdd5\" data-element_type=\"container\" data-e-type=\"container\">\n\t\t\t\t<div class=\"elementor-element elementor-element-5a1d3fdc elementor-widget__width-initial elementor-widget-mobile__width-initial elementor-widget elementor-widget-icon-box\" data-id=\"5a1d3fdc\" data-element_type=\"widget\" data-e-type=\"widget\" data-widget_type=\"icon-box.default\">\n\t\t\t\t\t\t\t<div class=\"elementor-icon-box-wrapper\">\n\n\t\t\t\n\t\t\t\t\t\t<div class=\"elementor-icon-box-content\">\n\n\t\t\t\t\t\t\t\t\t<h1 class=\"elementor-icon-box-title\">\n\t\t\t\t\t\t<span  >\n\t\t\t\t\t\t\tDanny Rotherham \t\t\t\t\t\t<\/span>\n\t\t\t\t\t<\/h1>\n\t\t\t\t\n\t\t\t\t\t\t\t\t\t<p class=\"elementor-icon-box-description\">\n\t\t\t\t\t\tGerente de ventas, Europa\t\t\t\t\t<\/p>\n\t\t\t\t\n\t\t\t<\/div>\n\t\t\t\n\t\t<\/div>\n\t\t\t\t\t\t<\/div>\n\t\t\t\t<div class=\"elementor-element elementor-element-c2fd586 elementor-widget__width-initial elementor-widget elementor-widget-text-editor\" data-id=\"c2fd586\" data-element_type=\"widget\" data-e-type=\"widget\" data-widget_type=\"text-editor.default\">\n\t\t\t\t\t\t\t\t\tM\u00e1s de 30 a\u00f1os de experiencia en el sector av\u00edcola, donde ha trabajado en varias grandes empresas av\u00edcolas del Reino Unido y Europa, encarg\u00e1ndose de la gesti\u00f3n de pavos, reproductores, pollos de engorde e incubadoras. Actualmente es director de ventas para Europa de MTech Systems, donde aporta su experiencia en gesti\u00f3n de proyectos, optimizaci\u00f3n de procesos empresariales, excelencia operativa y elaboraci\u00f3n de informes de gesti\u00f3n.\t\t\t\t\t\t\t\t<\/div>\n\t\t<div class=\"elementor-element elementor-element-522d16e3 e-con-full e-flex e-con e-child\" data-id=\"522d16e3\" data-element_type=\"container\" data-e-type=\"container\">\n\t\t\t\t<div class=\"elementor-element elementor-element-714d0039 elementor-widget elementor-widget-heading\" data-id=\"714d0039\" data-element_type=\"widget\" data-e-type=\"widget\" data-widget_type=\"heading.default\">\n\t\t\t\t\t<h4 class=\"elementor-heading-title elementor-size-default\">Recursos recomendados por Danny<\/h4>\t\t\t\t<\/div>\n\t\t<div class=\"elementor-element elementor-element-3975f42 e-con-full e-flex e-con e-child\" data-id=\"3975f42\" data-element_type=\"container\" data-e-type=\"container\">\n\t\t\t\t<div class=\"elementor-element elementor-element-4f47b45 elementor-widget__width-initial elementor-widget elementor-widget-image\" data-id=\"4f47b45\" data-element_type=\"widget\" data-e-type=\"widget\" data-widget_type=\"image.default\">\n\t\t\t\t\t\t\t\t\t\t\t\t\t\t\t\t<a href=\"https:\/\/hubs.ly\/Q02x0LrJ0\">\n\t\t\t\t\t\t\t<img decoding=\"async\" width=\"720\" height=\"720\" src=\"https:\/\/mtechsystems.io\/wp-content\/uploads\/2024\/05\/Harnessing_innovation.png\" class=\"attachment-large size-large wp-image-28555\" alt=\"\" srcset=\"https:\/\/mtechsystems.io\/wp-content\/uploads\/2024\/05\/Harnessing_innovation.png 720w, https:\/\/mtechsystems.io\/wp-content\/uploads\/2024\/05\/Harnessing_innovation-300x300.png 300w, https:\/\/mtechsystems.io\/wp-content\/uploads\/2024\/05\/Harnessing_innovation-150x150.png 150w\" sizes=\"(max-width: 720px) 100vw, 720px\" \/>\t\t\t\t\t\t\t\t<\/a>\n\t\t\t\t\t\t\t\t\t\t\t\t\t\t\t<\/div>\n\t\t\t\t<div class=\"elementor-element elementor-element-c8a8629 elementor-widget__width-initial elementor-widget elementor-widget-image\" data-id=\"c8a8629\" data-element_type=\"widget\" data-e-type=\"widget\" data-widget_type=\"image.default\">\n\t\t\t\t\t\t\t\t\t\t\t\t\t\t\t\t<a href=\"https:\/\/hubs.ly\/Q02x0LJn0\">\n\t\t\t\t\t\t\t<img decoding=\"async\" width=\"720\" height=\"720\" src=\"https:\/\/mtechsystems.io\/wp-content\/uploads\/2024\/05\/The_adventages_of_a_Cloud.png\" class=\"attachment-large size-large wp-image-28556\" alt=\"\" srcset=\"https:\/\/mtechsystems.io\/wp-content\/uploads\/2024\/05\/The_adventages_of_a_Cloud.png 720w, https:\/\/mtechsystems.io\/wp-content\/uploads\/2024\/05\/The_adventages_of_a_Cloud-300x300.png 300w, https:\/\/mtechsystems.io\/wp-content\/uploads\/2024\/05\/The_adventages_of_a_Cloud-150x150.png 150w\" sizes=\"(max-width: 720px) 100vw, 720px\" \/>\t\t\t\t\t\t\t\t<\/a>\n\t\t\t\t\t\t\t\t\t\t\t\t\t\t\t<\/div>\n\t\t\t\t<div class=\"elementor-element elementor-element-51c36b8 elementor-widget__width-initial elementor-widget elementor-widget-image\" data-id=\"51c36b8\" data-element_type=\"widget\" data-e-type=\"widget\" data-widget_type=\"image.default\">\n\t\t\t\t\t\t\t\t\t\t\t\t\t\t\t\t<a href=\"https:\/\/hubs.ly\/Q02x0M4b0\">\n\t\t\t\t\t\t\t<img loading=\"lazy\" decoding=\"async\" width=\"720\" height=\"720\" src=\"https:\/\/mtechsystems.io\/wp-content\/uploads\/2024\/05\/The-Innovative-Platform-for-Connecting-your-farm-03.png\" class=\"attachment-large size-large wp-image-28557\" alt=\"\" srcset=\"https:\/\/mtechsystems.io\/wp-content\/uploads\/2024\/05\/The-Innovative-Platform-for-Connecting-your-farm-03.png 720w, https:\/\/mtechsystems.io\/wp-content\/uploads\/2024\/05\/The-Innovative-Platform-for-Connecting-your-farm-03-300x300.png 300w, https:\/\/mtechsystems.io\/wp-content\/uploads\/2024\/05\/The-Innovative-Platform-for-Connecting-your-farm-03-150x150.png 150w\" sizes=\"(max-width: 720px) 100vw, 720px\" \/>\t\t\t\t\t\t\t\t<\/a>\n\t\t\t\t\t\t\t\t\t\t\t\t\t\t\t<\/div>\n\t\t\t\t<div class=\"elementor-element elementor-element-78a0aef elementor-widget__width-initial elementor-widget elementor-widget-image\" data-id=\"78a0aef\" data-element_type=\"widget\" data-e-type=\"widget\" data-widget_type=\"image.default\">\n\t\t\t\t\t\t\t\t\t\t\t\t\t\t\t\t<a href=\"https:\/\/hubs.ly\/Q02x0LZ10\">\n\t\t\t\t\t\t\t<img loading=\"lazy\" decoding=\"async\" width=\"720\" height=\"720\" src=\"https:\/\/mtechsystems.io\/wp-content\/uploads\/2024\/05\/Using-amino-yo-connect-your-whole-poultry-organization-02.png\" class=\"attachment-large size-large wp-image-28558\" alt=\"\" srcset=\"https:\/\/mtechsystems.io\/wp-content\/uploads\/2024\/05\/Using-amino-yo-connect-your-whole-poultry-organization-02.png 720w, https:\/\/mtechsystems.io\/wp-content\/uploads\/2024\/05\/Using-amino-yo-connect-your-whole-poultry-organization-02-300x300.png 300w, https:\/\/mtechsystems.io\/wp-content\/uploads\/2024\/05\/Using-amino-yo-connect-your-whole-poultry-organization-02-150x150.png 150w\" sizes=\"(max-width: 720px) 100vw, 720px\" \/>\t\t\t\t\t\t\t\t<\/a>\n\t\t\t\t\t\t\t\t\t\t\t\t\t\t\t<\/div>\n\t\t\t\t<\/div>\n\t\t\t\t<\/div>\n\t\t\t\t<\/div>\n\t\t\t\t<\/div>\n\t\t\t\t<\/div>","protected":false},"excerpt":{"rendered":"<p>Let&#8217;s chat Linkedin Envelope Calendar-alt Danny Rotherham Sales Manager, Europe 30+ years in the poultry industry, worked in several large poultry companies in the UK &#038; Europe managing turkeys, breeders, broilers and hatcheries. Now European Sales Manager for MTech Systems, offering expertise in project management, business process optimisation, operational excellence and delivery of management reporting. [&hellip;]<\/p>\n","protected":false},"author":2,"featured_media":0,"parent":8776,"menu_order":0,"comment_status":"closed","ping_status":"closed","template":"elementor_canvas","meta":{"content-type":"","footnotes":""},"class_list":["post-22567","page","type-page","status-publish","hentry"],"_links":{"self":[{"href":"https:\/\/mtechsystems.io\/es\/wp-json\/wp\/v2\/pages\/22567","targetHints":{"allow":["GET"]}}],"collection":[{"href":"https:\/\/mtechsystems.io\/es\/wp-json\/wp\/v2\/pages"}],"about":[{"href":"https:\/\/mtechsystems.io\/es\/wp-json\/wp\/v2\/types\/page"}],"author":[{"embeddable":true,"href":"https:\/\/mtechsystems.io\/es\/wp-json\/wp\/v2\/users\/2"}],"replies":[{"embeddable":true,"href":"https:\/\/mtechsystems.io\/es\/wp-json\/wp\/v2\/comments?post=22567"}],"version-history":[{"count":108,"href":"https:\/\/mtechsystems.io\/es\/wp-json\/wp\/v2\/pages\/22567\/revisions"}],"predecessor-version":[{"id":29704,"href":"https:\/\/mtechsystems.io\/es\/wp-json\/wp\/v2\/pages\/22567\/revisions\/29704"}],"up":[{"embeddable":true,"href":"https:\/\/mtechsystems.io\/es\/wp-json\/wp\/v2\/pages\/8776"}],"wp:attachment":[{"href":"https:\/\/mtechsystems.io\/es\/wp-json\/wp\/v2\/media?parent=22567"}],"curies":[{"name":"wp","href":"https:\/\/api.w.org\/{rel}","templated":true}]}}