{"id":24678,"date":"2023-09-14T13:08:32","date_gmt":"2023-09-14T17:08:32","guid":{"rendered":"https:\/\/mtechsystems.io\/?page_id=24678"},"modified":"2025-10-29T14:52:34","modified_gmt":"2025-10-29T18:52:34","slug":"careers","status":"publish","type":"page","link":"https:\/\/mtechsystems.io\/es\/careers\/","title":{"rendered":"Empleos"},"content":{"rendered":"<div data-elementor-type=\"wp-page\" data-elementor-id=\"24678\" class=\"elementor elementor-24678\" data-elementor-post-type=\"page\">\n\t\t\t\t<div class=\"elementor-element elementor-element-394f8001 e-flex e-con-boxed e-con e-parent\" data-id=\"394f8001\" data-element_type=\"container\" data-e-type=\"container\" data-settings=\"{&quot;background_background&quot;:&quot;classic&quot;}\">\n\t\t\t\t\t<div class=\"e-con-inner\">\n\t\t<div class=\"elementor-element elementor-element-7cfeb47d e-flex e-con-boxed e-con e-child\" data-id=\"7cfeb47d\" data-element_type=\"container\" data-e-type=\"container\" data-settings=\"{&quot;background_background&quot;:&quot;gradient&quot;}\">\n\t\t\t\t\t<div class=\"e-con-inner\">\n\t\t\t\t<div class=\"elementor-element elementor-element-11ac26a1 elementor-widget elementor-widget-heading\" data-id=\"11ac26a1\" data-element_type=\"widget\" data-e-type=\"widget\" data-widget_type=\"heading.default\">\n\t\t\t\t\t<h1 class=\"elementor-heading-title elementor-size-default\">\u00danete a nuestro equipo de primer nivel<\/h1>\t\t\t\t<\/div>\n\t\t\t\t<div class=\"elementor-element elementor-element-178ba57e elementor-widget__width-initial elementor-widget elementor-widget-text-editor\" data-id=\"178ba57e\" data-element_type=\"widget\" data-e-type=\"widget\" data-widget_type=\"text-editor.default\">\n\t\t\t\t\t\t\t\t\t\u00a1Acepta retos \u00fanicos, aporta tu talento al sector de la tecnolog\u00eda alimentaria y ayuda a alimentar al mundo!\t\t\t\t\t\t\t\t<\/div>\n\t\t\t\t\t<\/div>\n\t\t\t\t<\/div>\n\t\t\t\t\t<\/div>\n\t\t\t\t<\/div>\n\t\t<div class=\"elementor-element elementor-element-5b407c6e e-flex e-con-boxed e-con e-parent\" data-id=\"5b407c6e\" data-element_type=\"container\" data-e-type=\"container\">\n\t\t\t\t\t<div class=\"e-con-inner\">\n\t\t\t\t<div class=\"elementor-element elementor-element-470ccd1d elementor-widget elementor-widget-html\" data-id=\"470ccd1d\" data-element_type=\"widget\" data-e-type=\"widget\" data-widget_type=\"html.default\">\n\t\t\t\t\t<div id=\"cr-main-widget\" data-org_name=\"mtech\" data-config=\"pw_ShowOnly=all;pw_ShowJobsAs=list;pw_GroupJobsBy=none;pw_ShowLocationFilter=false;pw_ShowTagsFilter=false;pw_HyperlinksOpenAs=_parent;\"><\/div> <script type=\"text\/javascript\" src=\"https:\/\/app.crelate.com\/dist\/candidateportal\/libs-widget.all.min.js?v=1761763309\"><\/script>\t\t\t\t<\/div>\n\t\t\t\t\t<\/div>\n\t\t\t\t<\/div>\n\t\t\t\t<\/div>","protected":false},"excerpt":{"rendered":"<p>\u00a1\u00danete a nuestro equipo de talla mundial! Acepta desaf\u00edos \u00fanicos, aporta tu talento al espacio FoodTech y ayuda a alimentar al mundo.<\/p>","protected":false},"author":2,"featured_media":23336,"parent":0,"menu_order":0,"comment_status":"closed","ping_status":"closed","template":"","meta":{"content-type":"","footnotes":""},"class_list":["post-24678","page","type-page","status-publish","has-post-thumbnail","hentry"],"_links":{"self":[{"href":"https:\/\/mtechsystems.io\/es\/wp-json\/wp\/v2\/pages\/24678","targetHints":{"allow":["GET"]}}],"collection":[{"href":"https:\/\/mtechsystems.io\/es\/wp-json\/wp\/v2\/pages"}],"about":[{"href":"https:\/\/mtechsystems.io\/es\/wp-json\/wp\/v2\/types\/page"}],"author":[{"embeddable":true,"href":"https:\/\/mtechsystems.io\/es\/wp-json\/wp\/v2\/users\/2"}],"replies":[{"embeddable":true,"href":"https:\/\/mtechsystems.io\/es\/wp-json\/wp\/v2\/comments?post=24678"}],"version-history":[{"count":8,"href":"https:\/\/mtechsystems.io\/es\/wp-json\/wp\/v2\/pages\/24678\/revisions"}],"predecessor-version":[{"id":32961,"href":"https:\/\/mtechsystems.io\/es\/wp-json\/wp\/v2\/pages\/24678\/revisions\/32961"}],"wp:featuredmedia":[{"embeddable":true,"href":"https:\/\/mtechsystems.io\/es\/wp-json\/wp\/v2\/media\/23336"}],"wp:attachment":[{"href":"https:\/\/mtechsystems.io\/es\/wp-json\/wp\/v2\/media?parent=24678"}],"curies":[{"name":"wp","href":"https:\/\/api.w.org\/{rel}","templated":true}]}}