{"id":27813,"date":"2024-04-04T15:31:46","date_gmt":"2024-04-04T19:31:46","guid":{"rendered":"https:\/\/mtechsystems.io\/?page_id=27813"},"modified":"2025-06-02T17:59:59","modified_gmt":"2025-06-02T21:59:59","slug":"demo","status":"publish","type":"page","link":"https:\/\/mtechsystems.io\/es\/demo\/","title":{"rendered":"Demostraci\u00f3n"},"content":{"rendered":"<div data-elementor-type=\"wp-page\" data-elementor-id=\"27813\" class=\"elementor elementor-27813\" data-elementor-post-type=\"page\">\n\t\t\t\t<div class=\"elementor-element elementor-element-1e7076ac e-flex e-con-boxed e-con e-parent\" data-id=\"1e7076ac\" data-element_type=\"container\" data-e-type=\"container\" data-settings=\"{&quot;background_background&quot;:&quot;classic&quot;}\">\n\t\t\t\t\t<div class=\"e-con-inner\">\n\t\t<div class=\"elementor-element elementor-element-51de5ac4 e-con-full e-flex e-con e-child\" data-id=\"51de5ac4\" data-element_type=\"container\" data-e-type=\"container\" data-settings=\"{&quot;background_background&quot;:&quot;gradient&quot;,&quot;animation&quot;:&quot;none&quot;,&quot;animation_mobile&quot;:&quot;none&quot;}\">\n\t\t\t\t<div class=\"elementor-element elementor-element-3c48bcf7 elementor-cta--skin-classic elementor-animated-content elementor-bg-transform elementor-bg-transform-zoom-in elementor-widget elementor-widget-call-to-action\" data-id=\"3c48bcf7\" data-element_type=\"widget\" data-e-type=\"widget\" data-widget_type=\"call-to-action.default\">\n\t\t\t\t\t\t\t<div class=\"elementor-cta\">\n\t\t\t\t\t\t\t<div class=\"elementor-cta__content\">\n\t\t\t\t\n\t\t\t\t\t\t\t\t\t<h2 class=\"elementor-cta__title elementor-cta__content-item elementor-content-item\">\n\t\t\t\t\t\tReserva una demostraci\u00f3n personalizada\t\t\t\t\t<\/h2>\n\t\t\t\t\n\t\t\t\t\t\t\t\t\t<div class=\"elementor-cta__description elementor-cta__content-item elementor-content-item\">\n\t\t\t\t\t\tP\u00f3ngase en contacto directamente con nuestro equipo y descubra c\u00f3mo MTech Systems<br>puede ayudarte a gestionar y hacer crecer tu negocio.\t\t\t\t\t<\/div>\n\t\t\t\t\n\t\t\t\t\t\t\t\t\t<div class=\"elementor-cta__button-wrapper elementor-cta__content-item elementor-content-item\">\n\t\t\t\t\t<a class=\"elementor-cta__button elementor-button elementor-size-\" href=\"https:\/\/mtechsystems.io\/es\/demo\/request\/\">\n\t\t\t\t\t\tReservar una demostraci\u00f3n\t\t\t\t\t<\/a>\n\t\t\t\t\t<\/div>\n\t\t\t\t\t\t\t<\/div>\n\t\t\t\t\t\t<\/div>\n\t\t\t\t\t\t<\/div>\n\t\t\t\t<div class=\"elementor-element elementor-element-3ae2d7c elementor-absolute elementor-widget__width-initial elementor-widget-mobile__width-inherit elementor-widget elementor-widget-image\" data-id=\"3ae2d7c\" data-element_type=\"widget\" data-e-type=\"widget\" data-settings=\"{&quot;_position&quot;:&quot;absolute&quot;}\" data-widget_type=\"image.default\">\n\t\t\t\t\t\t\t\t\t\t\t\t\t\t\t<img fetchpriority=\"high\" decoding=\"async\" width=\"294\" height=\"300\" src=\"https:\/\/mtechsystems.io\/wp-content\/uploads\/2024\/01\/Artboard-2@2x-1-294x300.webp\" class=\"attachment-medium size-medium wp-image-26933\" alt=\"\" srcset=\"https:\/\/mtechsystems.io\/wp-content\/uploads\/2024\/01\/Artboard-2@2x-1-294x300.webp 294w, https:\/\/mtechsystems.io\/wp-content\/uploads\/2024\/01\/Artboard-2@2x-1.webp 765w\" sizes=\"(max-width: 294px) 100vw, 294px\" \/>\t\t\t\t\t\t\t\t\t\t\t\t\t\t\t<\/div>\n\t\t\t\t<\/div>\n\t\t<div class=\"elementor-element elementor-element-40f662e8 e-con-full e-flex e-con e-child\" data-id=\"40f662e8\" data-element_type=\"container\" data-e-type=\"container\" data-settings=\"{&quot;background_background&quot;:&quot;classic&quot;,&quot;animation&quot;:&quot;none&quot;,&quot;animation_delay&quot;:0,&quot;animation_mobile&quot;:&quot;none&quot;}\">\n\t\t\t\t<div class=\"elementor-element elementor-element-2810e59c elementor-widget__width-initial elementor-widget-tablet__width-inherit elementor-cta--skin-classic elementor-animated-content elementor-bg-transform elementor-bg-transform-zoom-in elementor-widget elementor-widget-call-to-action\" data-id=\"2810e59c\" data-element_type=\"widget\" data-e-type=\"widget\" data-widget_type=\"call-to-action.default\">\n\t\t\t\t\t\t\t<div class=\"elementor-cta\">\n\t\t\t\t\t\t\t<div class=\"elementor-cta__content\">\n\t\t\t\t\n\t\t\t\t\t\t\t\t\t<h2 class=\"elementor-cta__title elementor-cta__content-item elementor-content-item\">\n\t\t\t\t\t\tEcha un vistazo a <br>An\u00e1lisis en profundidad\t\t\t\t\t<\/h2>\n\t\t\t\t\n\t\t\t\t\t\t\t\t\t<div class=\"elementor-cta__description elementor-cta__content-item elementor-content-item\">\n\t\t\t\t\t\tDescubre por qu\u00e9 los mejores productores<br>se est\u00e1n pasando a MTech Systems.\t\t\t\t\t<\/div>\n\t\t\t\t\n\t\t\t\t\t\t\t\t\t<div class=\"elementor-cta__button-wrapper elementor-cta__content-item elementor-content-item\">\n\t\t\t\t\t<a class=\"elementor-cta__button elementor-button elementor-size-\">\n\t\t\t\t\t\tPr\u00f3ximamente\t\t\t\t\t<\/a>\n\t\t\t\t\t<\/div>\n\t\t\t\t\t\t\t<\/div>\n\t\t\t\t\t\t<\/div>\n\t\t\t\t\t\t<\/div>\n\t\t\t\t<div class=\"elementor-element elementor-element-5474a560 elementor-widget__width-initial elementor-absolute elementor-hidden-tablet elementor-hidden-mobile elementor-widget elementor-widget-image\" data-id=\"5474a560\" data-element_type=\"widget\" data-e-type=\"widget\" data-settings=\"{&quot;_position&quot;:&quot;absolute&quot;}\" data-widget_type=\"image.default\">\n\t\t\t\t\t\t\t\t\t\t\t\t\t\t\t<img decoding=\"async\" width=\"768\" height=\"1483\" src=\"https:\/\/mtechsystems.io\/wp-content\/uploads\/2023\/10\/mock-amino-phone-solid-768x1483.webp\" class=\"attachment-medium_large size-medium_large wp-image-25320\" alt=\"\" srcset=\"https:\/\/mtechsystems.io\/wp-content\/uploads\/2023\/10\/mock-amino-phone-solid-768x1483.webp 768w, https:\/\/mtechsystems.io\/wp-content\/uploads\/2023\/10\/mock-amino-phone-solid-155x300.webp 155w, https:\/\/mtechsystems.io\/wp-content\/uploads\/2023\/10\/mock-amino-phone-solid-530x1024.webp 530w, https:\/\/mtechsystems.io\/wp-content\/uploads\/2023\/10\/mock-amino-phone-solid-795x1536.webp 795w, https:\/\/mtechsystems.io\/wp-content\/uploads\/2023\/10\/mock-amino-phone-solid.webp 1034w\" sizes=\"(max-width: 768px) 100vw, 768px\" \/>\t\t\t\t\t\t\t\t\t\t\t\t\t\t\t<\/div>\n\t\t\t\t<\/div>\n\t\t<div class=\"elementor-element elementor-element-3cfbfd78 e-con-full e-flex e-con e-child\" data-id=\"3cfbfd78\" data-element_type=\"container\" data-e-type=\"container\" data-settings=\"{&quot;background_background&quot;:&quot;classic&quot;,&quot;animation&quot;:&quot;none&quot;,&quot;animation_delay&quot;:0,&quot;animation_mobile&quot;:&quot;none&quot;}\">\n\t\t\t\t<div class=\"elementor-element elementor-element-7d6eec00 elementor-view-default elementor-widget elementor-widget-icon\" data-id=\"7d6eec00\" data-element_type=\"widget\" data-e-type=\"widget\" data-widget_type=\"icon.default\">\n\t\t\t\t\t\t\t<div class=\"elementor-icon-wrapper\">\n\t\t\t<div class=\"elementor-icon\">\n\t\t\t<i aria-hidden=\"true\" class=\"icon icon-download\"><\/i>\t\t\t<\/div>\n\t\t<\/div>\n\t\t\t\t\t\t<\/div>\n\t\t\t\t<div class=\"elementor-element elementor-element-3b6c229e elementor-cta--skin-classic elementor-animated-content elementor-bg-transform elementor-bg-transform-zoom-in elementor-widget elementor-widget-call-to-action\" data-id=\"3b6c229e\" data-element_type=\"widget\" data-e-type=\"widget\" data-widget_type=\"call-to-action.default\">\n\t\t\t\t\t\t\t<div class=\"elementor-cta\">\n\t\t\t\t\t\t\t<div class=\"elementor-cta__content\">\n\t\t\t\t\n\t\t\t\t\t\t\t\t\t<h2 class=\"elementor-cta__title elementor-cta__content-item elementor-content-item\">\n\t\t\t\t\t\tDirige el <br>Cargo\t\t\t\t\t<\/h2>\n\t\t\t\t\n\t\t\t\t\t\t\t\t\t<div class=\"elementor-cta__description elementor-cta__content-item elementor-content-item\">\n\t\t\t\t\t\tDescubra las innumerables ventajas de pasarse a un sistema basado en la nube. \t\t\t\t\t<\/div>\n\t\t\t\t\n\t\t\t\t\t\t\t\t\t<div class=\"elementor-cta__button-wrapper elementor-cta__content-item elementor-content-item\">\n\t\t\t\t\t<a class=\"elementor-cta__button elementor-button elementor-size-\" href=\"https:\/\/hubs.ly\/Q02rTzwN0\" target=\"_blank\">\n\t\t\t\t\t\tDescargar gu\u00eda\t\t\t\t\t<\/a>\n\t\t\t\t\t<\/div>\n\t\t\t\t\t\t\t<\/div>\n\t\t\t\t\t\t<\/div>\n\t\t\t\t\t\t<\/div>\n\t\t\t\t<\/div>\n\t\t\t\t\t<\/div>\n\t\t\t\t<\/div>\n\t\t\t\t<\/div>","protected":false},"excerpt":{"rendered":"<p>Reservar una demostraci\u00f3n personalizada. Con\u00e9ctese directamente con nuestro equipo y descubra c\u00f3mo MTech Systems puede ayudarle a administrar y hacer crecer su negocio. Reservar demostraci\u00f3n. Profundice. Descubra por qu\u00e9 los mejores productores est\u00e1n cambiando a MTech Systems. Pr\u00f3ximamente. Liderar el cambio. Descubra las infinitas ventajas de cambiar a un sistema basado en la nube. Descargar gu\u00eda.<\/p>","protected":false},"author":2,"featured_media":28378,"parent":0,"menu_order":0,"comment_status":"closed","ping_status":"closed","template":"","meta":{"content-type":"","footnotes":""},"class_list":["post-27813","page","type-page","status-publish","has-post-thumbnail","hentry"],"yoast_head":"<!-- This site is optimized with the Yoast SEO plugin v27.5 - https:\/\/yoast.com\/product\/yoast-seo-wordpress\/ -->\n<title>Demo - MTech Systems<\/title>\n<meta name=\"robots\" content=\"index, follow, max-snippet:-1, max-image-preview:large, max-video-preview:-1\" \/>\n<link rel=\"canonical\" href=\"https:\/\/mtechsystems.io\/es\/demo\/\" \/>\n<meta property=\"og:locale\" content=\"es_MX\" \/>\n<meta property=\"og:type\" content=\"article\" \/>\n<meta property=\"og:title\" content=\"Demo - MTech Systems\" \/>\n<meta property=\"og:description\" content=\"Book a Personalized Demo Connect directly with our team and find out how MTech Systemscan help you manage and grow your business. Book Demo Take a Deeper Dive Learn why the top producersare switching to MTech Systems. Coming soon Lead the Charge Discover the endless advantages of switching to a cloud-based system. Download Guide\" \/>\n<meta property=\"og:url\" content=\"https:\/\/mtechsystems.io\/es\/demo\/\" \/>\n<meta property=\"og:site_name\" content=\"MTech Systems\" \/>\n<meta property=\"article:modified_time\" content=\"2025-06-02T21:59:59+00:00\" \/>\n<meta property=\"og:image\" content=\"https:\/\/mtechsystems.io\/wp-content\/uploads\/2024\/05\/opengraph-demo.png\" \/>\n\t<meta property=\"og:image:width\" content=\"1200\" \/>\n\t<meta property=\"og:image:height\" content=\"680\" \/>\n\t<meta property=\"og:image:type\" content=\"image\/png\" \/>\n<meta name=\"twitter:card\" content=\"summary_large_image\" \/>\n<meta name=\"twitter:label1\" content=\"Tiempo de lectura\" \/>\n\t<meta name=\"twitter:data1\" content=\"1 minuto\" \/>\n<script type=\"application\/ld+json\" class=\"yoast-schema-graph\">{\"@context\":\"https:\\\/\\\/schema.org\",\"@graph\":[{\"@type\":\"WebPage\",\"@id\":\"https:\\\/\\\/mtechsystems.io\\\/demo\\\/\",\"url\":\"https:\\\/\\\/mtechsystems.io\\\/demo\\\/\",\"name\":\"Demo - MTech Systems\",\"isPartOf\":{\"@id\":\"https:\\\/\\\/mtechsystems.io\\\/#website\"},\"primaryImageOfPage\":{\"@id\":\"https:\\\/\\\/mtechsystems.io\\\/demo\\\/#primaryimage\"},\"image\":{\"@id\":\"https:\\\/\\\/mtechsystems.io\\\/demo\\\/#primaryimage\"},\"thumbnailUrl\":\"https:\\\/\\\/mtechsystems.io\\\/wp-content\\\/uploads\\\/2024\\\/05\\\/opengraph-demo.png\",\"datePublished\":\"2024-04-04T19:31:46+00:00\",\"dateModified\":\"2025-06-02T21:59:59+00:00\",\"breadcrumb\":{\"@id\":\"https:\\\/\\\/mtechsystems.io\\\/demo\\\/#breadcrumb\"},\"inLanguage\":\"es\",\"potentialAction\":[{\"@type\":\"ReadAction\",\"target\":[\"https:\\\/\\\/mtechsystems.io\\\/demo\\\/\"]}]},{\"@type\":\"ImageObject\",\"inLanguage\":\"es\",\"@id\":\"https:\\\/\\\/mtechsystems.io\\\/demo\\\/#primaryimage\",\"url\":\"https:\\\/\\\/mtechsystems.io\\\/wp-content\\\/uploads\\\/2024\\\/05\\\/opengraph-demo.png\",\"contentUrl\":\"https:\\\/\\\/mtechsystems.io\\\/wp-content\\\/uploads\\\/2024\\\/05\\\/opengraph-demo.png\",\"width\":1200,\"height\":680},{\"@type\":\"BreadcrumbList\",\"@id\":\"https:\\\/\\\/mtechsystems.io\\\/demo\\\/#breadcrumb\",\"itemListElement\":[{\"@type\":\"ListItem\",\"position\":1,\"name\":\"Home\",\"item\":\"https:\\\/\\\/mtechsystems.io\\\/\"},{\"@type\":\"ListItem\",\"position\":2,\"name\":\"Demo\"}]},{\"@type\":\"WebSite\",\"@id\":\"https:\\\/\\\/mtechsystems.io\\\/#website\",\"url\":\"https:\\\/\\\/mtechsystems.io\\\/\",\"name\":\"MTech Systems\",\"description\":\"FoodTech Innovation\",\"publisher\":{\"@id\":\"https:\\\/\\\/mtechsystems.io\\\/#organization\"},\"potentialAction\":[{\"@type\":\"SearchAction\",\"target\":{\"@type\":\"EntryPoint\",\"urlTemplate\":\"https:\\\/\\\/mtechsystems.io\\\/?s={search_term_string}\"},\"query-input\":{\"@type\":\"PropertyValueSpecification\",\"valueRequired\":true,\"valueName\":\"search_term_string\"}}],\"inLanguage\":\"es\"},{\"@type\":\"Organization\",\"@id\":\"https:\\\/\\\/mtechsystems.io\\\/#organization\",\"name\":\"MTech Systems\",\"url\":\"https:\\\/\\\/mtechsystems.io\\\/\",\"logo\":{\"@type\":\"ImageObject\",\"inLanguage\":\"es\",\"@id\":\"https:\\\/\\\/mtechsystems.io\\\/#\\\/schema\\\/logo\\\/image\\\/\",\"url\":\"https:\\\/\\\/mtechsystems.io\\\/wp-content\\\/uploads\\\/2020\\\/08\\\/cropped-MTechSystems-logo-blue-small.png\",\"contentUrl\":\"https:\\\/\\\/mtechsystems.io\\\/wp-content\\\/uploads\\\/2020\\\/08\\\/cropped-MTechSystems-logo-blue-small.png\",\"width\":356,\"height\":80,\"caption\":\"MTech Systems\"},\"image\":{\"@id\":\"https:\\\/\\\/mtechsystems.io\\\/#\\\/schema\\\/logo\\\/image\\\/\"}}]}<\/script>\n<!-- \/ Yoast SEO plugin. -->","yoast_head_json":{"title":"Demo - MTech Systems","robots":{"index":"index","follow":"follow","max-snippet":"max-snippet:-1","max-image-preview":"max-image-preview:large","max-video-preview":"max-video-preview:-1"},"canonical":"https:\/\/mtechsystems.io\/es\/demo\/","og_locale":"es_MX","og_type":"article","og_title":"Demo - MTech Systems","og_description":"Book a Personalized Demo Connect directly with our team and find out how MTech Systemscan help you manage and grow your business. Book Demo Take a Deeper Dive Learn why the top producersare switching to MTech Systems. Coming soon Lead the Charge Discover the endless advantages of switching to a cloud-based system. Download Guide","og_url":"https:\/\/mtechsystems.io\/es\/demo\/","og_site_name":"MTech Systems","article_modified_time":"2025-06-02T21:59:59+00:00","og_image":[{"width":1200,"height":680,"url":"https:\/\/mtechsystems.io\/wp-content\/uploads\/2024\/05\/opengraph-demo.png","type":"image\/png"}],"twitter_card":"summary_large_image","twitter_misc":{"Tiempo de lectura":"1 minuto"},"schema":{"@context":"https:\/\/schema.org","@graph":[{"@type":"WebPage","@id":"https:\/\/mtechsystems.io\/demo\/","url":"https:\/\/mtechsystems.io\/demo\/","name":"Demo - MTech Systems","isPartOf":{"@id":"https:\/\/mtechsystems.io\/#website"},"primaryImageOfPage":{"@id":"https:\/\/mtechsystems.io\/demo\/#primaryimage"},"image":{"@id":"https:\/\/mtechsystems.io\/demo\/#primaryimage"},"thumbnailUrl":"https:\/\/mtechsystems.io\/wp-content\/uploads\/2024\/05\/opengraph-demo.png","datePublished":"2024-04-04T19:31:46+00:00","dateModified":"2025-06-02T21:59:59+00:00","breadcrumb":{"@id":"https:\/\/mtechsystems.io\/demo\/#breadcrumb"},"inLanguage":"es","potentialAction":[{"@type":"ReadAction","target":["https:\/\/mtechsystems.io\/demo\/"]}]},{"@type":"ImageObject","inLanguage":"es","@id":"https:\/\/mtechsystems.io\/demo\/#primaryimage","url":"https:\/\/mtechsystems.io\/wp-content\/uploads\/2024\/05\/opengraph-demo.png","contentUrl":"https:\/\/mtechsystems.io\/wp-content\/uploads\/2024\/05\/opengraph-demo.png","width":1200,"height":680},{"@type":"BreadcrumbList","@id":"https:\/\/mtechsystems.io\/demo\/#breadcrumb","itemListElement":[{"@type":"ListItem","position":1,"name":"Home","item":"https:\/\/mtechsystems.io\/"},{"@type":"ListItem","position":2,"name":"Demo"}]},{"@type":"WebSite","@id":"https:\/\/mtechsystems.io\/#website","url":"https:\/\/mtechsystems.io\/","name":"Sistemas MTech","description":"Innovaci\u00f3n en tecnolog\u00eda alimentaria","publisher":{"@id":"https:\/\/mtechsystems.io\/#organization"},"potentialAction":[{"@type":"SearchAction","target":{"@type":"EntryPoint","urlTemplate":"https:\/\/mtechsystems.io\/?s={search_term_string}"},"query-input":{"@type":"PropertyValueSpecification","valueRequired":true,"valueName":"search_term_string"}}],"inLanguage":"es"},{"@type":"Organization","@id":"https:\/\/mtechsystems.io\/#organization","name":"Sistemas MTech","url":"https:\/\/mtechsystems.io\/","logo":{"@type":"ImageObject","inLanguage":"es","@id":"https:\/\/mtechsystems.io\/#\/schema\/logo\/image\/","url":"https:\/\/mtechsystems.io\/wp-content\/uploads\/2020\/08\/cropped-MTechSystems-logo-blue-small.png","contentUrl":"https:\/\/mtechsystems.io\/wp-content\/uploads\/2020\/08\/cropped-MTechSystems-logo-blue-small.png","width":356,"height":80,"caption":"MTech Systems"},"image":{"@id":"https:\/\/mtechsystems.io\/#\/schema\/logo\/image\/"}}]}},"_links":{"self":[{"href":"https:\/\/mtechsystems.io\/es\/wp-json\/wp\/v2\/pages\/27813","targetHints":{"allow":["GET"]}}],"collection":[{"href":"https:\/\/mtechsystems.io\/es\/wp-json\/wp\/v2\/pages"}],"about":[{"href":"https:\/\/mtechsystems.io\/es\/wp-json\/wp\/v2\/types\/page"}],"author":[{"embeddable":true,"href":"https:\/\/mtechsystems.io\/es\/wp-json\/wp\/v2\/users\/2"}],"replies":[{"embeddable":true,"href":"https:\/\/mtechsystems.io\/es\/wp-json\/wp\/v2\/comments?post=27813"}],"version-history":[{"count":85,"href":"https:\/\/mtechsystems.io\/es\/wp-json\/wp\/v2\/pages\/27813\/revisions"}],"predecessor-version":[{"id":32457,"href":"https:\/\/mtechsystems.io\/es\/wp-json\/wp\/v2\/pages\/27813\/revisions\/32457"}],"wp:featuredmedia":[{"embeddable":true,"href":"https:\/\/mtechsystems.io\/es\/wp-json\/wp\/v2\/media\/28378"}],"wp:attachment":[{"href":"https:\/\/mtechsystems.io\/es\/wp-json\/wp\/v2\/media?parent=27813"}],"curies":[{"name":"wp","href":"https:\/\/api.w.org\/{rel}","templated":true}]}}