{"id":28617,"date":"2024-05-15T10:20:10","date_gmt":"2024-05-15T14:20:10","guid":{"rendered":"https:\/\/mtechsystems.io\/?page_id=28617"},"modified":"2024-07-17T12:53:55","modified_gmt":"2024-07-17T16:53:55","slug":"dalton-greco","status":"publish","type":"page","link":"https:\/\/mtechsystems.io\/es\/linktree\/dalton-greco\/","title":{"rendered":"Dalton Greco"},"content":{"rendered":"<div data-elementor-type=\"wp-page\" data-elementor-id=\"28617\" class=\"elementor elementor-28617\" data-elementor-post-type=\"page\">\n\t\t\t\t<div class=\"elementor-element elementor-element-b0a4cfa e-con-full e-flex e-con e-parent\" data-id=\"b0a4cfa\" data-element_type=\"container\" data-e-type=\"container\">\n\t\t<div class=\"elementor-element elementor-element-7b8ffe9 e-con-full e-flex e-con e-child\" data-id=\"7b8ffe9\" data-element_type=\"container\" data-e-type=\"container\">\n\t\t\t\t<div class=\"elementor-element elementor-element-68de115 elementor-widget__width-initial elementor-widget elementor-widget-image\" data-id=\"68de115\" data-element_type=\"widget\" data-e-type=\"widget\" data-widget_type=\"image.default\">\n\t\t\t\t\t\t\t\t\t\t\t\t\t\t\t<img fetchpriority=\"high\" decoding=\"async\" width=\"800\" height=\"1000\" src=\"https:\/\/mtechsystems.io\/wp-content\/uploads\/2024\/05\/headshot-dalton-greco-819x1024.jpeg\" class=\"attachment-large size-large wp-image-28623\" alt=\"\" srcset=\"https:\/\/mtechsystems.io\/wp-content\/uploads\/2024\/05\/headshot-dalton-greco-819x1024.jpeg 819w, https:\/\/mtechsystems.io\/wp-content\/uploads\/2024\/05\/headshot-dalton-greco-240x300.jpeg 240w, https:\/\/mtechsystems.io\/wp-content\/uploads\/2024\/05\/headshot-dalton-greco-768x960.jpeg 768w, https:\/\/mtechsystems.io\/wp-content\/uploads\/2024\/05\/headshot-dalton-greco-1229x1536.jpeg 1229w, https:\/\/mtechsystems.io\/wp-content\/uploads\/2024\/05\/headshot-dalton-greco-1638x2048.jpeg 1638w, https:\/\/mtechsystems.io\/wp-content\/uploads\/2024\/05\/headshot-dalton-greco.jpeg 1919w\" sizes=\"(max-width: 800px) 100vw, 800px\" \/>\t\t\t\t\t\t\t\t\t\t\t\t\t\t\t<\/div>\n\t\t\t\t<div class=\"elementor-element elementor-element-075ccc4 elementor-widget__width-initial elementor-widget elementor-widget-heading\" data-id=\"075ccc4\" data-element_type=\"widget\" data-e-type=\"widget\" data-widget_type=\"heading.default\">\n\t\t\t\t\t<h6 class=\"elementor-heading-title elementor-size-default\">Hablemos<\/h6>\t\t\t\t<\/div>\n\t\t\t\t<div class=\"elementor-element elementor-element-63d8848 elementor-shape-circle elementor-widget__width-initial elementor-grid-0 e-grid-align-center elementor-widget elementor-widget-social-icons\" data-id=\"63d8848\" data-element_type=\"widget\" data-e-type=\"widget\" data-widget_type=\"social-icons.default\">\n\t\t\t\t\t\t\t<div class=\"elementor-social-icons-wrapper elementor-grid\" role=\"list\">\n\t\t\t\t\t\t\t<span class=\"elementor-grid-item\" role=\"listitem\">\n\t\t\t\t\t<a class=\"elementor-icon elementor-social-icon elementor-social-icon-linkedin elementor-repeater-item-563bce6\" href=\"https:\/\/www.linkedin.com\/in\/daltongreco\/\" target=\"_blank\">\n\t\t\t\t\t\t<span class=\"elementor-screen-only\">Linkedin<\/span>\n\t\t\t\t\t\t<svg aria-hidden=\"true\" class=\"e-font-icon-svg e-fab-linkedin\" viewbox=\"0 0 448 512\" xmlns=\"http:\/\/www.w3.org\/2000\/svg\"><path d=\"M416 32H31.9C14.3 32 0 46.5 0 64.3v383.4C0 465.5 14.3 480 31.9 480H416c17.6 0 32-14.5 32-32.3V64.3c0-17.8-14.4-32.3-32-32.3zM135.4 416H69V202.2h66.5V416zm-33.2-243c-21.3 0-38.5-17.3-38.5-38.5S80.9 96 102.2 96c21.2 0 38.5 17.3 38.5 38.5 0 21.3-17.2 38.5-38.5 38.5zm282.1 243h-66.4V312c0-24.8-.5-56.7-34.5-56.7-34.6 0-39.9 27-39.9 54.9V416h-66.4V202.2h63.7v29.2h.9c8.9-16.8 30.6-34.5 62.9-34.5 67.2 0 79.7 44.3 79.7 101.9V416z\"><\/path><\/svg>\t\t\t\t\t<\/a>\n\t\t\t\t<\/span>\n\t\t\t\t\t\t\t<span class=\"elementor-grid-item\" role=\"listitem\">\n\t\t\t\t\t<a class=\"elementor-icon elementor-social-icon elementor-social-icon-envelope elementor-repeater-item-6877446\" href=\"mailto:%20daltongreco@mtech-systems.com\" target=\"_blank\">\n\t\t\t\t\t\t<span class=\"elementor-screen-only\">Sobre<\/span>\n\t\t\t\t\t\t<svg aria-hidden=\"true\" class=\"e-font-icon-svg e-fas-envelope\" viewbox=\"0 0 512 512\" xmlns=\"http:\/\/www.w3.org\/2000\/svg\"><path d=\"M502.3 190.8c3.9-3.1 9.7-.2 9.7 4.7V400c0 26.5-21.5 48-48 48H48c-26.5 0-48-21.5-48-48V195.6c0-5 5.7-7.8 9.7-4.7 22.4 17.4 52.1 39.5 154.1 113.6 21.1 15.4 56.7 47.8 92.2 47.6 35.7.3 72-32.8 92.3-47.6 102-74.1 131.6-96.3 154-113.7zM256 320c23.2.4 56.6-29.2 73.4-41.4 132.7-96.3 142.8-104.7 173.4-128.7 5.8-4.5 9.2-11.5 9.2-18.9v-19c0-26.5-21.5-48-48-48H48C21.5 64 0 85.5 0 112v19c0 7.4 3.4 14.3 9.2 18.9 30.6 23.9 40.7 32.4 173.4 128.7 16.8 12.2 50.2 41.8 73.4 41.4z\"><\/path><\/svg>\t\t\t\t\t<\/a>\n\t\t\t\t<\/span>\n\t\t\t\t\t\t\t<span class=\"elementor-grid-item\" role=\"listitem\">\n\t\t\t\t\t<a class=\"elementor-icon elementor-social-icon elementor-social-icon-calendar-alt elementor-repeater-item-3186cf8\" href=\"https:\/\/meetings.hubspot.com\/dalton-greco\" target=\"_blank\">\n\t\t\t\t\t\t<span class=\"elementor-screen-only\">Calendario-alt<\/span>\n\t\t\t\t\t\t<svg aria-hidden=\"true\" class=\"e-font-icon-svg e-far-calendar-alt\" viewbox=\"0 0 448 512\" xmlns=\"http:\/\/www.w3.org\/2000\/svg\"><path d=\"M148 288h-40c-6.6 0-12-5.4-12-12v-40c0-6.6 5.4-12 12-12h40c6.6 0 12 5.4 12 12v40c0 6.6-5.4 12-12 12zm108-12v-40c0-6.6-5.4-12-12-12h-40c-6.6 0-12 5.4-12 12v40c0 6.6 5.4 12 12 12h40c6.6 0 12-5.4 12-12zm96 0v-40c0-6.6-5.4-12-12-12h-40c-6.6 0-12 5.4-12 12v40c0 6.6 5.4 12 12 12h40c6.6 0 12-5.4 12-12zm-96 96v-40c0-6.6-5.4-12-12-12h-40c-6.6 0-12 5.4-12 12v40c0 6.6 5.4 12 12 12h40c6.6 0 12-5.4 12-12zm-96 0v-40c0-6.6-5.4-12-12-12h-40c-6.6 0-12 5.4-12 12v40c0 6.6 5.4 12 12 12h40c6.6 0 12-5.4 12-12zm192 0v-40c0-6.6-5.4-12-12-12h-40c-6.6 0-12 5.4-12 12v40c0 6.6 5.4 12 12 12h40c6.6 0 12-5.4 12-12zm96-260v352c0 26.5-21.5 48-48 48H48c-26.5 0-48-21.5-48-48V112c0-26.5 21.5-48 48-48h48V12c0-6.6 5.4-12 12-12h40c6.6 0 12 5.4 12 12v52h128V12c0-6.6 5.4-12 12-12h40c6.6 0 12 5.4 12 12v52h48c26.5 0 48 21.5 48 48zm-48 346V160H48v298c0 3.3 2.7 6 6 6h340c3.3 0 6-2.7 6-6z\"><\/path><\/svg>\t\t\t\t\t<\/a>\n\t\t\t\t<\/span>\n\t\t\t\t\t<\/div>\n\t\t\t\t\t\t<\/div>\n\t\t\t\t<\/div>\n\t\t<div class=\"elementor-element elementor-element-6fd80f2 e-con-full e-flex e-con e-child\" data-id=\"6fd80f2\" data-element_type=\"container\" data-e-type=\"container\">\n\t\t\t\t<div class=\"elementor-element elementor-element-4847e85 elementor-widget__width-initial elementor-widget-mobile__width-initial elementor-widget elementor-widget-icon-box\" data-id=\"4847e85\" data-element_type=\"widget\" data-e-type=\"widget\" data-widget_type=\"icon-box.default\">\n\t\t\t\t\t\t\t<div class=\"elementor-icon-box-wrapper\">\n\n\t\t\t\n\t\t\t\t\t\t<div class=\"elementor-icon-box-content\">\n\n\t\t\t\t\t\t\t\t\t<h1 class=\"elementor-icon-box-title\">\n\t\t\t\t\t\t<span  >\n\t\t\t\t\t\t\tDalton Greco\t\t\t\t\t\t<\/span>\n\t\t\t\t\t<\/h1>\n\t\t\t\t\n\t\t\t\t\t\t\t\t\t<p class=\"elementor-icon-box-description\">\n\t\t\t\t\t\tGerente de ventas, Latinoam\u00e9rica\t\t\t\t\t<\/p>\n\t\t\t\t\n\t\t\t<\/div>\n\t\t\t\n\t\t<\/div>\n\t\t\t\t\t\t<\/div>\n\t\t\t\t<div class=\"elementor-element elementor-element-6602015 elementor-widget__width-initial elementor-widget elementor-widget-text-editor\" data-id=\"6602015\" data-element_type=\"widget\" data-e-type=\"widget\" data-widget_type=\"text-editor.default\">\n\t\t\t\t\t\t\t\t\t<p style=\"font-weight: 400;\">Veterinario y entusiasta de la tecnolog\u00eda, a lo largo de sus 20 a\u00f1os de carrera ha trabajado en las mayores empresas de procesamiento de Brasil desempe\u00f1ando diversas funciones, as\u00ed como en el \u00e1mbito de las ventas t\u00e9cnicas para el sector.<\/p><p style=\"font-weight: 400;\">Dedic\u00f3 sus \u00faltimos ocho a\u00f1os en MTech Systems a establecer alianzas estrat\u00e9gicas y a ayudar a los clientes a mejorar sus procesos e indicadores.<\/p>\t\t\t\t\t\t\t\t<\/div>\n\t\t<div class=\"elementor-element elementor-element-46e3737 e-con-full e-flex e-con e-child\" data-id=\"46e3737\" data-element_type=\"container\" data-e-type=\"container\">\n\t\t\t\t<div class=\"elementor-element elementor-element-4793251 elementor-widget elementor-widget-heading\" data-id=\"4793251\" data-element_type=\"widget\" data-e-type=\"widget\" data-widget_type=\"heading.default\">\n\t\t\t\t\t<h4 class=\"elementor-heading-title elementor-size-default\">Recursos recomendados por Dalton<\/h4>\t\t\t\t<\/div>\n\t\t<div class=\"elementor-element elementor-element-b7515e3 e-con-full e-flex e-con e-child\" data-id=\"b7515e3\" data-element_type=\"container\" data-e-type=\"container\">\n\t\t\t\t<div class=\"elementor-element elementor-element-6489770 elementor-widget__width-initial elementor-widget elementor-widget-image\" data-id=\"6489770\" data-element_type=\"widget\" data-e-type=\"widget\" data-widget_type=\"image.default\">\n\t\t\t\t\t\t\t\t\t\t\t\t\t\t\t\t<a href=\"https:\/\/hubs.ly\/Q02x0LrJ0\">\n\t\t\t\t\t\t\t<img decoding=\"async\" width=\"720\" height=\"720\" src=\"https:\/\/mtechsystems.io\/wp-content\/uploads\/2024\/05\/Harnessing_innovation.png\" class=\"attachment-large size-large wp-image-28555\" alt=\"\" srcset=\"https:\/\/mtechsystems.io\/wp-content\/uploads\/2024\/05\/Harnessing_innovation.png 720w, https:\/\/mtechsystems.io\/wp-content\/uploads\/2024\/05\/Harnessing_innovation-300x300.png 300w, https:\/\/mtechsystems.io\/wp-content\/uploads\/2024\/05\/Harnessing_innovation-150x150.png 150w\" sizes=\"(max-width: 720px) 100vw, 720px\" \/>\t\t\t\t\t\t\t\t<\/a>\n\t\t\t\t\t\t\t\t\t\t\t\t\t\t\t<\/div>\n\t\t\t\t<div class=\"elementor-element elementor-element-c6ec0e8 elementor-widget__width-initial elementor-widget elementor-widget-image\" data-id=\"c6ec0e8\" data-element_type=\"widget\" data-e-type=\"widget\" data-widget_type=\"image.default\">\n\t\t\t\t\t\t\t\t\t\t\t\t\t\t\t\t<a href=\"https:\/\/hubs.ly\/Q02x0LJn0\">\n\t\t\t\t\t\t\t<img decoding=\"async\" width=\"720\" height=\"720\" src=\"https:\/\/mtechsystems.io\/wp-content\/uploads\/2024\/05\/The_adventages_of_a_Cloud.png\" class=\"attachment-large size-large wp-image-28556\" alt=\"\" srcset=\"https:\/\/mtechsystems.io\/wp-content\/uploads\/2024\/05\/The_adventages_of_a_Cloud.png 720w, https:\/\/mtechsystems.io\/wp-content\/uploads\/2024\/05\/The_adventages_of_a_Cloud-300x300.png 300w, https:\/\/mtechsystems.io\/wp-content\/uploads\/2024\/05\/The_adventages_of_a_Cloud-150x150.png 150w\" sizes=\"(max-width: 720px) 100vw, 720px\" \/>\t\t\t\t\t\t\t\t<\/a>\n\t\t\t\t\t\t\t\t\t\t\t\t\t\t\t<\/div>\n\t\t\t\t<div class=\"elementor-element elementor-element-c2a65e0 elementor-widget__width-initial elementor-widget elementor-widget-image\" data-id=\"c2a65e0\" data-element_type=\"widget\" data-e-type=\"widget\" data-widget_type=\"image.default\">\n\t\t\t\t\t\t\t\t\t\t\t\t\t\t\t\t<a href=\"https:\/\/hubs.ly\/Q02x0M4b0\">\n\t\t\t\t\t\t\t<img loading=\"lazy\" decoding=\"async\" width=\"720\" height=\"720\" src=\"https:\/\/mtechsystems.io\/wp-content\/uploads\/2024\/05\/The-Innovative-Platform-for-Connecting-your-farm-03.png\" class=\"attachment-large size-large wp-image-28557\" alt=\"\" srcset=\"https:\/\/mtechsystems.io\/wp-content\/uploads\/2024\/05\/The-Innovative-Platform-for-Connecting-your-farm-03.png 720w, https:\/\/mtechsystems.io\/wp-content\/uploads\/2024\/05\/The-Innovative-Platform-for-Connecting-your-farm-03-300x300.png 300w, https:\/\/mtechsystems.io\/wp-content\/uploads\/2024\/05\/The-Innovative-Platform-for-Connecting-your-farm-03-150x150.png 150w\" sizes=\"(max-width: 720px) 100vw, 720px\" \/>\t\t\t\t\t\t\t\t<\/a>\n\t\t\t\t\t\t\t\t\t\t\t\t\t\t\t<\/div>\n\t\t\t\t<div class=\"elementor-element elementor-element-212b982 elementor-widget__width-initial elementor-widget elementor-widget-image\" data-id=\"212b982\" data-element_type=\"widget\" data-e-type=\"widget\" data-widget_type=\"image.default\">\n\t\t\t\t\t\t\t\t\t\t\t\t\t\t\t\t<a href=\"https:\/\/hubs.ly\/Q02x0LZ10\">\n\t\t\t\t\t\t\t<img loading=\"lazy\" decoding=\"async\" width=\"720\" height=\"720\" src=\"https:\/\/mtechsystems.io\/wp-content\/uploads\/2024\/05\/Using-amino-yo-connect-your-whole-poultry-organization-02.png\" class=\"attachment-large size-large wp-image-28558\" alt=\"\" srcset=\"https:\/\/mtechsystems.io\/wp-content\/uploads\/2024\/05\/Using-amino-yo-connect-your-whole-poultry-organization-02.png 720w, https:\/\/mtechsystems.io\/wp-content\/uploads\/2024\/05\/Using-amino-yo-connect-your-whole-poultry-organization-02-300x300.png 300w, https:\/\/mtechsystems.io\/wp-content\/uploads\/2024\/05\/Using-amino-yo-connect-your-whole-poultry-organization-02-150x150.png 150w\" sizes=\"(max-width: 720px) 100vw, 720px\" \/>\t\t\t\t\t\t\t\t<\/a>\n\t\t\t\t\t\t\t\t\t\t\t\t\t\t\t<\/div>\n\t\t\t\t<\/div>\n\t\t\t\t<\/div>\n\t\t\t\t<\/div>\n\t\t\t\t<\/div>\n\t\t\t\t<\/div>","protected":false},"excerpt":{"rendered":"<p>Let&#8217;s chat Linkedin Envelope Calendar-alt Dalton Greco Sales Manager, LATAM A veterinarian and technology enthusiast, in his 20-year career he has worked in the largest processing companies in Brazil in different roles, as well as in technical sales for the industry. He dedicated his last 8 years at MTech Systems, building strategic partnerships and helping [&hellip;]<\/p>\n","protected":false},"author":2,"featured_media":0,"parent":8776,"menu_order":0,"comment_status":"closed","ping_status":"closed","template":"","meta":{"content-type":"","footnotes":""},"class_list":["post-28617","page","type-page","status-publish","hentry"],"_links":{"self":[{"href":"https:\/\/mtechsystems.io\/es\/wp-json\/wp\/v2\/pages\/28617","targetHints":{"allow":["GET"]}}],"collection":[{"href":"https:\/\/mtechsystems.io\/es\/wp-json\/wp\/v2\/pages"}],"about":[{"href":"https:\/\/mtechsystems.io\/es\/wp-json\/wp\/v2\/types\/page"}],"author":[{"embeddable":true,"href":"https:\/\/mtechsystems.io\/es\/wp-json\/wp\/v2\/users\/2"}],"replies":[{"embeddable":true,"href":"https:\/\/mtechsystems.io\/es\/wp-json\/wp\/v2\/comments?post=28617"}],"version-history":[{"count":11,"href":"https:\/\/mtechsystems.io\/es\/wp-json\/wp\/v2\/pages\/28617\/revisions"}],"predecessor-version":[{"id":29693,"href":"https:\/\/mtechsystems.io\/es\/wp-json\/wp\/v2\/pages\/28617\/revisions\/29693"}],"up":[{"embeddable":true,"href":"https:\/\/mtechsystems.io\/es\/wp-json\/wp\/v2\/pages\/8776"}],"wp:attachment":[{"href":"https:\/\/mtechsystems.io\/es\/wp-json\/wp\/v2\/media?parent=28617"}],"curies":[{"name":"wp","href":"https:\/\/api.w.org\/{rel}","templated":true}]}}