{"id":30389,"date":"2024-09-09T14:13:29","date_gmt":"2024-09-09T18:13:29","guid":{"rendered":"https:\/\/mtechsystems.io\/?page_id=30389"},"modified":"2024-09-10T16:13:47","modified_gmt":"2024-09-10T20:13:47","slug":"waseem-alkhatib","status":"publish","type":"page","link":"https:\/\/mtechsystems.io\/es\/linktree\/waseem-alkhatib\/","title":{"rendered":"Waseem Alkhatib"},"content":{"rendered":"<div data-elementor-type=\"wp-page\" data-elementor-id=\"30389\" class=\"elementor elementor-30389\" data-elementor-post-type=\"page\">\n\t\t\t\t<div class=\"elementor-element elementor-element-1846302b e-con-full e-flex e-con e-parent\" data-id=\"1846302b\" data-element_type=\"container\" data-e-type=\"container\">\n\t\t<div class=\"elementor-element elementor-element-5c3d03fb e-con-full e-flex e-con e-child\" data-id=\"5c3d03fb\" data-element_type=\"container\" data-e-type=\"container\">\n\t\t\t\t<div class=\"elementor-element elementor-element-454bd7c8 elementor-widget__width-initial elementor-widget elementor-widget-image\" data-id=\"454bd7c8\" data-element_type=\"widget\" data-e-type=\"widget\" data-widget_type=\"image.default\">\n\t\t\t\t\t\t\t\t\t\t\t\t\t\t\t<img fetchpriority=\"high\" decoding=\"async\" width=\"800\" height=\"889\" src=\"https:\/\/mtechsystems.io\/wp-content\/uploads\/2024\/09\/pic-Waseem-Al-Khatib-921x1024.png\" class=\"attachment-large size-large wp-image-30443\" alt=\"\" srcset=\"https:\/\/mtechsystems.io\/wp-content\/uploads\/2024\/09\/pic-Waseem-Al-Khatib-921x1024.png 921w, https:\/\/mtechsystems.io\/wp-content\/uploads\/2024\/09\/pic-Waseem-Al-Khatib-270x300.png 270w, https:\/\/mtechsystems.io\/wp-content\/uploads\/2024\/09\/pic-Waseem-Al-Khatib-768x854.png 768w, https:\/\/mtechsystems.io\/wp-content\/uploads\/2024\/09\/pic-Waseem-Al-Khatib-1382x1536.png 1382w, https:\/\/mtechsystems.io\/wp-content\/uploads\/2024\/09\/pic-Waseem-Al-Khatib-1843x2048.png 1843w, https:\/\/mtechsystems.io\/wp-content\/uploads\/2024\/09\/pic-Waseem-Al-Khatib.png 1940w\" sizes=\"(max-width: 800px) 100vw, 800px\" \/>\t\t\t\t\t\t\t\t\t\t\t\t\t\t\t<\/div>\n\t\t\t\t<div class=\"elementor-element elementor-element-2c43e0d elementor-widget__width-initial elementor-widget elementor-widget-heading\" data-id=\"2c43e0d\" data-element_type=\"widget\" data-e-type=\"widget\" data-widget_type=\"heading.default\">\n\t\t\t\t\t<h6 class=\"elementor-heading-title elementor-size-default\">Hablemos<\/h6>\t\t\t\t<\/div>\n\t\t\t\t<div class=\"elementor-element elementor-element-bd3b0dd elementor-shape-circle elementor-widget__width-initial elementor-grid-0 e-grid-align-center elementor-widget elementor-widget-social-icons\" data-id=\"bd3b0dd\" data-element_type=\"widget\" data-e-type=\"widget\" data-widget_type=\"social-icons.default\">\n\t\t\t\t\t\t\t<div class=\"elementor-social-icons-wrapper elementor-grid\" role=\"list\">\n\t\t\t\t\t\t\t<span class=\"elementor-grid-item\" role=\"listitem\">\n\t\t\t\t\t<a class=\"elementor-icon elementor-social-icon elementor-social-icon-linkedin elementor-repeater-item-563bce6\" href=\"http:\/\/www.linkedin.com\/in\/waseem-al-khatib\" target=\"_blank\">\n\t\t\t\t\t\t<span class=\"elementor-screen-only\">Linkedin<\/span>\n\t\t\t\t\t\t<svg aria-hidden=\"true\" class=\"e-font-icon-svg e-fab-linkedin\" viewbox=\"0 0 448 512\" xmlns=\"http:\/\/www.w3.org\/2000\/svg\"><path d=\"M416 32H31.9C14.3 32 0 46.5 0 64.3v383.4C0 465.5 14.3 480 31.9 480H416c17.6 0 32-14.5 32-32.3V64.3c0-17.8-14.4-32.3-32-32.3zM135.4 416H69V202.2h66.5V416zm-33.2-243c-21.3 0-38.5-17.3-38.5-38.5S80.9 96 102.2 96c21.2 0 38.5 17.3 38.5 38.5 0 21.3-17.2 38.5-38.5 38.5zm282.1 243h-66.4V312c0-24.8-.5-56.7-34.5-56.7-34.6 0-39.9 27-39.9 54.9V416h-66.4V202.2h63.7v29.2h.9c8.9-16.8 30.6-34.5 62.9-34.5 67.2 0 79.7 44.3 79.7 101.9V416z\"><\/path><\/svg>\t\t\t\t\t<\/a>\n\t\t\t\t<\/span>\n\t\t\t\t\t\t\t<span class=\"elementor-grid-item\" role=\"listitem\">\n\t\t\t\t\t<a class=\"elementor-icon elementor-social-icon elementor-social-icon-envelope elementor-repeater-item-6877446\" href=\"mailto:%20waseemalkhatib@mtech-systems.com\" target=\"_blank\">\n\t\t\t\t\t\t<span class=\"elementor-screen-only\">Sobre<\/span>\n\t\t\t\t\t\t<svg aria-hidden=\"true\" class=\"e-font-icon-svg e-fas-envelope\" viewbox=\"0 0 512 512\" xmlns=\"http:\/\/www.w3.org\/2000\/svg\"><path d=\"M502.3 190.8c3.9-3.1 9.7-.2 9.7 4.7V400c0 26.5-21.5 48-48 48H48c-26.5 0-48-21.5-48-48V195.6c0-5 5.7-7.8 9.7-4.7 22.4 17.4 52.1 39.5 154.1 113.6 21.1 15.4 56.7 47.8 92.2 47.6 35.7.3 72-32.8 92.3-47.6 102-74.1 131.6-96.3 154-113.7zM256 320c23.2.4 56.6-29.2 73.4-41.4 132.7-96.3 142.8-104.7 173.4-128.7 5.8-4.5 9.2-11.5 9.2-18.9v-19c0-26.5-21.5-48-48-48H48C21.5 64 0 85.5 0 112v19c0 7.4 3.4 14.3 9.2 18.9 30.6 23.9 40.7 32.4 173.4 128.7 16.8 12.2 50.2 41.8 73.4 41.4z\"><\/path><\/svg>\t\t\t\t\t<\/a>\n\t\t\t\t<\/span>\n\t\t\t\t\t<\/div>\n\t\t\t\t\t\t<\/div>\n\t\t\t\t<\/div>\n\t\t<div class=\"elementor-element elementor-element-cadc569 e-con-full e-flex e-con e-child\" data-id=\"cadc569\" data-element_type=\"container\" data-e-type=\"container\">\n\t\t\t\t<div class=\"elementor-element elementor-element-32fd49fc elementor-widget__width-initial elementor-widget-mobile__width-initial elementor-widget elementor-widget-icon-box\" data-id=\"32fd49fc\" data-element_type=\"widget\" data-e-type=\"widget\" data-widget_type=\"icon-box.default\">\n\t\t\t\t\t\t\t<div class=\"elementor-icon-box-wrapper\">\n\n\t\t\t\n\t\t\t\t\t\t<div class=\"elementor-icon-box-content\">\n\n\t\t\t\t\t\t\t\t\t<h1 class=\"elementor-icon-box-title\">\n\t\t\t\t\t\t<span  >\n\t\t\t\t\t\t\tWaseem Alkhatib\t\t\t\t\t\t<\/span>\n\t\t\t\t\t<\/h1>\n\t\t\t\t\n\t\t\t\t\n\t\t\t<\/div>\n\t\t\t\n\t\t<\/div>\n\t\t\t\t\t\t<\/div>\n\t\t\t\t<div class=\"elementor-element elementor-element-7bdea667 elementor-widget__width-initial elementor-widget elementor-widget-text-editor\" data-id=\"7bdea667\" data-element_type=\"widget\" data-e-type=\"widget\" data-widget_type=\"text-editor.default\">\n\t\t\t\t\t\t\t\t\tComo profesional s\u00e9nior en salud y gesti\u00f3n av\u00edcola con certificaciones en Lean Six Sigma y miner\u00eda de datos, Waseem ha gestionado muchas etapas de la industria av\u00edcola en la regi\u00f3n durante m\u00e1s de 18 a\u00f1os. Con una licenciatura en Medicina Veterinaria de la Universidad de Ciencia y Tecnolog\u00eda de Jordania, la perspectiva \u00fanica de Waseem, combinada con sus habilidades tecnol\u00f3gicas, lo convierten en un experto l\u00edder que impulsa avances y mejoras innovadoras en Oriente Medio.\t\t\t\t\t\t\t\t<\/div>\n\t\t<div class=\"elementor-element elementor-element-2b7dec4e e-con-full e-flex e-con e-child\" data-id=\"2b7dec4e\" data-element_type=\"container\" data-e-type=\"container\">\n\t\t\t\t<div class=\"elementor-element elementor-element-1384334e elementor-widget elementor-widget-heading\" data-id=\"1384334e\" data-element_type=\"widget\" data-e-type=\"widget\" data-widget_type=\"heading.default\">\n\t\t\t\t\t<h4 class=\"elementor-heading-title elementor-size-default\">Recursos recomendados por Waseem<\/h4>\t\t\t\t<\/div>\n\t\t<div class=\"elementor-element elementor-element-249b6d60 e-con-full e-flex e-con e-child\" data-id=\"249b6d60\" data-element_type=\"container\" data-e-type=\"container\">\n\t\t\t\t<div class=\"elementor-element elementor-element-2b888b7b elementor-widget__width-initial elementor-widget elementor-widget-image\" data-id=\"2b888b7b\" data-element_type=\"widget\" data-e-type=\"widget\" data-widget_type=\"image.default\">\n\t\t\t\t\t\t\t\t\t\t\t\t\t\t\t\t<a href=\"https:\/\/hubs.ly\/Q02x0LrJ0\">\n\t\t\t\t\t\t\t<img decoding=\"async\" width=\"720\" height=\"720\" src=\"https:\/\/mtechsystems.io\/wp-content\/uploads\/2024\/05\/Harnessing_innovation.png\" class=\"attachment-large size-large wp-image-28555\" alt=\"\" srcset=\"https:\/\/mtechsystems.io\/wp-content\/uploads\/2024\/05\/Harnessing_innovation.png 720w, https:\/\/mtechsystems.io\/wp-content\/uploads\/2024\/05\/Harnessing_innovation-300x300.png 300w, https:\/\/mtechsystems.io\/wp-content\/uploads\/2024\/05\/Harnessing_innovation-150x150.png 150w\" sizes=\"(max-width: 720px) 100vw, 720px\" \/>\t\t\t\t\t\t\t\t<\/a>\n\t\t\t\t\t\t\t\t\t\t\t\t\t\t\t<\/div>\n\t\t\t\t<div class=\"elementor-element elementor-element-a210cc elementor-widget__width-initial elementor-widget elementor-widget-image\" data-id=\"a210cc\" data-element_type=\"widget\" data-e-type=\"widget\" data-widget_type=\"image.default\">\n\t\t\t\t\t\t\t\t\t\t\t\t\t\t\t\t<a href=\"https:\/\/hubs.ly\/Q02x0LJn0\">\n\t\t\t\t\t\t\t<img decoding=\"async\" width=\"720\" height=\"720\" src=\"https:\/\/mtechsystems.io\/wp-content\/uploads\/2024\/05\/The_adventages_of_a_Cloud.png\" class=\"attachment-large size-large wp-image-28556\" alt=\"\" srcset=\"https:\/\/mtechsystems.io\/wp-content\/uploads\/2024\/05\/The_adventages_of_a_Cloud.png 720w, https:\/\/mtechsystems.io\/wp-content\/uploads\/2024\/05\/The_adventages_of_a_Cloud-300x300.png 300w, https:\/\/mtechsystems.io\/wp-content\/uploads\/2024\/05\/The_adventages_of_a_Cloud-150x150.png 150w\" sizes=\"(max-width: 720px) 100vw, 720px\" \/>\t\t\t\t\t\t\t\t<\/a>\n\t\t\t\t\t\t\t\t\t\t\t\t\t\t\t<\/div>\n\t\t\t\t<div class=\"elementor-element elementor-element-44cbed08 elementor-widget__width-initial elementor-widget elementor-widget-image\" data-id=\"44cbed08\" data-element_type=\"widget\" data-e-type=\"widget\" data-widget_type=\"image.default\">\n\t\t\t\t\t\t\t\t\t\t\t\t\t\t\t\t<a href=\"https:\/\/hubs.ly\/Q02x0M4b0\">\n\t\t\t\t\t\t\t<img loading=\"lazy\" decoding=\"async\" width=\"720\" height=\"720\" src=\"https:\/\/mtechsystems.io\/wp-content\/uploads\/2024\/05\/The-Innovative-Platform-for-Connecting-your-farm-03.png\" class=\"attachment-large size-large wp-image-28557\" alt=\"\" srcset=\"https:\/\/mtechsystems.io\/wp-content\/uploads\/2024\/05\/The-Innovative-Platform-for-Connecting-your-farm-03.png 720w, https:\/\/mtechsystems.io\/wp-content\/uploads\/2024\/05\/The-Innovative-Platform-for-Connecting-your-farm-03-300x300.png 300w, https:\/\/mtechsystems.io\/wp-content\/uploads\/2024\/05\/The-Innovative-Platform-for-Connecting-your-farm-03-150x150.png 150w\" sizes=\"(max-width: 720px) 100vw, 720px\" \/>\t\t\t\t\t\t\t\t<\/a>\n\t\t\t\t\t\t\t\t\t\t\t\t\t\t\t<\/div>\n\t\t\t\t<div class=\"elementor-element elementor-element-397081d8 elementor-widget__width-initial elementor-widget elementor-widget-image\" data-id=\"397081d8\" data-element_type=\"widget\" data-e-type=\"widget\" data-widget_type=\"image.default\">\n\t\t\t\t\t\t\t\t\t\t\t\t\t\t\t\t<a href=\"https:\/\/hubs.ly\/Q02x0LZ10\">\n\t\t\t\t\t\t\t<img loading=\"lazy\" decoding=\"async\" width=\"720\" height=\"720\" src=\"https:\/\/mtechsystems.io\/wp-content\/uploads\/2024\/05\/Using-amino-yo-connect-your-whole-poultry-organization-02.png\" class=\"attachment-large size-large wp-image-28558\" alt=\"\" srcset=\"https:\/\/mtechsystems.io\/wp-content\/uploads\/2024\/05\/Using-amino-yo-connect-your-whole-poultry-organization-02.png 720w, https:\/\/mtechsystems.io\/wp-content\/uploads\/2024\/05\/Using-amino-yo-connect-your-whole-poultry-organization-02-300x300.png 300w, https:\/\/mtechsystems.io\/wp-content\/uploads\/2024\/05\/Using-amino-yo-connect-your-whole-poultry-organization-02-150x150.png 150w\" sizes=\"(max-width: 720px) 100vw, 720px\" \/>\t\t\t\t\t\t\t\t<\/a>\n\t\t\t\t\t\t\t\t\t\t\t\t\t\t\t<\/div>\n\t\t\t\t<\/div>\n\t\t\t\t<\/div>\n\t\t\t\t<\/div>\n\t\t\t\t<\/div>\n\t\t\t\t<\/div>","protected":false},"excerpt":{"rendered":"<p>Let&#8217;s chat Linkedin Envelope Waseem Alkhatib As\u00a0a senior poultry health &#038; management professional with Lean Six Sigma and data mining certifications, Waseem has managed many stages of \u00a0poultry industry in the region for more than 18 years. With Bachelor&#8217;s Degree in Veterinary Medicine from Jordan\u00a0University of Science and Technology, Waseem\u2019s unique perspective combined with his [&hellip;]<\/p>\n","protected":false},"author":2,"featured_media":0,"parent":8776,"menu_order":0,"comment_status":"closed","ping_status":"closed","template":"elementor_canvas","meta":{"content-type":"","footnotes":""},"class_list":["post-30389","page","type-page","status-publish","hentry"],"_links":{"self":[{"href":"https:\/\/mtechsystems.io\/es\/wp-json\/wp\/v2\/pages\/30389","targetHints":{"allow":["GET"]}}],"collection":[{"href":"https:\/\/mtechsystems.io\/es\/wp-json\/wp\/v2\/pages"}],"about":[{"href":"https:\/\/mtechsystems.io\/es\/wp-json\/wp\/v2\/types\/page"}],"author":[{"embeddable":true,"href":"https:\/\/mtechsystems.io\/es\/wp-json\/wp\/v2\/users\/2"}],"replies":[{"embeddable":true,"href":"https:\/\/mtechsystems.io\/es\/wp-json\/wp\/v2\/comments?post=30389"}],"version-history":[{"count":11,"href":"https:\/\/mtechsystems.io\/es\/wp-json\/wp\/v2\/pages\/30389\/revisions"}],"predecessor-version":[{"id":30446,"href":"https:\/\/mtechsystems.io\/es\/wp-json\/wp\/v2\/pages\/30389\/revisions\/30446"}],"up":[{"embeddable":true,"href":"https:\/\/mtechsystems.io\/es\/wp-json\/wp\/v2\/pages\/8776"}],"wp:attachment":[{"href":"https:\/\/mtechsystems.io\/es\/wp-json\/wp\/v2\/media?parent=30389"}],"curies":[{"name":"wp","href":"https:\/\/api.w.org\/{rel}","templated":true}]}}