{"id":30518,"date":"2024-09-25T13:26:04","date_gmt":"2024-09-25T17:26:04","guid":{"rendered":"https:\/\/mtechsystems.io\/?page_id=30518"},"modified":"2024-10-01T14:56:14","modified_gmt":"2024-10-01T18:56:14","slug":"help-center","status":"publish","type":"page","link":"https:\/\/mtechsystems.io\/es\/help-center\/","title":{"rendered":"Centro de ayuda"},"content":{"rendered":"<div data-elementor-type=\"wp-page\" data-elementor-id=\"30518\" class=\"elementor elementor-30518\" data-elementor-post-type=\"page\">\n\t\t\t\t<div class=\"elementor-element elementor-element-e7fb4ad e-con-full e-flex e-con e-parent\" data-id=\"e7fb4ad\" data-element_type=\"container\" data-e-type=\"container\" data-settings=\"{&quot;background_background&quot;:&quot;classic&quot;}\">\n\t\t<div class=\"elementor-element elementor-element-dbd2266 e-con-full e-flex e-con e-child\" data-id=\"dbd2266\" data-element_type=\"container\" data-e-type=\"container\" data-settings=\"{&quot;background_background&quot;:&quot;classic&quot;}\">\n\t\t\t\t<div class=\"elementor-element elementor-element-c3fdcff elementor-widget__width-initial elementor-widget elementor-widget-icon-box\" data-id=\"c3fdcff\" data-element_type=\"widget\" data-e-type=\"widget\" data-widget_type=\"icon-box.default\">\n\t\t\t\t\t\t\t<div class=\"elementor-icon-box-wrapper\">\n\n\t\t\t\n\t\t\t\t\t\t<div class=\"elementor-icon-box-content\">\n\n\t\t\t\t\t\t\t\t\t<h1 class=\"elementor-icon-box-title\">\n\t\t\t\t\t\t<span  >\n\t\t\t\t\t\t\tCentro de ayuda\t\t\t\t\t\t<\/span>\n\t\t\t\t\t<\/h1>\n\t\t\t\t\n\t\t\t\t\t\t\t\t\t<p class=\"elementor-icon-box-description\">\n\t\t\t\t\t\tDesde la configuraci\u00f3n hasta el uso diario, nuestro equipo ofrece asesoramiento experto sobre c\u00f3mo optimizar sus procesos de gesti\u00f3n, para que pueda centrarse en lo que m\u00e1s importa: su reba\u00f1o.\t\t\t\t\t<\/p>\n\t\t\t\t\n\t\t\t<\/div>\n\t\t\t\n\t\t<\/div>\n\t\t\t\t\t\t<\/div>\n\t\t\t\t<\/div>\n\t\t<div class=\"elementor-element elementor-element-3654785 e-con-full e-flex e-con e-child\" data-id=\"3654785\" data-element_type=\"container\" data-e-type=\"container\" data-settings=\"{&quot;background_background&quot;:&quot;classic&quot;}\">\n\t\t\t\t<div class=\"elementor-element elementor-element-ca0a3c7 elementor-widget elementor-widget-image\" data-id=\"ca0a3c7\" data-element_type=\"widget\" data-e-type=\"widget\" data-widget_type=\"image.default\">\n\t\t\t\t\t\t\t\t\t\t\t\t\t\t\t<img fetchpriority=\"high\" decoding=\"async\" width=\"800\" height=\"800\" src=\"https:\/\/mtechsystems.io\/wp-content\/uploads\/2024\/10\/Help-Center-1024x1024.png\" class=\"attachment-large size-large wp-image-30616\" alt=\"\" srcset=\"https:\/\/mtechsystems.io\/wp-content\/uploads\/2024\/10\/Help-Center-1024x1024.png 1024w, https:\/\/mtechsystems.io\/wp-content\/uploads\/2024\/10\/Help-Center-300x300.png 300w, https:\/\/mtechsystems.io\/wp-content\/uploads\/2024\/10\/Help-Center-150x150.png 150w, https:\/\/mtechsystems.io\/wp-content\/uploads\/2024\/10\/Help-Center-768x768.png 768w, https:\/\/mtechsystems.io\/wp-content\/uploads\/2024\/10\/Help-Center.png 1200w\" sizes=\"(max-width: 800px) 100vw, 800px\" \/>\t\t\t\t\t\t\t\t\t\t\t\t\t\t\t<\/div>\n\t\t\t\t<\/div>\n\t\t\t\t<\/div>\n\t\t<div class=\"elementor-element elementor-element-d8c7804 e-flex e-con-boxed e-con e-parent\" data-id=\"d8c7804\" data-element_type=\"container\" data-e-type=\"container\">\n\t\t\t\t\t<div class=\"e-con-inner\">\n\t\t<div class=\"elementor-element elementor-element-2d03598 e-con-full e-flex e-con e-child\" data-id=\"2d03598\" data-element_type=\"container\" data-e-type=\"container\" data-settings=\"{&quot;background_background&quot;:&quot;classic&quot;}\">\n\t\t\t\t<div class=\"elementor-element elementor-element-f4ff6a0 elementor-widget__width-initial elementor-widget-tablet__width-inherit elementor-widget elementor-widget-ucaddon_list\" data-id=\"f4ff6a0\" data-element_type=\"widget\" data-e-type=\"widget\" data-widget_type=\"ucaddon_list.default\">\n\t\t\t\t<div class=\"elementor-widget-container\">\n\t\t\t\t\t\n<!-- start List -->\n\t\t<link id='font-awesome-css' href='https:\/\/mtechsystems.io\/wp-content\/plugins\/unlimited-elements-for-elementor-premium\/assets_libraries\/font-awesome6\/fontawesome-all.min.css' type='text\/css' rel='stylesheet' >\n\t\t<link id='font-awesome-4-shim-css' href='https:\/\/mtechsystems.io\/wp-content\/plugins\/unlimited-elements-for-elementor-premium\/assets_libraries\/font-awesome6\/fontawesome-v4-shims.min.css' type='text\/css' rel='stylesheet' >\n\n<style>\/* widget: List *\/\n\n\n\n#uc_list_elementor_f4ff6a0{\n  display:grid;\n}\n\n#uc_list_elementor_f4ff6a0 .ue-list-item\n{\n  display:flex;\n}\n\n#uc_list_elementor_f4ff6a0 .ue-list-item a{\n  width:100%;\n}\n\n#uc_list_elementor_f4ff6a0 .ue-list-item-image img\n{\n  max-width:100%;\n}\n#uc_list_elementor_f4ff6a0 .ue-list-item-text *{\n  margin-bottom:0px;\n}\n\n#uc_list_elementor_f4ff6a0 .ue-list-item-index\n{\n  flex-grow:0;\n  flex-shrink:0;\n  display:flex;\n  align-items:center;\n  justify-content:center;\n  line-height:1em;\n}\n\n#uc_list_elementor_f4ff6a0 .ue-list-item-index svg\n{\n  height:1em;\n  width:1em;\n}\n\n#uc_list_elementor_f4ff6a0 .ue-list-item-content\n{\n  flex-grow:1;\n}\n\n<\/style>\n\n<div id=\"uc_list_elementor_f4ff6a0\" class=\"ue-list uc-items-wrapper\"  >\n  <div class=\"ue-list-item elementor-repeater-item-3dbf8ed\">\n  <div class=\"ue-list-item-index\">\n            <i class='fas fa-arrow-right'><\/i>  <\/div>\n  <div class=\"ue-list-item-content\">\n  <a href=\"https:\/\/mtechsystems.io\/es\/help-center\/release-cycle\/\" >      <h4 class=\"ue-list-item-title\">Ciclo de lanzamiento<\/h4>\n           <\/a>  <\/div>\n<\/div>\n\n<\/div>\n<!-- end List -->\t\t\t\t<\/div>\n\t\t\t\t<\/div>\n\t\t\t\t<\/div>\n\t\t\t\t\t<\/div>\n\t\t\t\t<\/div>\n\t\t\t\t<\/div>","protected":false},"excerpt":{"rendered":"<p>Help Center From setup to daily usage, our team provides expert guidance on optimizing your management processes, so you can focus on what matters most\u2014your flock. Release Cycle<\/p>","protected":false},"author":9,"featured_media":0,"parent":0,"menu_order":0,"comment_status":"closed","ping_status":"closed","template":"","meta":{"content-type":"","footnotes":""},"class_list":["post-30518","page","type-page","status-publish","hentry"],"_links":{"self":[{"href":"https:\/\/mtechsystems.io\/es\/wp-json\/wp\/v2\/pages\/30518","targetHints":{"allow":["GET"]}}],"collection":[{"href":"https:\/\/mtechsystems.io\/es\/wp-json\/wp\/v2\/pages"}],"about":[{"href":"https:\/\/mtechsystems.io\/es\/wp-json\/wp\/v2\/types\/page"}],"author":[{"embeddable":true,"href":"https:\/\/mtechsystems.io\/es\/wp-json\/wp\/v2\/users\/9"}],"replies":[{"embeddable":true,"href":"https:\/\/mtechsystems.io\/es\/wp-json\/wp\/v2\/comments?post=30518"}],"version-history":[{"count":25,"href":"https:\/\/mtechsystems.io\/es\/wp-json\/wp\/v2\/pages\/30518\/revisions"}],"predecessor-version":[{"id":30636,"href":"https:\/\/mtechsystems.io\/es\/wp-json\/wp\/v2\/pages\/30518\/revisions\/30636"}],"wp:attachment":[{"href":"https:\/\/mtechsystems.io\/es\/wp-json\/wp\/v2\/media?parent=30518"}],"curies":[{"name":"wp","href":"https:\/\/api.w.org\/{rel}","templated":true}]}}