{"id":31328,"date":"2025-01-06T12:37:18","date_gmt":"2025-01-06T17:37:18","guid":{"rendered":"https:\/\/mtechsystems.io\/?page_id=31328"},"modified":"2025-07-04T10:01:50","modified_gmt":"2025-07-04T14:01:50","slug":"simon-cohen","status":"publish","type":"page","link":"https:\/\/mtechsystems.io\/es\/linktree\/simon-cohen\/","title":{"rendered":"Sim\u00f3n Cohen"},"content":{"rendered":"<div data-elementor-type=\"wp-page\" data-elementor-id=\"31328\" class=\"elementor elementor-31328\" data-elementor-post-type=\"page\">\n\t\t\t\t<div class=\"elementor-element elementor-element-7512414b e-con-full e-flex e-con e-parent\" data-id=\"7512414b\" data-element_type=\"container\" data-e-type=\"container\">\n\t\t<div class=\"elementor-element elementor-element-2056c18f e-con-full e-flex e-con e-child\" data-id=\"2056c18f\" data-element_type=\"container\" data-e-type=\"container\">\n\t\t\t\t<div class=\"elementor-element elementor-element-3d3654aa elementor-widget__width-initial elementor-widget elementor-widget-image\" data-id=\"3d3654aa\" data-element_type=\"widget\" data-e-type=\"widget\" data-widget_type=\"image.default\">\n\t\t\t\t\t\t\t\t\t\t\t\t\t\t\t<img fetchpriority=\"high\" decoding=\"async\" width=\"731\" height=\"1024\" src=\"https:\/\/mtechsystems.io\/wp-content\/uploads\/2025\/01\/pic-Simon-cohen-731x1024.jpeg\" class=\"attachment-large size-large wp-image-31330\" alt=\"\" srcset=\"https:\/\/mtechsystems.io\/wp-content\/uploads\/2025\/01\/pic-Simon-cohen-731x1024.jpeg 731w, https:\/\/mtechsystems.io\/wp-content\/uploads\/2025\/01\/pic-Simon-cohen-214x300.jpeg 214w, https:\/\/mtechsystems.io\/wp-content\/uploads\/2025\/01\/pic-Simon-cohen.jpeg 748w\" sizes=\"(max-width: 731px) 100vw, 731px\" \/>\t\t\t\t\t\t\t\t\t\t\t\t\t\t\t<\/div>\n\t\t\t\t<div class=\"elementor-element elementor-element-4f4b38ee elementor-widget__width-initial elementor-widget elementor-widget-heading\" data-id=\"4f4b38ee\" data-element_type=\"widget\" data-e-type=\"widget\" data-widget_type=\"heading.default\">\n\t\t\t\t\t<h6 class=\"elementor-heading-title elementor-size-default\">Hablemos<\/h6>\t\t\t\t<\/div>\n\t\t\t\t<div class=\"elementor-element elementor-element-78aca8f0 elementor-shape-circle elementor-widget__width-initial elementor-grid-0 e-grid-align-center elementor-widget elementor-widget-social-icons\" data-id=\"78aca8f0\" data-element_type=\"widget\" data-e-type=\"widget\" data-widget_type=\"social-icons.default\">\n\t\t\t\t\t\t\t<div class=\"elementor-social-icons-wrapper elementor-grid\" role=\"list\">\n\t\t\t\t\t\t\t<span class=\"elementor-grid-item\" role=\"listitem\">\n\t\t\t\t\t<a class=\"elementor-icon elementor-social-icon elementor-social-icon-linkedin elementor-repeater-item-563bce6\" href=\"https:\/\/www.linkedin.com\/in\/simon-cohen-17bb2039\" target=\"_blank\">\n\t\t\t\t\t\t<span class=\"elementor-screen-only\">Linkedin<\/span>\n\t\t\t\t\t\t<svg aria-hidden=\"true\" class=\"e-font-icon-svg e-fab-linkedin\" viewbox=\"0 0 448 512\" xmlns=\"http:\/\/www.w3.org\/2000\/svg\"><path d=\"M416 32H31.9C14.3 32 0 46.5 0 64.3v383.4C0 465.5 14.3 480 31.9 480H416c17.6 0 32-14.5 32-32.3V64.3c0-17.8-14.4-32.3-32-32.3zM135.4 416H69V202.2h66.5V416zm-33.2-243c-21.3 0-38.5-17.3-38.5-38.5S80.9 96 102.2 96c21.2 0 38.5 17.3 38.5 38.5 0 21.3-17.2 38.5-38.5 38.5zm282.1 243h-66.4V312c0-24.8-.5-56.7-34.5-56.7-34.6 0-39.9 27-39.9 54.9V416h-66.4V202.2h63.7v29.2h.9c8.9-16.8 30.6-34.5 62.9-34.5 67.2 0 79.7 44.3 79.7 101.9V416z\"><\/path><\/svg>\t\t\t\t\t<\/a>\n\t\t\t\t<\/span>\n\t\t\t\t\t\t\t<span class=\"elementor-grid-item\" role=\"listitem\">\n\t\t\t\t\t<a class=\"elementor-icon elementor-social-icon elementor-social-icon-envelope elementor-repeater-item-6877446\" href=\"mailto:%20simoncohen@mtech-systems.com\" target=\"_blank\">\n\t\t\t\t\t\t<span class=\"elementor-screen-only\">Sobre<\/span>\n\t\t\t\t\t\t<svg aria-hidden=\"true\" class=\"e-font-icon-svg e-fas-envelope\" viewbox=\"0 0 512 512\" xmlns=\"http:\/\/www.w3.org\/2000\/svg\"><path d=\"M502.3 190.8c3.9-3.1 9.7-.2 9.7 4.7V400c0 26.5-21.5 48-48 48H48c-26.5 0-48-21.5-48-48V195.6c0-5 5.7-7.8 9.7-4.7 22.4 17.4 52.1 39.5 154.1 113.6 21.1 15.4 56.7 47.8 92.2 47.6 35.7.3 72-32.8 92.3-47.6 102-74.1 131.6-96.3 154-113.7zM256 320c23.2.4 56.6-29.2 73.4-41.4 132.7-96.3 142.8-104.7 173.4-128.7 5.8-4.5 9.2-11.5 9.2-18.9v-19c0-26.5-21.5-48-48-48H48C21.5 64 0 85.5 0 112v19c0 7.4 3.4 14.3 9.2 18.9 30.6 23.9 40.7 32.4 173.4 128.7 16.8 12.2 50.2 41.8 73.4 41.4z\"><\/path><\/svg>\t\t\t\t\t<\/a>\n\t\t\t\t<\/span>\n\t\t\t\t\t<\/div>\n\t\t\t\t\t\t<\/div>\n\t\t\t\t<\/div>\n\t\t<div class=\"elementor-element elementor-element-721886dd e-con-full e-flex e-con e-child\" data-id=\"721886dd\" data-element_type=\"container\" data-e-type=\"container\">\n\t\t\t\t<div class=\"elementor-element elementor-element-4c505005 elementor-widget__width-initial elementor-widget elementor-widget-icon-box\" data-id=\"4c505005\" data-element_type=\"widget\" data-e-type=\"widget\" data-widget_type=\"icon-box.default\">\n\t\t\t\t\t\t\t<div class=\"elementor-icon-box-wrapper\">\n\n\t\t\t\n\t\t\t\t\t\t<div class=\"elementor-icon-box-content\">\n\n\t\t\t\t\t\t\t\t\t<h1 class=\"elementor-icon-box-title\">\n\t\t\t\t\t\t<span  >\n\t\t\t\t\t\t\tSim\u00f3n Cohen\t\t\t\t\t\t<\/span>\n\t\t\t\t\t<\/h1>\n\t\t\t\t\n\t\t\t\t\t\t\t\t\t<p class=\"elementor-icon-box-description\">\n\t\t\t\t\t\tVicepresidente Ejecutivo de Desarrollo de Negocios\n\t\t\t\t\t<\/p>\n\t\t\t\t\n\t\t\t<\/div>\n\t\t\t\n\t\t<\/div>\n\t\t\t\t\t\t<\/div>\n\t\t\t\t<div class=\"elementor-element elementor-element-1abdf914 elementor-widget__width-initial elementor-widget elementor-widget-text-editor\" data-id=\"1abdf914\" data-element_type=\"widget\" data-e-type=\"widget\" data-widget_type=\"text-editor.default\">\n\t\t\t\t\t\t\t\t\tCrec\u00ed en Caracas, Venezuela, y m\u00e1s tarde obtuve mi licenciatura en Ingenier\u00eda Industrial en la Universidad del Sur de Georgia. Como parte de mi trayectoria profesional, trabaj\u00e9 en Systemate, en los Pa\u00edses Bajos, donde fui responsable del dise\u00f1o de plantas de procesamiento av\u00edcola. Actualmente, soy director de Marketing y Ventas y accionista de MTech Systems.\n\nSoy responsable de transformar el perfil de nuestra empresa, pasando de ser una compa\u00f1\u00eda regional en el sureste de Estados Unidos a convertirnos en un l\u00edder mundial en software para el sector agroindustrial. Me apasiona la vida y viajar, y disfruto empoderando a las personas para que vean los frutos de su arduo trabajo.\t\t\t\t\t\t\t\t<\/div>\n\t\t<div class=\"elementor-element elementor-element-68ef1ebb e-con-full e-flex e-con e-child\" data-id=\"68ef1ebb\" data-element_type=\"container\" data-e-type=\"container\">\n\t\t\t\t<div class=\"elementor-element elementor-element-670e6c97 elementor-widget elementor-widget-heading\" data-id=\"670e6c97\" data-element_type=\"widget\" data-e-type=\"widget\" data-widget_type=\"heading.default\">\n\t\t\t\t\t<h4 class=\"elementor-heading-title elementor-size-default\">Recursos recomendados por Simon<\/h4>\t\t\t\t<\/div>\n\t\t<div class=\"elementor-element elementor-element-439862c6 e-con-full e-flex e-con e-child\" data-id=\"439862c6\" data-element_type=\"container\" data-e-type=\"container\">\n\t\t\t\t<div class=\"elementor-element elementor-element-3ae7b62f elementor-widget__width-inherit elementor-widget-mobile__width-inherit elementor-widget elementor-widget-ucaddon_image_card_content_box\" data-id=\"3ae7b62f\" data-element_type=\"widget\" data-e-type=\"widget\" data-widget_type=\"ucaddon_image_card_content_box.default\">\n\t\t\t\t<div class=\"elementor-widget-container\">\n\t\t\t\t\t\n<!-- start Image Card -->\n<style>\/* widget: Image Card *\/\n\n.uc_classic_content *{\n\tbox-sizing: border-box;\n}\n\n#uc_image_card_content_box_elementor_3ae7b62f \n{\n\tfont-size:14px;\n\toverflow:hidden;\n\tcolor:#8a8a8a;\n\ttext-align:left;\n\tposition:relative;\n\twidth:100%;\n    box-shadow:rgba(0,0,0,0.10) 0px 5px 20px;\n}\n\n.uc_classic_content .uc_classic_content_content h2\n{\n\tfont-size:21px;\n    color:black;\n}\n\n.uc_classic_content .uc_classic_content_content p\n{\n\tline-height:1.5em;\n}\n\n.uc_classic_content .uc_classic_content_border\n{\n\tdisplay:block;\n    margin: 0 auto;\n}\n\n.uc_classic_content  .uc_classic_content_placeholder img\n{\n\twidth:100%;\n    object-fit:cover;\n}\n\n#uc_image_card_content_box_elementor_3ae7b62f .uc_classic_content_content \n{\n display: flex;\n flex-flow: column nowrap;\n}\n#uc_image_card_content_box_elementor_3ae7b62f .btn_wrap\n{\n  margin-top:auto;\n}\n#uc_image_card_content_box_elementor_3ae7b62f .uc_classic_content_content .uc_more_btn {\n\tdisplay:inline-block;\n\ttext-decoration:none;\n\ttransition: all 0.3s ease;\n    border-style:solid;\n    text-align:center;\n    \n\n}\n\n\n\n#uc_image_card_content_box_elementor_3ae7b62f {\n\tbox-shadow:none !important;\n}\n\n\n<\/style>\n\n<div class=\"uc_classic_content\" id=\"uc_image_card_content_box_elementor_3ae7b62f\">\n  <span class=\"uc_classic_content_border\"><\/span>\n    \t<div class=\"uc_classic_content_container_holder\">\n                  \t<div class=\"uc_classic_content_placeholder\">\n                <a href=\"https:\/\/mtech.docsend.com\/view\/w3cgqh973e7zvst6\" >        \t\t<img decoding=\"async\" src=\"https:\/\/mtechsystems.io\/wp-content\/uploads\/2023\/07\/mockup-innovative-platform-for-connecting-your-farm.webp\" alt=\"mockup - innovative platform for connecting your farm\">\n                <\/a>            <\/div>\n                      <div class=\"uc_classic_content_content\">\n              <h2 class=\"ue-title\">La plataforma innovadora para conectar tu granja<\/h2>                            \n              \n            <\/div>\n        <\/div>\n   <\/div>\n<!-- end Image Card -->\t\t\t\t<\/div>\n\t\t\t\t<\/div>\n\t\t\t\t<div class=\"elementor-element elementor-element-515e96dc elementor-widget__width-inherit elementor-widget-mobile__width-inherit elementor-widget elementor-widget-ucaddon_image_card_content_box\" data-id=\"515e96dc\" data-element_type=\"widget\" data-e-type=\"widget\" data-widget_type=\"ucaddon_image_card_content_box.default\">\n\t\t\t\t<div class=\"elementor-widget-container\">\n\t\t\t\t\t\n<!-- start Image Card -->\n<style>\/* widget: Image Card *\/\n\n.uc_classic_content *{\n\tbox-sizing: border-box;\n}\n\n#uc_image_card_content_box_elementor_515e96dc \n{\n\tfont-size:14px;\n\toverflow:hidden;\n\tcolor:#8a8a8a;\n\ttext-align:left;\n\tposition:relative;\n\twidth:100%;\n    box-shadow:rgba(0,0,0,0.10) 0px 5px 20px;\n}\n\n.uc_classic_content .uc_classic_content_content h2\n{\n\tfont-size:21px;\n    color:black;\n}\n\n.uc_classic_content .uc_classic_content_content p\n{\n\tline-height:1.5em;\n}\n\n.uc_classic_content .uc_classic_content_border\n{\n\tdisplay:block;\n    margin: 0 auto;\n}\n\n.uc_classic_content  .uc_classic_content_placeholder img\n{\n\twidth:100%;\n    object-fit:cover;\n}\n\n#uc_image_card_content_box_elementor_515e96dc .uc_classic_content_content \n{\n display: flex;\n flex-flow: column nowrap;\n}\n#uc_image_card_content_box_elementor_515e96dc .btn_wrap\n{\n  margin-top:auto;\n}\n#uc_image_card_content_box_elementor_515e96dc .uc_classic_content_content .uc_more_btn {\n\tdisplay:inline-block;\n\ttext-decoration:none;\n\ttransition: all 0.3s ease;\n    border-style:solid;\n    text-align:center;\n    \n\n}\n\n\n\n#uc_image_card_content_box_elementor_515e96dc {\n\tbox-shadow:none !important;\n}\n\n\n<\/style>\n\n<div class=\"uc_classic_content\" id=\"uc_image_card_content_box_elementor_515e96dc\">\n  <span class=\"uc_classic_content_border\"><\/span>\n    \t<div class=\"uc_classic_content_container_holder\">\n                  \t<div class=\"uc_classic_content_placeholder\">\n                <a href=\"https:\/\/mtech.docsend.com\/view\/u529ue798z9ajbaw\" >        \t\t<img decoding=\"async\" src=\"https:\/\/mtechsystems.io\/wp-content\/uploads\/2023\/07\/mockup-advantages-cloud-based.webp\" alt=\"mockup - advantages cloud based\">\n                <\/a>            <\/div>\n                      <div class=\"uc_classic_content_content\">\n              <h2 class=\"ue-title\">Las ventajas de una soluci\u00f3n basada en la nube<\/h2>                            \n              \n            <\/div>\n        <\/div>\n   <\/div>\n<!-- end Image Card -->\t\t\t\t<\/div>\n\t\t\t\t<\/div>\n\t\t\t\t<div class=\"elementor-element elementor-element-13391986 elementor-widget__width-inherit elementor-widget-mobile__width-inherit elementor-widget elementor-widget-ucaddon_image_card_content_box\" data-id=\"13391986\" data-element_type=\"widget\" data-e-type=\"widget\" data-widget_type=\"ucaddon_image_card_content_box.default\">\n\t\t\t\t<div class=\"elementor-widget-container\">\n\t\t\t\t\t\n<!-- start Image Card -->\n<style>\/* widget: Image Card *\/\n\n.uc_classic_content *{\n\tbox-sizing: border-box;\n}\n\n#uc_image_card_content_box_elementor_13391986 \n{\n\tfont-size:14px;\n\toverflow:hidden;\n\tcolor:#8a8a8a;\n\ttext-align:left;\n\tposition:relative;\n\twidth:100%;\n    box-shadow:rgba(0,0,0,0.10) 0px 5px 20px;\n}\n\n.uc_classic_content .uc_classic_content_content h2\n{\n\tfont-size:21px;\n    color:black;\n}\n\n.uc_classic_content .uc_classic_content_content p\n{\n\tline-height:1.5em;\n}\n\n.uc_classic_content .uc_classic_content_border\n{\n\tdisplay:block;\n    margin: 0 auto;\n}\n\n.uc_classic_content  .uc_classic_content_placeholder img\n{\n\twidth:100%;\n    object-fit:cover;\n}\n\n#uc_image_card_content_box_elementor_13391986 .uc_classic_content_content \n{\n display: flex;\n flex-flow: column nowrap;\n}\n#uc_image_card_content_box_elementor_13391986 .btn_wrap\n{\n  margin-top:auto;\n}\n#uc_image_card_content_box_elementor_13391986 .uc_classic_content_content .uc_more_btn {\n\tdisplay:inline-block;\n\ttext-decoration:none;\n\ttransition: all 0.3s ease;\n    border-style:solid;\n    text-align:center;\n    \n\n}\n\n\n\n#uc_image_card_content_box_elementor_13391986 {\n\tbox-shadow:none !important;\n}\n\n\n<\/style>\n\n<div class=\"uc_classic_content\" id=\"uc_image_card_content_box_elementor_13391986\">\n  <span class=\"uc_classic_content_border\"><\/span>\n    \t<div class=\"uc_classic_content_container_holder\">\n                  \t<div class=\"uc_classic_content_placeholder\">\n                <a href=\"https:\/\/mtech.docsend.com\/view\/qtx29anixxz4p27e\" >        \t\t<img decoding=\"async\" src=\"https:\/\/mtechsystems.io\/wp-content\/uploads\/2023\/07\/mockup-using-amino-to-connect-your-poultry-organization.webp\" alt=\"mockup - using amino to connect your poultry organization\">\n                <\/a>            <\/div>\n                      <div class=\"uc_classic_content_content\">\n              <h2 class=\"ue-title\">Usa Amino para conectar a tu organizaci\u00f3n av\u00edcola<\/h2>                            \n              \n            <\/div>\n        <\/div>\n   <\/div>\n<!-- end Image Card -->\t\t\t\t<\/div>\n\t\t\t\t<\/div>\n\t\t\t\t<\/div>\n\t\t\t\t<div class=\"elementor-element elementor-element-5cb59079 elementor-align-center elementor-widget elementor-widget-button\" data-id=\"5cb59079\" data-element_type=\"widget\" data-e-type=\"widget\" data-widget_type=\"button.default\">\n\t\t\t\t\t\t\t\t\t\t<a class=\"elementor-button elementor-button-link elementor-size-sm\" href=\"#\">\n\t\t\t\t\t\t<span class=\"elementor-button-content-wrapper\">\n\t\t\t\t\t\t<span class=\"elementor-button-icon\">\n\t\t\t\t<svg aria-hidden=\"true\" class=\"e-font-icon-svg e-fas-chevron-circle-right\" viewbox=\"0 0 512 512\" xmlns=\"http:\/\/www.w3.org\/2000\/svg\"><path d=\"M256 8c137 0 248 111 248 248S393 504 256 504 8 393 8 256 119 8 256 8zm113.9 231L234.4 103.5c-9.4-9.4-24.6-9.4-33.9 0l-17 17c-9.4 9.4-9.4 24.6 0 33.9L285.1 256 183.5 357.6c-9.4 9.4-9.4 24.6 0 33.9l17 17c9.4 9.4 24.6 9.4 33.9 0L369.9 273c9.4-9.4 9.4-24.6 0-34z\"><\/path><\/svg>\t\t\t<\/span>\n\t\t\t\t\t\t\t\t\t<span class=\"elementor-button-text\">Descubre m\u00e1s recursos<\/span>\n\t\t\t\t\t<\/span>\n\t\t\t\t\t<\/a>\n\t\t\t\t\t\t\t\t<\/div>\n\t\t\t\t<\/div>\n\t\t\t\t<\/div>\n\t\t\t\t<\/div>\n\t\t\t\t<\/div>","protected":false},"excerpt":{"rendered":"<p>Let&#8217;s chat Linkedin Envelope Simon Cohen Executive VP of Business Development I grew up in Caracas, Venezuela, and later received my bachelor\u2019s degree in industrial engineering from Georgia Southern University. As a part of my work experience, I worked with Systemate, Netherlands, where I was responsible for the design of poultry processing plants. Currently, I [&hellip;]<\/p>\n","protected":false},"author":2,"featured_media":0,"parent":8776,"menu_order":0,"comment_status":"closed","ping_status":"closed","template":"","meta":{"content-type":"","footnotes":""},"class_list":["post-31328","page","type-page","status-publish","hentry"],"yoast_head":"<!-- This site is optimized with the Yoast SEO plugin v27.5 - https:\/\/yoast.com\/product\/yoast-seo-wordpress\/ -->\n<title>Simon Cohen - MTech Systems<\/title>\n<meta name=\"robots\" content=\"index, follow, max-snippet:-1, max-image-preview:large, max-video-preview:-1\" \/>\n<link rel=\"canonical\" href=\"https:\/\/mtechsystems.io\/es\/linktree\/simon-cohen\/\" \/>\n<meta property=\"og:locale\" content=\"es_MX\" \/>\n<meta property=\"og:type\" content=\"article\" \/>\n<meta property=\"og:title\" content=\"Simon Cohen - MTech Systems\" \/>\n<meta property=\"og:description\" content=\"Let&#8217;s chat Linkedin Envelope Simon Cohen Executive VP of Business Development I grew up in Caracas, Venezuela, and later received my bachelor\u2019s degree in industrial engineering from Georgia Southern University. As a part of my work experience, I worked with Systemate, Netherlands, where I was responsible for the design of poultry processing plants. Currently, I [&hellip;]\" \/>\n<meta property=\"og:url\" content=\"https:\/\/mtechsystems.io\/es\/linktree\/simon-cohen\/\" \/>\n<meta property=\"og:site_name\" content=\"MTech Systems\" \/>\n<meta property=\"article:modified_time\" content=\"2025-07-04T14:01:50+00:00\" \/>\n<meta property=\"og:image\" content=\"https:\/\/mtechsystems.io\/wp-content\/uploads\/2025\/01\/pic-Simon-cohen-731x1024.jpeg\" \/>\n<meta name=\"twitter:card\" content=\"summary_large_image\" \/>\n<meta name=\"twitter:label1\" content=\"Tiempo de lectura\" \/>\n\t<meta name=\"twitter:data1\" content=\"1 minuto\" \/>\n<script type=\"application\/ld+json\" class=\"yoast-schema-graph\">{\"@context\":\"https:\\\/\\\/schema.org\",\"@graph\":[{\"@type\":\"WebPage\",\"@id\":\"https:\\\/\\\/mtechsystems.io\\\/linktree\\\/simon-cohen\\\/\",\"url\":\"https:\\\/\\\/mtechsystems.io\\\/linktree\\\/simon-cohen\\\/\",\"name\":\"Simon Cohen - MTech Systems\",\"isPartOf\":{\"@id\":\"https:\\\/\\\/mtechsystems.io\\\/#website\"},\"primaryImageOfPage\":{\"@id\":\"https:\\\/\\\/mtechsystems.io\\\/linktree\\\/simon-cohen\\\/#primaryimage\"},\"image\":{\"@id\":\"https:\\\/\\\/mtechsystems.io\\\/linktree\\\/simon-cohen\\\/#primaryimage\"},\"thumbnailUrl\":\"https:\\\/\\\/mtechsystems.io\\\/wp-content\\\/uploads\\\/2025\\\/01\\\/pic-Simon-cohen-731x1024.jpeg\",\"datePublished\":\"2025-01-06T17:37:18+00:00\",\"dateModified\":\"2025-07-04T14:01:50+00:00\",\"breadcrumb\":{\"@id\":\"https:\\\/\\\/mtechsystems.io\\\/linktree\\\/simon-cohen\\\/#breadcrumb\"},\"inLanguage\":\"es\",\"potentialAction\":[{\"@type\":\"ReadAction\",\"target\":[\"https:\\\/\\\/mtechsystems.io\\\/linktree\\\/simon-cohen\\\/\"]}]},{\"@type\":\"ImageObject\",\"inLanguage\":\"es\",\"@id\":\"https:\\\/\\\/mtechsystems.io\\\/linktree\\\/simon-cohen\\\/#primaryimage\",\"url\":\"https:\\\/\\\/mtechsystems.io\\\/wp-content\\\/uploads\\\/2025\\\/01\\\/pic-Simon-cohen-731x1024.jpeg\",\"contentUrl\":\"https:\\\/\\\/mtechsystems.io\\\/wp-content\\\/uploads\\\/2025\\\/01\\\/pic-Simon-cohen-731x1024.jpeg\"},{\"@type\":\"BreadcrumbList\",\"@id\":\"https:\\\/\\\/mtechsystems.io\\\/linktree\\\/simon-cohen\\\/#breadcrumb\",\"itemListElement\":[{\"@type\":\"ListItem\",\"position\":1,\"name\":\"Home\",\"item\":\"https:\\\/\\\/mtechsystems.io\\\/\"},{\"@type\":\"ListItem\",\"position\":2,\"name\":\"Sales: linktree\",\"item\":\"https:\\\/\\\/mtechsystems.io\\\/linktree\\\/\"},{\"@type\":\"ListItem\",\"position\":3,\"name\":\"Simon Cohen\"}]},{\"@type\":\"WebSite\",\"@id\":\"https:\\\/\\\/mtechsystems.io\\\/#website\",\"url\":\"https:\\\/\\\/mtechsystems.io\\\/\",\"name\":\"MTech Systems\",\"description\":\"FoodTech Innovation\",\"publisher\":{\"@id\":\"https:\\\/\\\/mtechsystems.io\\\/#organization\"},\"potentialAction\":[{\"@type\":\"SearchAction\",\"target\":{\"@type\":\"EntryPoint\",\"urlTemplate\":\"https:\\\/\\\/mtechsystems.io\\\/?s={search_term_string}\"},\"query-input\":{\"@type\":\"PropertyValueSpecification\",\"valueRequired\":true,\"valueName\":\"search_term_string\"}}],\"inLanguage\":\"es\"},{\"@type\":\"Organization\",\"@id\":\"https:\\\/\\\/mtechsystems.io\\\/#organization\",\"name\":\"MTech Systems\",\"url\":\"https:\\\/\\\/mtechsystems.io\\\/\",\"logo\":{\"@type\":\"ImageObject\",\"inLanguage\":\"es\",\"@id\":\"https:\\\/\\\/mtechsystems.io\\\/#\\\/schema\\\/logo\\\/image\\\/\",\"url\":\"https:\\\/\\\/mtechsystems.io\\\/wp-content\\\/uploads\\\/2020\\\/08\\\/cropped-MTechSystems-logo-blue-small.png\",\"contentUrl\":\"https:\\\/\\\/mtechsystems.io\\\/wp-content\\\/uploads\\\/2020\\\/08\\\/cropped-MTechSystems-logo-blue-small.png\",\"width\":356,\"height\":80,\"caption\":\"MTech Systems\"},\"image\":{\"@id\":\"https:\\\/\\\/mtechsystems.io\\\/#\\\/schema\\\/logo\\\/image\\\/\"}}]}<\/script>\n<!-- \/ Yoast SEO plugin. -->","yoast_head_json":{"title":"Simon Cohen - MTech Systems","robots":{"index":"index","follow":"follow","max-snippet":"max-snippet:-1","max-image-preview":"max-image-preview:large","max-video-preview":"max-video-preview:-1"},"canonical":"https:\/\/mtechsystems.io\/es\/linktree\/simon-cohen\/","og_locale":"es_MX","og_type":"article","og_title":"Simon Cohen - MTech Systems","og_description":"Let&#8217;s chat Linkedin Envelope Simon Cohen Executive VP of Business Development I grew up in Caracas, Venezuela, and later received my bachelor\u2019s degree in industrial engineering from Georgia Southern University. As a part of my work experience, I worked with Systemate, Netherlands, where I was responsible for the design of poultry processing plants. Currently, I [&hellip;]","og_url":"https:\/\/mtechsystems.io\/es\/linktree\/simon-cohen\/","og_site_name":"MTech Systems","article_modified_time":"2025-07-04T14:01:50+00:00","og_image":[{"url":"https:\/\/mtechsystems.io\/wp-content\/uploads\/2025\/01\/pic-Simon-cohen-731x1024.jpeg","type":"","width":"","height":""}],"twitter_card":"summary_large_image","twitter_misc":{"Tiempo de lectura":"1 minuto"},"schema":{"@context":"https:\/\/schema.org","@graph":[{"@type":"WebPage","@id":"https:\/\/mtechsystems.io\/linktree\/simon-cohen\/","url":"https:\/\/mtechsystems.io\/linktree\/simon-cohen\/","name":"Simon Cohen - MTech Systems","isPartOf":{"@id":"https:\/\/mtechsystems.io\/#website"},"primaryImageOfPage":{"@id":"https:\/\/mtechsystems.io\/linktree\/simon-cohen\/#primaryimage"},"image":{"@id":"https:\/\/mtechsystems.io\/linktree\/simon-cohen\/#primaryimage"},"thumbnailUrl":"https:\/\/mtechsystems.io\/wp-content\/uploads\/2025\/01\/pic-Simon-cohen-731x1024.jpeg","datePublished":"2025-01-06T17:37:18+00:00","dateModified":"2025-07-04T14:01:50+00:00","breadcrumb":{"@id":"https:\/\/mtechsystems.io\/linktree\/simon-cohen\/#breadcrumb"},"inLanguage":"es","potentialAction":[{"@type":"ReadAction","target":["https:\/\/mtechsystems.io\/linktree\/simon-cohen\/"]}]},{"@type":"ImageObject","inLanguage":"es","@id":"https:\/\/mtechsystems.io\/linktree\/simon-cohen\/#primaryimage","url":"https:\/\/mtechsystems.io\/wp-content\/uploads\/2025\/01\/pic-Simon-cohen-731x1024.jpeg","contentUrl":"https:\/\/mtechsystems.io\/wp-content\/uploads\/2025\/01\/pic-Simon-cohen-731x1024.jpeg"},{"@type":"BreadcrumbList","@id":"https:\/\/mtechsystems.io\/linktree\/simon-cohen\/#breadcrumb","itemListElement":[{"@type":"ListItem","position":1,"name":"Home","item":"https:\/\/mtechsystems.io\/"},{"@type":"ListItem","position":2,"name":"Sales: linktree","item":"https:\/\/mtechsystems.io\/linktree\/"},{"@type":"ListItem","position":3,"name":"Simon Cohen"}]},{"@type":"WebSite","@id":"https:\/\/mtechsystems.io\/#website","url":"https:\/\/mtechsystems.io\/","name":"Sistemas MTech","description":"Innovaci\u00f3n en tecnolog\u00eda alimentaria","publisher":{"@id":"https:\/\/mtechsystems.io\/#organization"},"potentialAction":[{"@type":"SearchAction","target":{"@type":"EntryPoint","urlTemplate":"https:\/\/mtechsystems.io\/?s={search_term_string}"},"query-input":{"@type":"PropertyValueSpecification","valueRequired":true,"valueName":"search_term_string"}}],"inLanguage":"es"},{"@type":"Organization","@id":"https:\/\/mtechsystems.io\/#organization","name":"Sistemas MTech","url":"https:\/\/mtechsystems.io\/","logo":{"@type":"ImageObject","inLanguage":"es","@id":"https:\/\/mtechsystems.io\/#\/schema\/logo\/image\/","url":"https:\/\/mtechsystems.io\/wp-content\/uploads\/2020\/08\/cropped-MTechSystems-logo-blue-small.png","contentUrl":"https:\/\/mtechsystems.io\/wp-content\/uploads\/2020\/08\/cropped-MTechSystems-logo-blue-small.png","width":356,"height":80,"caption":"MTech Systems"},"image":{"@id":"https:\/\/mtechsystems.io\/#\/schema\/logo\/image\/"}}]}},"_links":{"self":[{"href":"https:\/\/mtechsystems.io\/es\/wp-json\/wp\/v2\/pages\/31328","targetHints":{"allow":["GET"]}}],"collection":[{"href":"https:\/\/mtechsystems.io\/es\/wp-json\/wp\/v2\/pages"}],"about":[{"href":"https:\/\/mtechsystems.io\/es\/wp-json\/wp\/v2\/types\/page"}],"author":[{"embeddable":true,"href":"https:\/\/mtechsystems.io\/es\/wp-json\/wp\/v2\/users\/2"}],"replies":[{"embeddable":true,"href":"https:\/\/mtechsystems.io\/es\/wp-json\/wp\/v2\/comments?post=31328"}],"version-history":[{"count":13,"href":"https:\/\/mtechsystems.io\/es\/wp-json\/wp\/v2\/pages\/31328\/revisions"}],"predecessor-version":[{"id":32625,"href":"https:\/\/mtechsystems.io\/es\/wp-json\/wp\/v2\/pages\/31328\/revisions\/32625"}],"up":[{"embeddable":true,"href":"https:\/\/mtechsystems.io\/es\/wp-json\/wp\/v2\/pages\/8776"}],"wp:attachment":[{"href":"https:\/\/mtechsystems.io\/es\/wp-json\/wp\/v2\/media?parent=31328"}],"curies":[{"name":"wp","href":"https:\/\/api.w.org\/{rel}","templated":true}]}}