{"id":31413,"date":"2025-01-10T13:51:31","date_gmt":"2025-01-10T18:51:31","guid":{"rendered":"https:\/\/mtechsystems.io\/?page_id=31413"},"modified":"2025-01-13T11:02:25","modified_gmt":"2025-01-13T16:02:25","slug":"press-release","status":"publish","type":"page","link":"https:\/\/mtechsystems.io\/es\/press-release\/","title":{"rendered":"Comunicado de prensa"},"content":{"rendered":"<div data-elementor-type=\"wp-page\" data-elementor-id=\"31413\" class=\"elementor elementor-31413\" data-elementor-post-type=\"page\">\n\t\t\t\t<div class=\"elementor-element elementor-element-44b6d3f5 e-flex e-con-boxed e-con e-parent\" data-id=\"44b6d3f5\" data-element_type=\"container\" data-e-type=\"container\">\n\t\t\t\t\t<div class=\"e-con-inner\">\n\t\t\t\t<div class=\"elementor-element elementor-element-70619f3b elementor-widget elementor-widget-icon-box\" data-id=\"70619f3b\" data-element_type=\"widget\" data-e-type=\"widget\" data-widget_type=\"icon-box.default\">\n\t\t\t\t\t\t\t<div class=\"elementor-icon-box-wrapper\">\n\n\t\t\t\n\t\t\t\t\t\t<div class=\"elementor-icon-box-content\">\n\n\t\t\t\t\t\t\t\t\t<h1 class=\"elementor-icon-box-title\">\n\t\t\t\t\t\t<span  >\n\t\t\t\t\t\t\t<i>Prensa<\/i> Lanzamiento \t\t\t\t\t\t<\/span>\n\t\t\t\t\t<\/h1>\n\t\t\t\t\n\t\t\t\t\t\t\t\t\t<p class=\"elementor-icon-box-description\">\n\t\t\t\t\t\tLee los comunicados de prensa y las noticias recientes.\t\t\t\t\t<\/p>\n\t\t\t\t\n\t\t\t<\/div>\n\t\t\t\n\t\t<\/div>\n\t\t\t\t\t\t<\/div>\n\t\t\t\t\t<\/div>\n\t\t\t\t<\/div>\n\t\t<div class=\"elementor-element elementor-element-1170d3c3 e-flex e-con-boxed e-con e-parent\" data-id=\"1170d3c3\" data-element_type=\"container\" data-e-type=\"container\">\n\t\t\t\t\t<div class=\"e-con-inner\">\n\t\t\t\t<div class=\"elementor-element elementor-element-70eae1c5 elementor-widget elementor-widget-ucaddon_post_list\" data-id=\"70eae1c5\" data-element_type=\"widget\" data-e-type=\"widget\" data-widget_type=\"ucaddon_post_list.default\">\n\t\t\t\t<div class=\"elementor-widget-container\">\n\t\t\t\t\t\n<!-- start Post List -->\n\t\t<link id='font-awesome-css' href='https:\/\/mtechsystems.io\/wp-content\/plugins\/unlimited-elements-for-elementor-premium\/assets_libraries\/font-awesome6\/fontawesome-all.min.css' type='text\/css' rel='stylesheet' >\n\t\t<link id='font-awesome-4-shim-css' href='https:\/\/mtechsystems.io\/wp-content\/plugins\/unlimited-elements-for-elementor-premium\/assets_libraries\/font-awesome6\/fontawesome-v4-shims.min.css' type='text\/css' rel='stylesheet' >\n\n<style>\/* widget: Post List *\/\n\n\n\n#uc_post_list_elementor_70eae1c5\n{\n  display:grid;\n}\n\n\n#uc_post_list_elementor_70eae1c5 .uc_post_list_image div\n{\n  background-size:cover;\n  background-position:center;\n}\n\n\n.uc_post_list .uc_post_list_box{\n\tposition: relative;\n\toverflow: hidden;\n\tdisplay: flex;\n}\n\n#uc_post_list_elementor_70eae1c5 .uc_post_list_image\n{\n  flex-grow:0;\n  flex-shrink:0;\n}\n\n#uc_post_list_elementor_70eae1c5 .uc_post_list_image img\n{\n  width:100%;\n  display:block;\n  transition:0.3s;\n  \n}\n\n\n.uc_post_list_title a{\n\tcolor: #333333;\n}\n.uc_post_list_date{\n\tfont-size: 12px;\n}\n\n#uc_post_list_elementor_70eae1c5 .uc_post_list_content\n{\n  display:flex;\n  flex-direction:column;\n  flex:1;\n}\n\n#uc_post_list_elementor_70eae1c5 .uc_more_btn{\n\n  text-align:center;\n  text-decoration:none;\n  transition:0.3s;\n}\n\n#uc_post_list_elementor_70eae1c5 .button-on-side\n{\n  display:flex;\n  align-items:center;\n}\n\n\n.ue-grid-item-category a\n{\n  display:inline-block;\n  font-size:10px;\n  text-transform:uppercase;\n}\n\n#uc_post_list_elementor_70eae1c5 .ue-meta-data\n{\n  \n  display:flex;\n\n  flex-wrap: wrap;\n  line-height:1em;\n}\n\n#uc_post_list_elementor_70eae1c5 .ue-grid-item-meta-data\n{\n      display:inline-flex;\n      align-items:center;\n}\n\n.ue-grid-item-meta-data\n{\n  font-size:12px;\n}\n\n#uc_post_list_elementor_70eae1c5 .ue-grid-item-meta-data-icon\n{\n  line-height:1em;\n}\n\n#uc_post_list_elementor_70eae1c5 .ue-grid-item-meta-data-icon svg\n{\n  width:1em;\n  height:1em;\n}\n\n\n\n#uc_post_list_elementor_70eae1c5 .ue-debug-meta\n{\n  padding:10px;\n  border:1px solid red;\n  position:relative;\n  line-height:1.5em;\n  font-size:11px;\n  width:100%;\n}\n\n.uc-remote-parent .uc_post_list_box{\n\tcursor:pointer;\n}\n\n#uc_post_list_elementor_70eae1c5 .ue-post-link-overlay\n{\n  display:block;\n  position:absolute;\n  top:0;\n  bottom:0;\n  right:0;\n  left:0;\n}\n\n<\/style>\n\n<div class=\"uc_post_list uc-items-wrapper\" id=\"uc_post_list_elementor_70eae1c5\"  >    \t\n  <div class=\"uc_post_list_box\">\n    \n  \t\t\n  \n    <div class=\"uc_post_list_content\">\n      <div class=\"uc_post_list_content_inside\">\n        \n                        \n         <div class=\"uc_post_list_title\"><a target=\"_self\" href=\"https:\/\/mtechsystems.io\/es\/blog\/2026\/01\/20\/munters-foodtech-brings-its-product-brands-together-at-ippe-2026\/\" title=\"Munters FoodTech re\u00fane sus marcas de productos en la IPPE 2026 para respaldar las decisiones basadas en datos en toda la producci\u00f3n alimentaria.\">Munters FoodTech re\u00fane sus marcas de productos en la IPPE 2026 para respaldar las decisiones basadas en datos en toda la producci\u00f3n alimentaria.<\/a><\/div>\t\n         \n        <div class=\"ue-meta-data\">\n            <div class=\"ue-grid-item-meta-data\"><span class=\"ue-grid-item-meta-data-icon\"><i class='fas fa-calendar'><\/i><\/span>  20 de enero de 2026<\/div>                                   \n            \n          \n                        \n            \n                        \n                        \n            \n              \n          <\/div>         \n                \n                 \n                 \n      <\/div>\n    <\/div>\n     \n          <div class=\"button-on-side\">\n           <a target=\"_self\" href='https:\/\/mtechsystems.io\/es\/blog\/2026\/01\/20\/munters-foodtech-brings-its-product-brands-together-at-ippe-2026\/' class=\"uc_more_btn\" title=\"\">Leer comunicado de prensa \u2192<\/a>\n     <\/div>\n       \n  \n         <a target=\"_self\" href=\"https:\/\/mtechsystems.io\/es\/blog\/2026\/01\/20\/munters-foodtech-brings-its-product-brands-together-at-ippe-2026\/\" class=\"ue-post-link-overlay\"><\/a>\n   <\/div>\n<div class=\"uc_post_list_box\">\n    \n  \t\t\n  \n    <div class=\"uc_post_list_content\">\n      <div class=\"uc_post_list_content_inside\">\n        \n                        \n         <div class=\"uc_post_list_title\"><a target=\"_self\" href=\"https:\/\/mtechsystems.io\/es\/blog\/2024\/12\/31\/munters-foodtech-leads-the-charge-in-creating-a-global-digital-ecosystem-for-farms-management\/\" title=\"Munters FoodTech lidera la creaci\u00f3n de un ecosistema digital global para la gesti\u00f3n de explotaciones agr\u00edcolas\">Munters FoodTech lidera la creaci\u00f3n de un ecosistema digital global para la gesti\u00f3n de explotaciones agr\u00edcolas<\/a><\/div>\t\n         \n        <div class=\"ue-meta-data\">\n            <div class=\"ue-grid-item-meta-data\"><span class=\"ue-grid-item-meta-data-icon\"><i class='fas fa-calendar'><\/i><\/span>  31 de diciembre de 2024<\/div>                                   \n            \n          \n                        \n            \n                        \n                        \n            \n              \n          <\/div>         \n                \n                 \n                 \n      <\/div>\n    <\/div>\n     \n          <div class=\"button-on-side\">\n           <a target=\"_self\" href='https:\/\/mtechsystems.io\/es\/blog\/2024\/12\/31\/munters-foodtech-leads-the-charge-in-creating-a-global-digital-ecosystem-for-farms-management\/' class=\"uc_more_btn\" title=\"\">Leer comunicado de prensa \u2192<\/a>\n     <\/div>\n       \n  \n         <a target=\"_self\" href=\"https:\/\/mtechsystems.io\/es\/blog\/2024\/12\/31\/munters-foodtech-leads-the-charge-in-creating-a-global-digital-ecosystem-for-farms-management\/\" class=\"ue-post-link-overlay\"><\/a>\n   <\/div>\n\n<\/div>\n\n\n  <div id=\"uc_post_list_elementor_70eae1c5_empty_message\" class=\"ue-no-posts-found\"  style=\"display:none\" >No se encontraron publicaciones<\/div>\n\n\n<!-- end Post List -->\t\t\t\t<\/div>\n\t\t\t\t<\/div>\n\t\t\t\t\t<\/div>\n\t\t\t\t<\/div>\n\t\t\t\t<\/div>","protected":false},"excerpt":{"rendered":"<p>Press Release Read recent press releases and news. Munters FoodTech Leads the Charge in Creating a Global Digital Ecosystem for Farms Management December 31, 2024 Read press release \u2192 No posts found<\/p>","protected":false},"author":2,"featured_media":0,"parent":0,"menu_order":0,"comment_status":"closed","ping_status":"closed","template":"","meta":{"content-type":"","footnotes":""},"class_list":["post-31413","page","type-page","status-publish","hentry"],"_links":{"self":[{"href":"https:\/\/mtechsystems.io\/es\/wp-json\/wp\/v2\/pages\/31413","targetHints":{"allow":["GET"]}}],"collection":[{"href":"https:\/\/mtechsystems.io\/es\/wp-json\/wp\/v2\/pages"}],"about":[{"href":"https:\/\/mtechsystems.io\/es\/wp-json\/wp\/v2\/types\/page"}],"author":[{"embeddable":true,"href":"https:\/\/mtechsystems.io\/es\/wp-json\/wp\/v2\/users\/2"}],"replies":[{"embeddable":true,"href":"https:\/\/mtechsystems.io\/es\/wp-json\/wp\/v2\/comments?post=31413"}],"version-history":[{"count":7,"href":"https:\/\/mtechsystems.io\/es\/wp-json\/wp\/v2\/pages\/31413\/revisions"}],"predecessor-version":[{"id":31425,"href":"https:\/\/mtechsystems.io\/es\/wp-json\/wp\/v2\/pages\/31413\/revisions\/31425"}],"wp:attachment":[{"href":"https:\/\/mtechsystems.io\/es\/wp-json\/wp\/v2\/media?parent=31413"}],"curies":[{"name":"wp","href":"https:\/\/api.w.org\/{rel}","templated":true}]}}