{"id":31855,"date":"2025-01-28T09:40:07","date_gmt":"2025-01-28T14:40:07","guid":{"rendered":"https:\/\/mtechsystems.io\/?page_id=31855"},"modified":"2025-03-11T17:11:12","modified_gmt":"2025-03-11T21:11:12","slug":"nestor-valderrama","status":"publish","type":"page","link":"https:\/\/mtechsystems.io\/es\/linktree\/nestor-valderrama\/","title":{"rendered":"nestor"},"content":{"rendered":"<div data-elementor-type=\"wp-page\" data-elementor-id=\"31855\" class=\"elementor elementor-31855\" data-elementor-post-type=\"page\">\n\t\t\t\t<div class=\"elementor-element elementor-element-573c8ad9 e-con-full e-flex e-con e-parent\" data-id=\"573c8ad9\" data-element_type=\"container\" data-e-type=\"container\">\n\t\t<div class=\"elementor-element elementor-element-72104144 e-con-full e-flex e-con e-child\" data-id=\"72104144\" data-element_type=\"container\" data-e-type=\"container\">\n\t\t\t\t<div class=\"elementor-element elementor-element-f7fcf59 elementor-widget__width-initial elementor-widget elementor-widget-image\" data-id=\"f7fcf59\" data-element_type=\"widget\" data-e-type=\"widget\" data-widget_type=\"image.default\">\n\t\t\t\t\t\t\t\t\t\t\t\t\t\t\t<img fetchpriority=\"high\" decoding=\"async\" width=\"800\" height=\"982\" src=\"https:\/\/mtechsystems.io\/wp-content\/uploads\/2025\/01\/Nes-ok-834x1024.png\" class=\"attachment-large size-large wp-image-31864\" alt=\"\" srcset=\"https:\/\/mtechsystems.io\/wp-content\/uploads\/2025\/01\/Nes-ok-834x1024.png 834w, https:\/\/mtechsystems.io\/wp-content\/uploads\/2025\/01\/Nes-ok-244x300.png 244w, https:\/\/mtechsystems.io\/wp-content\/uploads\/2025\/01\/Nes-ok-768x943.png 768w, https:\/\/mtechsystems.io\/wp-content\/uploads\/2025\/01\/Nes-ok-1251x1536.png 1251w, https:\/\/mtechsystems.io\/wp-content\/uploads\/2025\/01\/Nes-ok.png 1452w\" sizes=\"(max-width: 800px) 100vw, 800px\" \/>\t\t\t\t\t\t\t\t\t\t\t\t\t\t\t<\/div>\n\t\t\t\t<div class=\"elementor-element elementor-element-2335e1eb elementor-widget__width-initial elementor-widget elementor-widget-heading\" data-id=\"2335e1eb\" data-element_type=\"widget\" data-e-type=\"widget\" data-widget_type=\"heading.default\">\n\t\t\t\t\t<h6 class=\"elementor-heading-title elementor-size-default\">Hablemos<\/h6>\t\t\t\t<\/div>\n\t\t\t\t<div class=\"elementor-element elementor-element-4d220a53 elementor-shape-circle elementor-widget__width-initial elementor-grid-0 e-grid-align-center elementor-widget elementor-widget-social-icons\" data-id=\"4d220a53\" data-element_type=\"widget\" data-e-type=\"widget\" data-widget_type=\"social-icons.default\">\n\t\t\t\t\t\t\t<div class=\"elementor-social-icons-wrapper elementor-grid\" role=\"list\">\n\t\t\t\t\t\t\t<span class=\"elementor-grid-item\" role=\"listitem\">\n\t\t\t\t\t<a class=\"elementor-icon elementor-social-icon elementor-social-icon-linkedin elementor-repeater-item-563bce6\" href=\"https:\/\/www.linkedin.com\/in\/nesvalder\/\" target=\"_blank\">\n\t\t\t\t\t\t<span class=\"elementor-screen-only\">Linkedin<\/span>\n\t\t\t\t\t\t<svg aria-hidden=\"true\" class=\"e-font-icon-svg e-fab-linkedin\" viewbox=\"0 0 448 512\" xmlns=\"http:\/\/www.w3.org\/2000\/svg\"><path d=\"M416 32H31.9C14.3 32 0 46.5 0 64.3v383.4C0 465.5 14.3 480 31.9 480H416c17.6 0 32-14.5 32-32.3V64.3c0-17.8-14.4-32.3-32-32.3zM135.4 416H69V202.2h66.5V416zm-33.2-243c-21.3 0-38.5-17.3-38.5-38.5S80.9 96 102.2 96c21.2 0 38.5 17.3 38.5 38.5 0 21.3-17.2 38.5-38.5 38.5zm282.1 243h-66.4V312c0-24.8-.5-56.7-34.5-56.7-34.6 0-39.9 27-39.9 54.9V416h-66.4V202.2h63.7v29.2h.9c8.9-16.8 30.6-34.5 62.9-34.5 67.2 0 79.7 44.3 79.7 101.9V416z\"><\/path><\/svg>\t\t\t\t\t<\/a>\n\t\t\t\t<\/span>\n\t\t\t\t\t\t\t<span class=\"elementor-grid-item\" role=\"listitem\">\n\t\t\t\t\t<a class=\"elementor-icon elementor-social-icon elementor-social-icon-envelope elementor-repeater-item-6877446\" href=\"mailto:%20nestorvalderrama@mtech-systems.com\" target=\"_blank\">\n\t\t\t\t\t\t<span class=\"elementor-screen-only\">Sobre<\/span>\n\t\t\t\t\t\t<svg aria-hidden=\"true\" class=\"e-font-icon-svg e-fas-envelope\" viewbox=\"0 0 512 512\" xmlns=\"http:\/\/www.w3.org\/2000\/svg\"><path d=\"M502.3 190.8c3.9-3.1 9.7-.2 9.7 4.7V400c0 26.5-21.5 48-48 48H48c-26.5 0-48-21.5-48-48V195.6c0-5 5.7-7.8 9.7-4.7 22.4 17.4 52.1 39.5 154.1 113.6 21.1 15.4 56.7 47.8 92.2 47.6 35.7.3 72-32.8 92.3-47.6 102-74.1 131.6-96.3 154-113.7zM256 320c23.2.4 56.6-29.2 73.4-41.4 132.7-96.3 142.8-104.7 173.4-128.7 5.8-4.5 9.2-11.5 9.2-18.9v-19c0-26.5-21.5-48-48-48H48C21.5 64 0 85.5 0 112v19c0 7.4 3.4 14.3 9.2 18.9 30.6 23.9 40.7 32.4 173.4 128.7 16.8 12.2 50.2 41.8 73.4 41.4z\"><\/path><\/svg>\t\t\t\t\t<\/a>\n\t\t\t\t<\/span>\n\t\t\t\t\t\t\t<span class=\"elementor-grid-item\" role=\"listitem\">\n\t\t\t\t\t<a class=\"elementor-icon elementor-social-icon elementor-social-icon-calendar-alt elementor-repeater-item-3186cf8\" href=\"https:\/\/meetings.hubspot.com\/danny-rotherham\" target=\"_blank\">\n\t\t\t\t\t\t<span class=\"elementor-screen-only\">Calendario-alt<\/span>\n\t\t\t\t\t\t<svg aria-hidden=\"true\" class=\"e-font-icon-svg e-far-calendar-alt\" viewbox=\"0 0 448 512\" xmlns=\"http:\/\/www.w3.org\/2000\/svg\"><path d=\"M148 288h-40c-6.6 0-12-5.4-12-12v-40c0-6.6 5.4-12 12-12h40c6.6 0 12 5.4 12 12v40c0 6.6-5.4 12-12 12zm108-12v-40c0-6.6-5.4-12-12-12h-40c-6.6 0-12 5.4-12 12v40c0 6.6 5.4 12 12 12h40c6.6 0 12-5.4 12-12zm96 0v-40c0-6.6-5.4-12-12-12h-40c-6.6 0-12 5.4-12 12v40c0 6.6 5.4 12 12 12h40c6.6 0 12-5.4 12-12zm-96 96v-40c0-6.6-5.4-12-12-12h-40c-6.6 0-12 5.4-12 12v40c0 6.6 5.4 12 12 12h40c6.6 0 12-5.4 12-12zm-96 0v-40c0-6.6-5.4-12-12-12h-40c-6.6 0-12 5.4-12 12v40c0 6.6 5.4 12 12 12h40c6.6 0 12-5.4 12-12zm192 0v-40c0-6.6-5.4-12-12-12h-40c-6.6 0-12 5.4-12 12v40c0 6.6 5.4 12 12 12h40c6.6 0 12-5.4 12-12zm96-260v352c0 26.5-21.5 48-48 48H48c-26.5 0-48-21.5-48-48V112c0-26.5 21.5-48 48-48h48V12c0-6.6 5.4-12 12-12h40c6.6 0 12 5.4 12 12v52h128V12c0-6.6 5.4-12 12-12h40c6.6 0 12 5.4 12 12v52h48c26.5 0 48 21.5 48 48zm-48 346V160H48v298c0 3.3 2.7 6 6 6h340c3.3 0 6-2.7 6-6z\"><\/path><\/svg>\t\t\t\t\t<\/a>\n\t\t\t\t<\/span>\n\t\t\t\t\t<\/div>\n\t\t\t\t\t\t<\/div>\n\t\t\t\t<\/div>\n\t\t<div class=\"elementor-element elementor-element-23599963 e-con-full e-flex e-con e-child\" data-id=\"23599963\" data-element_type=\"container\" data-e-type=\"container\">\n\t\t\t\t<div class=\"elementor-element elementor-element-61f5ec33 elementor-widget__width-initial elementor-widget-mobile__width-initial elementor-widget elementor-widget-icon-box\" data-id=\"61f5ec33\" data-element_type=\"widget\" data-e-type=\"widget\" data-widget_type=\"icon-box.default\">\n\t\t\t\t\t\t\t<div class=\"elementor-icon-box-wrapper\">\n\n\t\t\t\n\t\t\t\t\t\t<div class=\"elementor-icon-box-content\">\n\n\t\t\t\t\t\t\t\t\t<h1 class=\"elementor-icon-box-title\">\n\t\t\t\t\t\t<span  >\n\t\t\t\t\t\t\tN\u00e9stor Valderrama\t\t\t\t\t\t<\/span>\n\t\t\t\t\t<\/h1>\n\t\t\t\t\n\t\t\t\t\t\t\t\t\t<p class=\"elementor-icon-box-description\">\n\t\t\t\t\t\tEspecialista en Contenido y Redactor Publicitario\t\t\t\t\t<\/p>\n\t\t\t\t\n\t\t\t<\/div>\n\t\t\t\n\t\t<\/div>\n\t\t\t\t\t\t<\/div>\n\t\t\t\t<div class=\"elementor-element elementor-element-72c57815 elementor-widget__width-initial elementor-widget elementor-widget-text-editor\" data-id=\"72c57815\" data-element_type=\"widget\" data-e-type=\"widget\" data-widget_type=\"text-editor.default\">\n\t\t\t\t\t\t\t\t\t<p>Un experimentado profesional del marketing con una diversa trayectoria profesional que abarca litigios civiles, marketing pol\u00edtico, emprendimiento, redacci\u00f3n de guiones para comerciales de televisi\u00f3n, telecomunicaciones y marketing de SaaS B2B. Posee una licenciatura en ciencias pol\u00edticas y filosof\u00eda de la Florida International University.<\/p><p>En su rol actual en MTech Systems, N\u00e9stor ha liderado esfuerzos de marketing y el desarrollo de campa\u00f1as, guiando proyectos desde el concepto inicial hasta su exitosa ejecuci\u00f3n. Con una rica experiencia multicultural y la habilidad de simplificar conceptos intrincados, se destaca en la creaci\u00f3n de contenido de nicho que resuena con audiencias amplias y diversas.<\/p>\t\t\t\t\t\t\t\t<\/div>\n\t\t<div class=\"elementor-element elementor-element-f8601df e-con-full e-flex e-con e-child\" data-id=\"f8601df\" data-element_type=\"container\" data-e-type=\"container\">\n\t\t\t\t<div class=\"elementor-element elementor-element-7ea626ea elementor-widget elementor-widget-heading\" data-id=\"7ea626ea\" data-element_type=\"widget\" data-e-type=\"widget\" data-widget_type=\"heading.default\">\n\t\t\t\t\t<h4 class=\"elementor-heading-title elementor-size-default\">Recursos recomendados de N\u00e9stor<\/h4>\t\t\t\t<\/div>\n\t\t<div class=\"elementor-element elementor-element-5293ee36 e-con-full e-flex e-con e-child\" data-id=\"5293ee36\" data-element_type=\"container\" data-e-type=\"container\">\n\t\t\t\t<div class=\"elementor-element elementor-element-9435ef9 elementor-widget__width-initial elementor-widget elementor-widget-image\" data-id=\"9435ef9\" data-element_type=\"widget\" data-e-type=\"widget\" data-widget_type=\"image.default\">\n\t\t\t\t\t\t\t\t\t\t\t\t\t\t\t\t<a href=\"https:\/\/hubs.ly\/Q02x0LrJ0\">\n\t\t\t\t\t\t\t<img decoding=\"async\" width=\"720\" height=\"720\" src=\"https:\/\/mtechsystems.io\/wp-content\/uploads\/2024\/05\/Harnessing_innovation.png\" class=\"attachment-large size-large wp-image-28555\" alt=\"\" srcset=\"https:\/\/mtechsystems.io\/wp-content\/uploads\/2024\/05\/Harnessing_innovation.png 720w, https:\/\/mtechsystems.io\/wp-content\/uploads\/2024\/05\/Harnessing_innovation-300x300.png 300w, https:\/\/mtechsystems.io\/wp-content\/uploads\/2024\/05\/Harnessing_innovation-150x150.png 150w\" sizes=\"(max-width: 720px) 100vw, 720px\" \/>\t\t\t\t\t\t\t\t<\/a>\n\t\t\t\t\t\t\t\t\t\t\t\t\t\t\t<\/div>\n\t\t\t\t<div class=\"elementor-element elementor-element-3ecd9c1b elementor-widget__width-initial elementor-widget elementor-widget-image\" data-id=\"3ecd9c1b\" data-element_type=\"widget\" data-e-type=\"widget\" data-widget_type=\"image.default\">\n\t\t\t\t\t\t\t\t\t\t\t\t\t\t\t\t<a href=\"https:\/\/hubs.ly\/Q02x0LJn0\">\n\t\t\t\t\t\t\t<img decoding=\"async\" width=\"720\" height=\"720\" src=\"https:\/\/mtechsystems.io\/wp-content\/uploads\/2024\/05\/The_adventages_of_a_Cloud.png\" class=\"attachment-large size-large wp-image-28556\" alt=\"\" srcset=\"https:\/\/mtechsystems.io\/wp-content\/uploads\/2024\/05\/The_adventages_of_a_Cloud.png 720w, https:\/\/mtechsystems.io\/wp-content\/uploads\/2024\/05\/The_adventages_of_a_Cloud-300x300.png 300w, https:\/\/mtechsystems.io\/wp-content\/uploads\/2024\/05\/The_adventages_of_a_Cloud-150x150.png 150w\" sizes=\"(max-width: 720px) 100vw, 720px\" \/>\t\t\t\t\t\t\t\t<\/a>\n\t\t\t\t\t\t\t\t\t\t\t\t\t\t\t<\/div>\n\t\t\t\t<div class=\"elementor-element elementor-element-6d339b06 elementor-widget__width-initial elementor-widget elementor-widget-image\" data-id=\"6d339b06\" data-element_type=\"widget\" data-e-type=\"widget\" data-widget_type=\"image.default\">\n\t\t\t\t\t\t\t\t\t\t\t\t\t\t\t\t<a href=\"https:\/\/hubs.ly\/Q02x0M4b0\">\n\t\t\t\t\t\t\t<img loading=\"lazy\" decoding=\"async\" width=\"720\" height=\"720\" src=\"https:\/\/mtechsystems.io\/wp-content\/uploads\/2024\/05\/The-Innovative-Platform-for-Connecting-your-farm-03.png\" class=\"attachment-large size-large wp-image-28557\" alt=\"\" srcset=\"https:\/\/mtechsystems.io\/wp-content\/uploads\/2024\/05\/The-Innovative-Platform-for-Connecting-your-farm-03.png 720w, https:\/\/mtechsystems.io\/wp-content\/uploads\/2024\/05\/The-Innovative-Platform-for-Connecting-your-farm-03-300x300.png 300w, https:\/\/mtechsystems.io\/wp-content\/uploads\/2024\/05\/The-Innovative-Platform-for-Connecting-your-farm-03-150x150.png 150w\" sizes=\"(max-width: 720px) 100vw, 720px\" \/>\t\t\t\t\t\t\t\t<\/a>\n\t\t\t\t\t\t\t\t\t\t\t\t\t\t\t<\/div>\n\t\t\t\t<div class=\"elementor-element elementor-element-5ab259fe elementor-widget__width-initial elementor-widget elementor-widget-image\" data-id=\"5ab259fe\" data-element_type=\"widget\" data-e-type=\"widget\" data-widget_type=\"image.default\">\n\t\t\t\t\t\t\t\t\t\t\t\t\t\t\t\t<a href=\"https:\/\/hubs.ly\/Q02x0LZ10\">\n\t\t\t\t\t\t\t<img loading=\"lazy\" decoding=\"async\" width=\"720\" height=\"720\" src=\"https:\/\/mtechsystems.io\/wp-content\/uploads\/2024\/05\/Using-amino-yo-connect-your-whole-poultry-organization-02.png\" class=\"attachment-large size-large wp-image-28558\" alt=\"\" srcset=\"https:\/\/mtechsystems.io\/wp-content\/uploads\/2024\/05\/Using-amino-yo-connect-your-whole-poultry-organization-02.png 720w, https:\/\/mtechsystems.io\/wp-content\/uploads\/2024\/05\/Using-amino-yo-connect-your-whole-poultry-organization-02-300x300.png 300w, https:\/\/mtechsystems.io\/wp-content\/uploads\/2024\/05\/Using-amino-yo-connect-your-whole-poultry-organization-02-150x150.png 150w\" sizes=\"(max-width: 720px) 100vw, 720px\" \/>\t\t\t\t\t\t\t\t<\/a>\n\t\t\t\t\t\t\t\t\t\t\t\t\t\t\t<\/div>\n\t\t\t\t<\/div>\n\t\t\t\t<\/div>\n\t\t\t\t<\/div>\n\t\t\t\t<\/div>\n\t\t\t\t<\/div>","protected":false},"excerpt":{"rendered":"<p>Let&#8217;s chat Linkedin Envelope Calendar-alt N\u00e9stor Valderrama Content Specialist &#038; Copywriter A seasoned marketing professional with a diverse professional background that spans civil litigation, political marketing, entrepreneurship, TV commercial scripting, telecommunications, and B2B SaaS marketing. He holds a bachelor\u2019s degree in political science and philosophy from Florida International University. In his current role at MTech [&hellip;]<\/p>\n","protected":false},"author":9,"featured_media":0,"parent":8776,"menu_order":0,"comment_status":"closed","ping_status":"closed","template":"elementor_canvas","meta":{"content-type":"","footnotes":""},"class_list":["post-31855","page","type-page","status-publish","hentry"],"yoast_head":"<!-- This site is optimized with the Yoast SEO plugin v27.5 - https:\/\/yoast.com\/product\/yoast-seo-wordpress\/ -->\n<title>nestor - MTech Systems<\/title>\n<meta name=\"robots\" content=\"index, follow, max-snippet:-1, max-image-preview:large, max-video-preview:-1\" \/>\n<link rel=\"canonical\" href=\"https:\/\/mtechsystems.io\/es\/linktree\/nestor-valderrama\/\" \/>\n<meta property=\"og:locale\" content=\"es_MX\" \/>\n<meta property=\"og:type\" content=\"article\" \/>\n<meta property=\"og:title\" content=\"nestor - MTech Systems\" \/>\n<meta property=\"og:description\" content=\"Let&#8217;s chat Linkedin Envelope Calendar-alt N\u00e9stor Valderrama Content Specialist &#038; Copywriter A seasoned marketing professional with a diverse professional background that spans civil litigation, political marketing, entrepreneurship, TV commercial scripting, telecommunications, and B2B SaaS marketing. He holds a bachelor\u2019s degree in political science and philosophy from Florida International University. In his current role at MTech [&hellip;]\" \/>\n<meta property=\"og:url\" content=\"https:\/\/mtechsystems.io\/es\/linktree\/nestor-valderrama\/\" \/>\n<meta property=\"og:site_name\" content=\"MTech Systems\" \/>\n<meta property=\"article:modified_time\" content=\"2025-03-11T21:11:12+00:00\" \/>\n<meta property=\"og:image\" content=\"https:\/\/mtechsystems.io\/wp-content\/uploads\/2025\/01\/Nes-ok-834x1024.png\" \/>\n<meta name=\"twitter:card\" content=\"summary_large_image\" \/>\n<meta name=\"twitter:label1\" content=\"Tiempo de lectura\" \/>\n\t<meta name=\"twitter:data1\" content=\"2 minutos\" \/>\n<script type=\"application\/ld+json\" class=\"yoast-schema-graph\">{\"@context\":\"https:\\\/\\\/schema.org\",\"@graph\":[{\"@type\":\"WebPage\",\"@id\":\"https:\\\/\\\/mtechsystems.io\\\/linktree\\\/nestor-valderrama\\\/\",\"url\":\"https:\\\/\\\/mtechsystems.io\\\/linktree\\\/nestor-valderrama\\\/\",\"name\":\"nestor - MTech Systems\",\"isPartOf\":{\"@id\":\"https:\\\/\\\/mtechsystems.io\\\/#website\"},\"primaryImageOfPage\":{\"@id\":\"https:\\\/\\\/mtechsystems.io\\\/linktree\\\/nestor-valderrama\\\/#primaryimage\"},\"image\":{\"@id\":\"https:\\\/\\\/mtechsystems.io\\\/linktree\\\/nestor-valderrama\\\/#primaryimage\"},\"thumbnailUrl\":\"https:\\\/\\\/mtechsystems.io\\\/wp-content\\\/uploads\\\/2025\\\/01\\\/Nes-ok-834x1024.png\",\"datePublished\":\"2025-01-28T14:40:07+00:00\",\"dateModified\":\"2025-03-11T21:11:12+00:00\",\"breadcrumb\":{\"@id\":\"https:\\\/\\\/mtechsystems.io\\\/linktree\\\/nestor-valderrama\\\/#breadcrumb\"},\"inLanguage\":\"es\",\"potentialAction\":[{\"@type\":\"ReadAction\",\"target\":[\"https:\\\/\\\/mtechsystems.io\\\/linktree\\\/nestor-valderrama\\\/\"]}]},{\"@type\":\"ImageObject\",\"inLanguage\":\"es\",\"@id\":\"https:\\\/\\\/mtechsystems.io\\\/linktree\\\/nestor-valderrama\\\/#primaryimage\",\"url\":\"https:\\\/\\\/mtechsystems.io\\\/wp-content\\\/uploads\\\/2025\\\/01\\\/Nes-ok-834x1024.png\",\"contentUrl\":\"https:\\\/\\\/mtechsystems.io\\\/wp-content\\\/uploads\\\/2025\\\/01\\\/Nes-ok-834x1024.png\"},{\"@type\":\"BreadcrumbList\",\"@id\":\"https:\\\/\\\/mtechsystems.io\\\/linktree\\\/nestor-valderrama\\\/#breadcrumb\",\"itemListElement\":[{\"@type\":\"ListItem\",\"position\":1,\"name\":\"Home\",\"item\":\"https:\\\/\\\/mtechsystems.io\\\/\"},{\"@type\":\"ListItem\",\"position\":2,\"name\":\"Sales: linktree\",\"item\":\"https:\\\/\\\/mtechsystems.io\\\/linktree\\\/\"},{\"@type\":\"ListItem\",\"position\":3,\"name\":\"nestor\"}]},{\"@type\":\"WebSite\",\"@id\":\"https:\\\/\\\/mtechsystems.io\\\/#website\",\"url\":\"https:\\\/\\\/mtechsystems.io\\\/\",\"name\":\"MTech Systems\",\"description\":\"FoodTech Innovation\",\"publisher\":{\"@id\":\"https:\\\/\\\/mtechsystems.io\\\/#organization\"},\"potentialAction\":[{\"@type\":\"SearchAction\",\"target\":{\"@type\":\"EntryPoint\",\"urlTemplate\":\"https:\\\/\\\/mtechsystems.io\\\/?s={search_term_string}\"},\"query-input\":{\"@type\":\"PropertyValueSpecification\",\"valueRequired\":true,\"valueName\":\"search_term_string\"}}],\"inLanguage\":\"es\"},{\"@type\":\"Organization\",\"@id\":\"https:\\\/\\\/mtechsystems.io\\\/#organization\",\"name\":\"MTech Systems\",\"url\":\"https:\\\/\\\/mtechsystems.io\\\/\",\"logo\":{\"@type\":\"ImageObject\",\"inLanguage\":\"es\",\"@id\":\"https:\\\/\\\/mtechsystems.io\\\/#\\\/schema\\\/logo\\\/image\\\/\",\"url\":\"https:\\\/\\\/mtechsystems.io\\\/wp-content\\\/uploads\\\/2020\\\/08\\\/cropped-MTechSystems-logo-blue-small.png\",\"contentUrl\":\"https:\\\/\\\/mtechsystems.io\\\/wp-content\\\/uploads\\\/2020\\\/08\\\/cropped-MTechSystems-logo-blue-small.png\",\"width\":356,\"height\":80,\"caption\":\"MTech Systems\"},\"image\":{\"@id\":\"https:\\\/\\\/mtechsystems.io\\\/#\\\/schema\\\/logo\\\/image\\\/\"}}]}<\/script>\n<!-- \/ Yoast SEO plugin. -->","yoast_head_json":{"title":"nestor - MTech Systems","robots":{"index":"index","follow":"follow","max-snippet":"max-snippet:-1","max-image-preview":"max-image-preview:large","max-video-preview":"max-video-preview:-1"},"canonical":"https:\/\/mtechsystems.io\/es\/linktree\/nestor-valderrama\/","og_locale":"es_MX","og_type":"article","og_title":"nestor - MTech Systems","og_description":"Let&#8217;s chat Linkedin Envelope Calendar-alt N\u00e9stor Valderrama Content Specialist &#038; Copywriter A seasoned marketing professional with a diverse professional background that spans civil litigation, political marketing, entrepreneurship, TV commercial scripting, telecommunications, and B2B SaaS marketing. He holds a bachelor\u2019s degree in political science and philosophy from Florida International University. In his current role at MTech [&hellip;]","og_url":"https:\/\/mtechsystems.io\/es\/linktree\/nestor-valderrama\/","og_site_name":"MTech Systems","article_modified_time":"2025-03-11T21:11:12+00:00","og_image":[{"url":"https:\/\/mtechsystems.io\/wp-content\/uploads\/2025\/01\/Nes-ok-834x1024.png","type":"","width":"","height":""}],"twitter_card":"summary_large_image","twitter_misc":{"Tiempo de lectura":"2 minutos"},"schema":{"@context":"https:\/\/schema.org","@graph":[{"@type":"WebPage","@id":"https:\/\/mtechsystems.io\/linktree\/nestor-valderrama\/","url":"https:\/\/mtechsystems.io\/linktree\/nestor-valderrama\/","name":"nestor - MTech Systems","isPartOf":{"@id":"https:\/\/mtechsystems.io\/#website"},"primaryImageOfPage":{"@id":"https:\/\/mtechsystems.io\/linktree\/nestor-valderrama\/#primaryimage"},"image":{"@id":"https:\/\/mtechsystems.io\/linktree\/nestor-valderrama\/#primaryimage"},"thumbnailUrl":"https:\/\/mtechsystems.io\/wp-content\/uploads\/2025\/01\/Nes-ok-834x1024.png","datePublished":"2025-01-28T14:40:07+00:00","dateModified":"2025-03-11T21:11:12+00:00","breadcrumb":{"@id":"https:\/\/mtechsystems.io\/linktree\/nestor-valderrama\/#breadcrumb"},"inLanguage":"es","potentialAction":[{"@type":"ReadAction","target":["https:\/\/mtechsystems.io\/linktree\/nestor-valderrama\/"]}]},{"@type":"ImageObject","inLanguage":"es","@id":"https:\/\/mtechsystems.io\/linktree\/nestor-valderrama\/#primaryimage","url":"https:\/\/mtechsystems.io\/wp-content\/uploads\/2025\/01\/Nes-ok-834x1024.png","contentUrl":"https:\/\/mtechsystems.io\/wp-content\/uploads\/2025\/01\/Nes-ok-834x1024.png"},{"@type":"BreadcrumbList","@id":"https:\/\/mtechsystems.io\/linktree\/nestor-valderrama\/#breadcrumb","itemListElement":[{"@type":"ListItem","position":1,"name":"Home","item":"https:\/\/mtechsystems.io\/"},{"@type":"ListItem","position":2,"name":"Sales: linktree","item":"https:\/\/mtechsystems.io\/linktree\/"},{"@type":"ListItem","position":3,"name":"nestor"}]},{"@type":"WebSite","@id":"https:\/\/mtechsystems.io\/#website","url":"https:\/\/mtechsystems.io\/","name":"Sistemas MTech","description":"Innovaci\u00f3n en tecnolog\u00eda alimentaria","publisher":{"@id":"https:\/\/mtechsystems.io\/#organization"},"potentialAction":[{"@type":"SearchAction","target":{"@type":"EntryPoint","urlTemplate":"https:\/\/mtechsystems.io\/?s={search_term_string}"},"query-input":{"@type":"PropertyValueSpecification","valueRequired":true,"valueName":"search_term_string"}}],"inLanguage":"es"},{"@type":"Organization","@id":"https:\/\/mtechsystems.io\/#organization","name":"Sistemas MTech","url":"https:\/\/mtechsystems.io\/","logo":{"@type":"ImageObject","inLanguage":"es","@id":"https:\/\/mtechsystems.io\/#\/schema\/logo\/image\/","url":"https:\/\/mtechsystems.io\/wp-content\/uploads\/2020\/08\/cropped-MTechSystems-logo-blue-small.png","contentUrl":"https:\/\/mtechsystems.io\/wp-content\/uploads\/2020\/08\/cropped-MTechSystems-logo-blue-small.png","width":356,"height":80,"caption":"MTech Systems"},"image":{"@id":"https:\/\/mtechsystems.io\/#\/schema\/logo\/image\/"}}]}},"_links":{"self":[{"href":"https:\/\/mtechsystems.io\/es\/wp-json\/wp\/v2\/pages\/31855","targetHints":{"allow":["GET"]}}],"collection":[{"href":"https:\/\/mtechsystems.io\/es\/wp-json\/wp\/v2\/pages"}],"about":[{"href":"https:\/\/mtechsystems.io\/es\/wp-json\/wp\/v2\/types\/page"}],"author":[{"embeddable":true,"href":"https:\/\/mtechsystems.io\/es\/wp-json\/wp\/v2\/users\/9"}],"replies":[{"embeddable":true,"href":"https:\/\/mtechsystems.io\/es\/wp-json\/wp\/v2\/comments?post=31855"}],"version-history":[{"count":14,"href":"https:\/\/mtechsystems.io\/es\/wp-json\/wp\/v2\/pages\/31855\/revisions"}],"predecessor-version":[{"id":31870,"href":"https:\/\/mtechsystems.io\/es\/wp-json\/wp\/v2\/pages\/31855\/revisions\/31870"}],"up":[{"embeddable":true,"href":"https:\/\/mtechsystems.io\/es\/wp-json\/wp\/v2\/pages\/8776"}],"wp:attachment":[{"href":"https:\/\/mtechsystems.io\/es\/wp-json\/wp\/v2\/media?parent=31855"}],"curies":[{"name":"wp","href":"https:\/\/api.w.org\/{rel}","templated":true}]}}