{"id":28403,"date":"2024-05-09T10:04:16","date_gmt":"2024-05-09T14:04:16","guid":{"rendered":"https:\/\/mtechsystems.io\/?page_id=28403"},"modified":"2024-05-13T18:05:11","modified_gmt":"2024-05-13T22:05:11","slug":"ozhan-colpan","status":"publish","type":"page","link":"https:\/\/mtechsystems.io\/pt\/linktree\/ozhan-colpan\/","title":{"rendered":"\u00d6zhan \u00c7olpan"},"content":{"rendered":"<div data-elementor-type=\"wp-page\" data-elementor-id=\"28403\" class=\"elementor elementor-28403\" data-elementor-post-type=\"page\">\n\t\t\t\t<div class=\"elementor-element elementor-element-dd05d6e e-con-full e-flex e-con e-parent\" data-id=\"dd05d6e\" data-element_type=\"container\" data-e-type=\"container\">\n\t\t<div class=\"elementor-element elementor-element-9372b6f e-con-full e-flex e-con e-child\" data-id=\"9372b6f\" data-element_type=\"container\" data-e-type=\"container\">\n\t\t\t\t<div class=\"elementor-element elementor-element-a656ff7 elementor-widget__width-initial elementor-widget elementor-widget-image\" data-id=\"a656ff7\" data-element_type=\"widget\" data-e-type=\"widget\" data-widget_type=\"image.default\">\n\t\t\t\t\t\t\t\t\t\t\t\t\t\t\t<img fetchpriority=\"high\" decoding=\"async\" width=\"800\" height=\"763\" src=\"https:\/\/mtechsystems.io\/wp-content\/uploads\/2024\/05\/Ozhan-Colpan-1024x977.png\" class=\"attachment-large size-large wp-image-28426\" alt=\"\" srcset=\"https:\/\/mtechsystems.io\/wp-content\/uploads\/2024\/05\/Ozhan-Colpan-1024x977.png 1024w, https:\/\/mtechsystems.io\/wp-content\/uploads\/2024\/05\/Ozhan-Colpan-300x286.png 300w, https:\/\/mtechsystems.io\/wp-content\/uploads\/2024\/05\/Ozhan-Colpan-768x732.png 768w, https:\/\/mtechsystems.io\/wp-content\/uploads\/2024\/05\/Ozhan-Colpan.png 1445w\" sizes=\"(max-width: 800px) 100vw, 800px\" \/>\t\t\t\t\t\t\t\t\t\t\t\t\t\t\t<\/div>\n\t\t\t\t<div class=\"elementor-element elementor-element-dac003f elementor-widget__width-initial elementor-widget elementor-widget-heading\" data-id=\"dac003f\" data-element_type=\"widget\" data-e-type=\"widget\" data-widget_type=\"heading.default\">\n\t\t\t\t\t<h6 class=\"elementor-heading-title elementor-size-default\">Vamos conversar<\/h6>\t\t\t\t<\/div>\n\t\t\t\t<div class=\"elementor-element elementor-element-7712e83 elementor-shape-circle elementor-widget__width-initial elementor-grid-0 e-grid-align-center elementor-widget elementor-widget-social-icons\" data-id=\"7712e83\" data-element_type=\"widget\" data-e-type=\"widget\" data-widget_type=\"social-icons.default\">\n\t\t\t\t\t\t\t<div class=\"elementor-social-icons-wrapper elementor-grid\" role=\"list\">\n\t\t\t\t\t\t\t<span class=\"elementor-grid-item\" role=\"listitem\">\n\t\t\t\t\t<a class=\"elementor-icon elementor-social-icon elementor-social-icon-linkedin elementor-repeater-item-563bce6\" href=\"https:\/\/tr.linkedin.com\/in\/\u00f6zhan-\u00e7olpan-41387b191\" target=\"_blank\">\n\t\t\t\t\t\t<span class=\"elementor-screen-only\">Linkedin<\/span>\n\t\t\t\t\t\t<svg aria-hidden=\"true\" class=\"e-font-icon-svg e-fab-linkedin\" viewbox=\"0 0 448 512\" xmlns=\"http:\/\/www.w3.org\/2000\/svg\"><path d=\"M416 32H31.9C14.3 32 0 46.5 0 64.3v383.4C0 465.5 14.3 480 31.9 480H416c17.6 0 32-14.5 32-32.3V64.3c0-17.8-14.4-32.3-32-32.3zM135.4 416H69V202.2h66.5V416zm-33.2-243c-21.3 0-38.5-17.3-38.5-38.5S80.9 96 102.2 96c21.2 0 38.5 17.3 38.5 38.5 0 21.3-17.2 38.5-38.5 38.5zm282.1 243h-66.4V312c0-24.8-.5-56.7-34.5-56.7-34.6 0-39.9 27-39.9 54.9V416h-66.4V202.2h63.7v29.2h.9c8.9-16.8 30.6-34.5 62.9-34.5 67.2 0 79.7 44.3 79.7 101.9V416z\"><\/path><\/svg>\t\t\t\t\t<\/a>\n\t\t\t\t<\/span>\n\t\t\t\t\t\t\t<span class=\"elementor-grid-item\" role=\"listitem\">\n\t\t\t\t\t<a class=\"elementor-icon elementor-social-icon elementor-social-icon-envelope elementor-repeater-item-6877446\" href=\"mailto:ozhancolpan@mtech-systems.com\" target=\"_blank\">\n\t\t\t\t\t\t<span class=\"elementor-screen-only\">Envelope<\/span>\n\t\t\t\t\t\t<svg aria-hidden=\"true\" class=\"e-font-icon-svg e-fas-envelope\" viewbox=\"0 0 512 512\" xmlns=\"http:\/\/www.w3.org\/2000\/svg\"><path d=\"M502.3 190.8c3.9-3.1 9.7-.2 9.7 4.7V400c0 26.5-21.5 48-48 48H48c-26.5 0-48-21.5-48-48V195.6c0-5 5.7-7.8 9.7-4.7 22.4 17.4 52.1 39.5 154.1 113.6 21.1 15.4 56.7 47.8 92.2 47.6 35.7.3 72-32.8 92.3-47.6 102-74.1 131.6-96.3 154-113.7zM256 320c23.2.4 56.6-29.2 73.4-41.4 132.7-96.3 142.8-104.7 173.4-128.7 5.8-4.5 9.2-11.5 9.2-18.9v-19c0-26.5-21.5-48-48-48H48C21.5 64 0 85.5 0 112v19c0 7.4 3.4 14.3 9.2 18.9 30.6 23.9 40.7 32.4 173.4 128.7 16.8 12.2 50.2 41.8 73.4 41.4z\"><\/path><\/svg>\t\t\t\t\t<\/a>\n\t\t\t\t<\/span>\n\t\t\t\t\t<\/div>\n\t\t\t\t\t\t<\/div>\n\t\t\t\t<\/div>\n\t\t<div class=\"elementor-element elementor-element-13ec877 e-con-full e-flex e-con e-child\" data-id=\"13ec877\" data-element_type=\"container\" data-e-type=\"container\">\n\t\t\t\t<div class=\"elementor-element elementor-element-05da168 elementor-widget__width-initial elementor-widget elementor-widget-icon-box\" data-id=\"05da168\" data-element_type=\"widget\" data-e-type=\"widget\" data-widget_type=\"icon-box.default\">\n\t\t\t\t\t\t\t<div class=\"elementor-icon-box-wrapper\">\n\n\t\t\t\n\t\t\t\t\t\t<div class=\"elementor-icon-box-content\">\n\n\t\t\t\t\t\t\t\t\t<h1 class=\"elementor-icon-box-title\">\n\t\t\t\t\t\t<span  >\n\t\t\t\t\t\t\t\u00d6zhan \u00c7olpan\t\t\t\t\t\t<\/span>\n\t\t\t\t\t<\/h1>\n\t\t\t\t\n\t\t\t\t\t\t\t\t\t<p class=\"elementor-icon-box-description\">\n\t\t\t\t\t\tRepresentante de Desenvolvimento de Neg\u00f3cios\t\t\t\t\t<\/p>\n\t\t\t\t\n\t\t\t<\/div>\n\t\t\t\n\t\t<\/div>\n\t\t\t\t\t\t<\/div>\n\t\t\t\t<div class=\"elementor-element elementor-element-d936c32 elementor-widget__width-initial elementor-widget elementor-widget-text-editor\" data-id=\"d936c32\" data-element_type=\"widget\" data-e-type=\"widget\" data-widget_type=\"text-editor.default\">\n\t\t\t\t\t\t\t\t\t<p>Por mais de 10 anos, \u00d6zhan trabalhou como gerente de vendas no setor av\u00edcola e gerenciou v\u00e1rios projetos em todos os processos, desde incubadoras, produ\u00e7\u00e3o de frangos de corte e matrizes, sistemas de gaiolas, abatedouros e instala\u00e7\u00f5es de produ\u00e7\u00e3o de ra\u00e7\u00e3o com sistemas completos e estudos de projetos.\u00a0<\/p><p>Nos \u00faltimos 7 anos, \u00d6zhan foi gerente de vendas internacionais da Munters. Nesse processo, ele criou novas concession\u00e1rias na Turquia e nos pa\u00edses da CEI e contribuiu para que os produtos da Munters chegassem a mais usu\u00e1rios e para que eles alcan\u00e7assem alta efici\u00eancia e baixos custos de energia em seus projetos.<\/p>\t\t\t\t\t\t\t\t<\/div>\n\t\t<div class=\"elementor-element elementor-element-8de6d91 e-con-full e-flex e-con e-child\" data-id=\"8de6d91\" data-element_type=\"container\" data-e-type=\"container\">\n\t\t\t\t<div class=\"elementor-element elementor-element-267a271 elementor-widget elementor-widget-heading\" data-id=\"267a271\" data-element_type=\"widget\" data-e-type=\"widget\" data-widget_type=\"heading.default\">\n\t\t\t\t\t<h4 class=\"elementor-heading-title elementor-size-default\">Recursos recomendados por \u00d6zhan<\/h4>\t\t\t\t<\/div>\n\t\t<div class=\"elementor-element elementor-element-2979744 e-con-full e-flex e-con e-child\" data-id=\"2979744\" data-element_type=\"container\" data-e-type=\"container\">\n\t\t\t\t<div class=\"elementor-element elementor-element-0895bed elementor-widget__width-initial elementor-widget elementor-widget-image\" data-id=\"0895bed\" data-element_type=\"widget\" data-e-type=\"widget\" data-widget_type=\"image.default\">\n\t\t\t\t\t\t\t\t\t\t\t\t\t\t\t\t<a href=\"https:\/\/hubs.ly\/Q02x0LrJ0\">\n\t\t\t\t\t\t\t<img decoding=\"async\" width=\"720\" height=\"720\" src=\"https:\/\/mtechsystems.io\/wp-content\/uploads\/2024\/05\/Harnessing_innovation.png\" class=\"attachment-large size-large wp-image-28555\" alt=\"\" srcset=\"https:\/\/mtechsystems.io\/wp-content\/uploads\/2024\/05\/Harnessing_innovation.png 720w, https:\/\/mtechsystems.io\/wp-content\/uploads\/2024\/05\/Harnessing_innovation-300x300.png 300w, https:\/\/mtechsystems.io\/wp-content\/uploads\/2024\/05\/Harnessing_innovation-150x150.png 150w\" sizes=\"(max-width: 720px) 100vw, 720px\" \/>\t\t\t\t\t\t\t\t<\/a>\n\t\t\t\t\t\t\t\t\t\t\t\t\t\t\t<\/div>\n\t\t\t\t<div class=\"elementor-element elementor-element-8af55b2 elementor-widget__width-initial elementor-widget elementor-widget-image\" data-id=\"8af55b2\" data-element_type=\"widget\" data-e-type=\"widget\" data-widget_type=\"image.default\">\n\t\t\t\t\t\t\t\t\t\t\t\t\t\t\t\t<a href=\"https:\/\/hubs.ly\/Q02x0LJn0\">\n\t\t\t\t\t\t\t<img decoding=\"async\" width=\"720\" height=\"720\" src=\"https:\/\/mtechsystems.io\/wp-content\/uploads\/2024\/05\/The_adventages_of_a_Cloud.png\" class=\"attachment-large size-large wp-image-28556\" alt=\"\" srcset=\"https:\/\/mtechsystems.io\/wp-content\/uploads\/2024\/05\/The_adventages_of_a_Cloud.png 720w, https:\/\/mtechsystems.io\/wp-content\/uploads\/2024\/05\/The_adventages_of_a_Cloud-300x300.png 300w, https:\/\/mtechsystems.io\/wp-content\/uploads\/2024\/05\/The_adventages_of_a_Cloud-150x150.png 150w\" sizes=\"(max-width: 720px) 100vw, 720px\" \/>\t\t\t\t\t\t\t\t<\/a>\n\t\t\t\t\t\t\t\t\t\t\t\t\t\t\t<\/div>\n\t\t\t\t<div class=\"elementor-element elementor-element-f0d64c9 elementor-widget__width-initial elementor-widget elementor-widget-image\" data-id=\"f0d64c9\" data-element_type=\"widget\" data-e-type=\"widget\" data-widget_type=\"image.default\">\n\t\t\t\t\t\t\t\t\t\t\t\t\t\t\t\t<a href=\"https:\/\/hubs.ly\/Q02x0M4b0\">\n\t\t\t\t\t\t\t<img loading=\"lazy\" decoding=\"async\" width=\"720\" height=\"720\" src=\"https:\/\/mtechsystems.io\/wp-content\/uploads\/2024\/05\/The-Innovative-Platform-for-Connecting-your-farm-03.png\" class=\"attachment-large size-large wp-image-28557\" alt=\"\" srcset=\"https:\/\/mtechsystems.io\/wp-content\/uploads\/2024\/05\/The-Innovative-Platform-for-Connecting-your-farm-03.png 720w, https:\/\/mtechsystems.io\/wp-content\/uploads\/2024\/05\/The-Innovative-Platform-for-Connecting-your-farm-03-300x300.png 300w, https:\/\/mtechsystems.io\/wp-content\/uploads\/2024\/05\/The-Innovative-Platform-for-Connecting-your-farm-03-150x150.png 150w\" sizes=\"(max-width: 720px) 100vw, 720px\" \/>\t\t\t\t\t\t\t\t<\/a>\n\t\t\t\t\t\t\t\t\t\t\t\t\t\t\t<\/div>\n\t\t\t\t<div class=\"elementor-element elementor-element-af4149b elementor-widget__width-initial elementor-widget elementor-widget-image\" data-id=\"af4149b\" data-element_type=\"widget\" data-e-type=\"widget\" data-widget_type=\"image.default\">\n\t\t\t\t\t\t\t\t\t\t\t\t\t\t\t\t<a href=\"https:\/\/hubs.ly\/Q02x0LZ10\">\n\t\t\t\t\t\t\t<img loading=\"lazy\" decoding=\"async\" width=\"720\" height=\"720\" src=\"https:\/\/mtechsystems.io\/wp-content\/uploads\/2024\/05\/Using-amino-yo-connect-your-whole-poultry-organization-02.png\" class=\"attachment-large size-large wp-image-28558\" alt=\"\" srcset=\"https:\/\/mtechsystems.io\/wp-content\/uploads\/2024\/05\/Using-amino-yo-connect-your-whole-poultry-organization-02.png 720w, https:\/\/mtechsystems.io\/wp-content\/uploads\/2024\/05\/Using-amino-yo-connect-your-whole-poultry-organization-02-300x300.png 300w, https:\/\/mtechsystems.io\/wp-content\/uploads\/2024\/05\/Using-amino-yo-connect-your-whole-poultry-organization-02-150x150.png 150w\" sizes=\"(max-width: 720px) 100vw, 720px\" \/>\t\t\t\t\t\t\t\t<\/a>\n\t\t\t\t\t\t\t\t\t\t\t\t\t\t\t<\/div>\n\t\t\t\t<\/div>\n\t\t\t\t<\/div>\n\t\t\t\t<\/div>\n\t\t\t\t<\/div>\n\t\t\t\t<\/div>","protected":false},"excerpt":{"rendered":"<p>Let&#8217;s chat Linkedin Envelope \u00d6zhan \u00c7olpan Business Development Representative For more than 10 years, \u00d6zhan has worked as a sales manager in the poultry sector and has managed multiple projects in all processes from incubator, broiler and breeder production, cage systems, slaughterhouse, and feed production facilities with complete systems and project studies.\u00a0 For the last [&hellip;]<\/p>\n","protected":false},"author":2,"featured_media":0,"parent":8776,"menu_order":0,"comment_status":"closed","ping_status":"closed","template":"","meta":{"content-type":"","footnotes":""},"class_list":["post-28403","page","type-page","status-publish","hentry"],"yoast_head":"<!-- This site is optimized with the Yoast SEO plugin v27.4 - https:\/\/yoast.com\/product\/yoast-seo-wordpress\/ -->\n<title>\u00d6zhan \u00c7olpan - MTech Systems<\/title>\n<meta name=\"robots\" content=\"index, follow, max-snippet:-1, max-image-preview:large, max-video-preview:-1\" \/>\n<link rel=\"canonical\" href=\"https:\/\/mtechsystems.io\/pt\/linktree\/ozhan-colpan\/\" \/>\n<meta property=\"og:locale\" content=\"pt_BR\" \/>\n<meta property=\"og:type\" content=\"article\" \/>\n<meta property=\"og:title\" content=\"\u00d6zhan \u00c7olpan - MTech Systems\" \/>\n<meta property=\"og:description\" content=\"Let&#8217;s chat Linkedin Envelope \u00d6zhan \u00c7olpan Business Development Representative For more than 10 years, \u00d6zhan has worked as a sales manager in the poultry sector and has managed multiple projects in all processes from incubator, broiler and breeder production, cage systems, slaughterhouse, and feed production facilities with complete systems and project studies.\u00a0 For the last [&hellip;]\" \/>\n<meta property=\"og:url\" content=\"https:\/\/mtechsystems.io\/pt\/linktree\/ozhan-colpan\/\" \/>\n<meta property=\"og:site_name\" content=\"MTech Systems\" \/>\n<meta property=\"article:modified_time\" content=\"2024-05-13T22:05:11+00:00\" \/>\n<meta property=\"og:image\" content=\"https:\/\/mtechsystems.io\/wp-content\/uploads\/2024\/05\/Ozhan-Colpan-1024x977.png\" \/>\n<meta name=\"twitter:card\" content=\"summary_large_image\" \/>\n<meta name=\"twitter:label1\" content=\"Est. tempo de leitura\" \/>\n\t<meta name=\"twitter:data1\" content=\"2 minutos\" \/>\n<script type=\"application\/ld+json\" class=\"yoast-schema-graph\">{\"@context\":\"https:\\\/\\\/schema.org\",\"@graph\":[{\"@type\":\"WebPage\",\"@id\":\"https:\\\/\\\/mtechsystems.io\\\/linktree\\\/ozhan-colpan\\\/\",\"url\":\"https:\\\/\\\/mtechsystems.io\\\/linktree\\\/ozhan-colpan\\\/\",\"name\":\"\u00d6zhan \u00c7olpan - MTech Systems\",\"isPartOf\":{\"@id\":\"https:\\\/\\\/mtechsystems.io\\\/#website\"},\"primaryImageOfPage\":{\"@id\":\"https:\\\/\\\/mtechsystems.io\\\/linktree\\\/ozhan-colpan\\\/#primaryimage\"},\"image\":{\"@id\":\"https:\\\/\\\/mtechsystems.io\\\/linktree\\\/ozhan-colpan\\\/#primaryimage\"},\"thumbnailUrl\":\"https:\\\/\\\/mtechsystems.io\\\/wp-content\\\/uploads\\\/2024\\\/05\\\/Ozhan-Colpan-1024x977.png\",\"datePublished\":\"2024-05-09T14:04:16+00:00\",\"dateModified\":\"2024-05-13T22:05:11+00:00\",\"breadcrumb\":{\"@id\":\"https:\\\/\\\/mtechsystems.io\\\/linktree\\\/ozhan-colpan\\\/#breadcrumb\"},\"inLanguage\":\"pt-BR\",\"potentialAction\":[{\"@type\":\"ReadAction\",\"target\":[\"https:\\\/\\\/mtechsystems.io\\\/linktree\\\/ozhan-colpan\\\/\"]}]},{\"@type\":\"ImageObject\",\"inLanguage\":\"pt-BR\",\"@id\":\"https:\\\/\\\/mtechsystems.io\\\/linktree\\\/ozhan-colpan\\\/#primaryimage\",\"url\":\"https:\\\/\\\/mtechsystems.io\\\/wp-content\\\/uploads\\\/2024\\\/05\\\/Ozhan-Colpan-1024x977.png\",\"contentUrl\":\"https:\\\/\\\/mtechsystems.io\\\/wp-content\\\/uploads\\\/2024\\\/05\\\/Ozhan-Colpan-1024x977.png\"},{\"@type\":\"BreadcrumbList\",\"@id\":\"https:\\\/\\\/mtechsystems.io\\\/linktree\\\/ozhan-colpan\\\/#breadcrumb\",\"itemListElement\":[{\"@type\":\"ListItem\",\"position\":1,\"name\":\"Home\",\"item\":\"https:\\\/\\\/mtechsystems.io\\\/\"},{\"@type\":\"ListItem\",\"position\":2,\"name\":\"Sales: linktree\",\"item\":\"https:\\\/\\\/mtechsystems.io\\\/linktree\\\/\"},{\"@type\":\"ListItem\",\"position\":3,\"name\":\"\u00d6zhan \u00c7olpan\"}]},{\"@type\":\"WebSite\",\"@id\":\"https:\\\/\\\/mtechsystems.io\\\/#website\",\"url\":\"https:\\\/\\\/mtechsystems.io\\\/\",\"name\":\"MTech Systems\",\"description\":\"FoodTech Innovation\",\"publisher\":{\"@id\":\"https:\\\/\\\/mtechsystems.io\\\/#organization\"},\"potentialAction\":[{\"@type\":\"SearchAction\",\"target\":{\"@type\":\"EntryPoint\",\"urlTemplate\":\"https:\\\/\\\/mtechsystems.io\\\/?s={search_term_string}\"},\"query-input\":{\"@type\":\"PropertyValueSpecification\",\"valueRequired\":true,\"valueName\":\"search_term_string\"}}],\"inLanguage\":\"pt-BR\"},{\"@type\":\"Organization\",\"@id\":\"https:\\\/\\\/mtechsystems.io\\\/#organization\",\"name\":\"MTech Systems\",\"url\":\"https:\\\/\\\/mtechsystems.io\\\/\",\"logo\":{\"@type\":\"ImageObject\",\"inLanguage\":\"pt-BR\",\"@id\":\"https:\\\/\\\/mtechsystems.io\\\/#\\\/schema\\\/logo\\\/image\\\/\",\"url\":\"https:\\\/\\\/mtechsystems.io\\\/wp-content\\\/uploads\\\/2020\\\/08\\\/cropped-MTechSystems-logo-blue-small.png\",\"contentUrl\":\"https:\\\/\\\/mtechsystems.io\\\/wp-content\\\/uploads\\\/2020\\\/08\\\/cropped-MTechSystems-logo-blue-small.png\",\"width\":356,\"height\":80,\"caption\":\"MTech Systems\"},\"image\":{\"@id\":\"https:\\\/\\\/mtechsystems.io\\\/#\\\/schema\\\/logo\\\/image\\\/\"}}]}<\/script>\n<!-- \/ Yoast SEO plugin. -->","yoast_head_json":{"title":"\u00d6zhan \u00c7olpan - MTech Systems","robots":{"index":"index","follow":"follow","max-snippet":"max-snippet:-1","max-image-preview":"max-image-preview:large","max-video-preview":"max-video-preview:-1"},"canonical":"https:\/\/mtechsystems.io\/pt\/linktree\/ozhan-colpan\/","og_locale":"pt_BR","og_type":"article","og_title":"\u00d6zhan \u00c7olpan - MTech Systems","og_description":"Let&#8217;s chat Linkedin Envelope \u00d6zhan \u00c7olpan Business Development Representative For more than 10 years, \u00d6zhan has worked as a sales manager in the poultry sector and has managed multiple projects in all processes from incubator, broiler and breeder production, cage systems, slaughterhouse, and feed production facilities with complete systems and project studies.\u00a0 For the last [&hellip;]","og_url":"https:\/\/mtechsystems.io\/pt\/linktree\/ozhan-colpan\/","og_site_name":"MTech Systems","article_modified_time":"2024-05-13T22:05:11+00:00","og_image":[{"url":"https:\/\/mtechsystems.io\/wp-content\/uploads\/2024\/05\/Ozhan-Colpan-1024x977.png","type":"","width":"","height":""}],"twitter_card":"summary_large_image","twitter_misc":{"Est. tempo de leitura":"2 minutos"},"schema":{"@context":"https:\/\/schema.org","@graph":[{"@type":"WebPage","@id":"https:\/\/mtechsystems.io\/linktree\/ozhan-colpan\/","url":"https:\/\/mtechsystems.io\/linktree\/ozhan-colpan\/","name":"\u00d6zhan \u00c7olpan - MTech Systems","isPartOf":{"@id":"https:\/\/mtechsystems.io\/#website"},"primaryImageOfPage":{"@id":"https:\/\/mtechsystems.io\/linktree\/ozhan-colpan\/#primaryimage"},"image":{"@id":"https:\/\/mtechsystems.io\/linktree\/ozhan-colpan\/#primaryimage"},"thumbnailUrl":"https:\/\/mtechsystems.io\/wp-content\/uploads\/2024\/05\/Ozhan-Colpan-1024x977.png","datePublished":"2024-05-09T14:04:16+00:00","dateModified":"2024-05-13T22:05:11+00:00","breadcrumb":{"@id":"https:\/\/mtechsystems.io\/linktree\/ozhan-colpan\/#breadcrumb"},"inLanguage":"pt-BR","potentialAction":[{"@type":"ReadAction","target":["https:\/\/mtechsystems.io\/linktree\/ozhan-colpan\/"]}]},{"@type":"ImageObject","inLanguage":"pt-BR","@id":"https:\/\/mtechsystems.io\/linktree\/ozhan-colpan\/#primaryimage","url":"https:\/\/mtechsystems.io\/wp-content\/uploads\/2024\/05\/Ozhan-Colpan-1024x977.png","contentUrl":"https:\/\/mtechsystems.io\/wp-content\/uploads\/2024\/05\/Ozhan-Colpan-1024x977.png"},{"@type":"BreadcrumbList","@id":"https:\/\/mtechsystems.io\/linktree\/ozhan-colpan\/#breadcrumb","itemListElement":[{"@type":"ListItem","position":1,"name":"Home","item":"https:\/\/mtechsystems.io\/"},{"@type":"ListItem","position":2,"name":"Sales: linktree","item":"https:\/\/mtechsystems.io\/linktree\/"},{"@type":"ListItem","position":3,"name":"\u00d6zhan \u00c7olpan"}]},{"@type":"WebSite","@id":"https:\/\/mtechsystems.io\/#website","url":"https:\/\/mtechsystems.io\/","name":"Sistemas MTech","description":"Inova\u00e7\u00e3o em FoodTech","publisher":{"@id":"https:\/\/mtechsystems.io\/#organization"},"potentialAction":[{"@type":"SearchAction","target":{"@type":"EntryPoint","urlTemplate":"https:\/\/mtechsystems.io\/?s={search_term_string}"},"query-input":{"@type":"PropertyValueSpecification","valueRequired":true,"valueName":"search_term_string"}}],"inLanguage":"pt-BR"},{"@type":"Organization","@id":"https:\/\/mtechsystems.io\/#organization","name":"Sistemas MTech","url":"https:\/\/mtechsystems.io\/","logo":{"@type":"ImageObject","inLanguage":"pt-BR","@id":"https:\/\/mtechsystems.io\/#\/schema\/logo\/image\/","url":"https:\/\/mtechsystems.io\/wp-content\/uploads\/2020\/08\/cropped-MTechSystems-logo-blue-small.png","contentUrl":"https:\/\/mtechsystems.io\/wp-content\/uploads\/2020\/08\/cropped-MTechSystems-logo-blue-small.png","width":356,"height":80,"caption":"MTech Systems"},"image":{"@id":"https:\/\/mtechsystems.io\/#\/schema\/logo\/image\/"}}]}},"_links":{"self":[{"href":"https:\/\/mtechsystems.io\/pt\/wp-json\/wp\/v2\/pages\/28403","targetHints":{"allow":["GET"]}}],"collection":[{"href":"https:\/\/mtechsystems.io\/pt\/wp-json\/wp\/v2\/pages"}],"about":[{"href":"https:\/\/mtechsystems.io\/pt\/wp-json\/wp\/v2\/types\/page"}],"author":[{"embeddable":true,"href":"https:\/\/mtechsystems.io\/pt\/wp-json\/wp\/v2\/users\/2"}],"replies":[{"embeddable":true,"href":"https:\/\/mtechsystems.io\/pt\/wp-json\/wp\/v2\/comments?post=28403"}],"version-history":[{"count":25,"href":"https:\/\/mtechsystems.io\/pt\/wp-json\/wp\/v2\/pages\/28403\/revisions"}],"predecessor-version":[{"id":28611,"href":"https:\/\/mtechsystems.io\/pt\/wp-json\/wp\/v2\/pages\/28403\/revisions\/28611"}],"up":[{"embeddable":true,"href":"https:\/\/mtechsystems.io\/pt\/wp-json\/wp\/v2\/pages\/8776"}],"wp:attachment":[{"href":"https:\/\/mtechsystems.io\/pt\/wp-json\/wp\/v2\/media?parent=28403"}],"curies":[{"name":"wp","href":"https:\/\/api.w.org\/{rel}","templated":true}]}}