{"id":31348,"date":"2025-01-06T16:50:26","date_gmt":"2025-01-06T21:50:26","guid":{"rendered":"https:\/\/mtechsystems.io\/?page_id=31348"},"modified":"2025-01-06T17:00:24","modified_gmt":"2025-01-06T22:00:24","slug":"nathan-lamb","status":"publish","type":"page","link":"https:\/\/mtechsystems.io\/pt\/linktree\/nathan-lamb\/","title":{"rendered":"Nathan Lamb"},"content":{"rendered":"<div data-elementor-type=\"wp-page\" data-elementor-id=\"31348\" class=\"elementor elementor-31348\" data-elementor-post-type=\"page\">\n\t\t\t\t<div class=\"elementor-element elementor-element-48f36e7 e-con-full e-flex e-con e-parent\" data-id=\"48f36e7\" data-element_type=\"container\" data-e-type=\"container\">\n\t\t<div class=\"elementor-element elementor-element-70071c98 e-con-full e-flex e-con e-child\" data-id=\"70071c98\" data-element_type=\"container\" data-e-type=\"container\">\n\t\t\t\t<div class=\"elementor-element elementor-element-3fbc5414 elementor-widget__width-initial elementor-widget elementor-widget-image\" data-id=\"3fbc5414\" data-element_type=\"widget\" data-e-type=\"widget\" data-widget_type=\"image.default\">\n\t\t\t\t\t\t\t\t\t\t\t\t\t\t\t<img fetchpriority=\"high\" decoding=\"async\" width=\"683\" height=\"1024\" src=\"https:\/\/mtechsystems.io\/wp-content\/uploads\/2025\/01\/pic-nathan-lamb-683x1024.webp\" class=\"attachment-large size-large wp-image-31353\" alt=\"\" srcset=\"https:\/\/mtechsystems.io\/wp-content\/uploads\/2025\/01\/pic-nathan-lamb-683x1024.webp 683w, https:\/\/mtechsystems.io\/wp-content\/uploads\/2025\/01\/pic-nathan-lamb-200x300.webp 200w, https:\/\/mtechsystems.io\/wp-content\/uploads\/2025\/01\/pic-nathan-lamb-768x1152.webp 768w, https:\/\/mtechsystems.io\/wp-content\/uploads\/2025\/01\/pic-nathan-lamb-1024x1536.webp 1024w, https:\/\/mtechsystems.io\/wp-content\/uploads\/2025\/01\/pic-nathan-lamb-1365x2048.webp 1365w, https:\/\/mtechsystems.io\/wp-content\/uploads\/2025\/01\/pic-nathan-lamb-scaled.webp 1707w\" sizes=\"(max-width: 683px) 100vw, 683px\" \/>\t\t\t\t\t\t\t\t\t\t\t\t\t\t\t<\/div>\n\t\t\t\t<div class=\"elementor-element elementor-element-4a3a315c elementor-widget__width-initial elementor-widget elementor-widget-heading\" data-id=\"4a3a315c\" data-element_type=\"widget\" data-e-type=\"widget\" data-widget_type=\"heading.default\">\n\t\t\t\t\t<h6 class=\"elementor-heading-title elementor-size-default\">Vamos conversar<\/h6>\t\t\t\t<\/div>\n\t\t\t\t<div class=\"elementor-element elementor-element-75548859 elementor-shape-circle elementor-widget__width-initial elementor-grid-0 e-grid-align-center elementor-widget elementor-widget-social-icons\" data-id=\"75548859\" data-element_type=\"widget\" data-e-type=\"widget\" data-widget_type=\"social-icons.default\">\n\t\t\t\t\t\t\t<div class=\"elementor-social-icons-wrapper elementor-grid\" role=\"list\">\n\t\t\t\t\t\t\t<span class=\"elementor-grid-item\" role=\"listitem\">\n\t\t\t\t\t<a class=\"elementor-icon elementor-social-icon elementor-social-icon-linkedin elementor-repeater-item-563bce6\" href=\"https:\/\/www.linkedin.com\/in\/nathan-lamb-380bb138\" target=\"_blank\">\n\t\t\t\t\t\t<span class=\"elementor-screen-only\">Linkedin<\/span>\n\t\t\t\t\t\t<svg aria-hidden=\"true\" class=\"e-font-icon-svg e-fab-linkedin\" viewbox=\"0 0 448 512\" xmlns=\"http:\/\/www.w3.org\/2000\/svg\"><path d=\"M416 32H31.9C14.3 32 0 46.5 0 64.3v383.4C0 465.5 14.3 480 31.9 480H416c17.6 0 32-14.5 32-32.3V64.3c0-17.8-14.4-32.3-32-32.3zM135.4 416H69V202.2h66.5V416zm-33.2-243c-21.3 0-38.5-17.3-38.5-38.5S80.9 96 102.2 96c21.2 0 38.5 17.3 38.5 38.5 0 21.3-17.2 38.5-38.5 38.5zm282.1 243h-66.4V312c0-24.8-.5-56.7-34.5-56.7-34.6 0-39.9 27-39.9 54.9V416h-66.4V202.2h63.7v29.2h.9c8.9-16.8 30.6-34.5 62.9-34.5 67.2 0 79.7 44.3 79.7 101.9V416z\"><\/path><\/svg>\t\t\t\t\t<\/a>\n\t\t\t\t<\/span>\n\t\t\t\t\t\t\t<span class=\"elementor-grid-item\" role=\"listitem\">\n\t\t\t\t\t<a class=\"elementor-icon elementor-social-icon elementor-social-icon-envelope elementor-repeater-item-6877446\" href=\"mailto:nathanlamb@mtech-systems.com\" target=\"_blank\">\n\t\t\t\t\t\t<span class=\"elementor-screen-only\">Envelope<\/span>\n\t\t\t\t\t\t<svg aria-hidden=\"true\" class=\"e-font-icon-svg e-fas-envelope\" viewbox=\"0 0 512 512\" xmlns=\"http:\/\/www.w3.org\/2000\/svg\"><path d=\"M502.3 190.8c3.9-3.1 9.7-.2 9.7 4.7V400c0 26.5-21.5 48-48 48H48c-26.5 0-48-21.5-48-48V195.6c0-5 5.7-7.8 9.7-4.7 22.4 17.4 52.1 39.5 154.1 113.6 21.1 15.4 56.7 47.8 92.2 47.6 35.7.3 72-32.8 92.3-47.6 102-74.1 131.6-96.3 154-113.7zM256 320c23.2.4 56.6-29.2 73.4-41.4 132.7-96.3 142.8-104.7 173.4-128.7 5.8-4.5 9.2-11.5 9.2-18.9v-19c0-26.5-21.5-48-48-48H48C21.5 64 0 85.5 0 112v19c0 7.4 3.4 14.3 9.2 18.9 30.6 23.9 40.7 32.4 173.4 128.7 16.8 12.2 50.2 41.8 73.4 41.4z\"><\/path><\/svg>\t\t\t\t\t<\/a>\n\t\t\t\t<\/span>\n\t\t\t\t\t<\/div>\n\t\t\t\t\t\t<\/div>\n\t\t\t\t<\/div>\n\t\t<div class=\"elementor-element elementor-element-217c73df e-con-full e-flex e-con e-child\" data-id=\"217c73df\" data-element_type=\"container\" data-e-type=\"container\">\n\t\t\t\t<div class=\"elementor-element elementor-element-1bcd3306 elementor-widget__width-initial elementor-widget-mobile__width-initial elementor-widget elementor-widget-icon-box\" data-id=\"1bcd3306\" data-element_type=\"widget\" data-e-type=\"widget\" data-widget_type=\"icon-box.default\">\n\t\t\t\t\t\t\t<div class=\"elementor-icon-box-wrapper\">\n\n\t\t\t\n\t\t\t\t\t\t<div class=\"elementor-icon-box-content\">\n\n\t\t\t\t\t\t\t\t\t<h1 class=\"elementor-icon-box-title\">\n\t\t\t\t\t\t<span  >\n\t\t\t\t\t\t\tNathan Lamb\t\t\t\t\t\t<\/span>\n\t\t\t\t\t<\/h1>\n\t\t\t\t\n\t\t\t\t\t\t\t\t\t<p class=\"elementor-icon-box-description\">\n\t\t\t\t\t\tGerente de engenharia de vendas\t\t\t\t\t<\/p>\n\t\t\t\t\n\t\t\t<\/div>\n\t\t\t\n\t\t<\/div>\n\t\t\t\t\t\t<\/div>\n\t\t\t\t<div class=\"elementor-element elementor-element-51557b38 elementor-widget__width-initial elementor-widget elementor-widget-text-editor\" data-id=\"51557b38\" data-element_type=\"widget\" data-e-type=\"widget\" data-widget_type=\"text-editor.default\">\n\t\t\t\t\t\t\t\t\tCom mais de 9 anos na MTech Systems, Nathan tem sido uma pe\u00e7a-chave na condu\u00e7\u00e3o do sucesso de clientes em todo o mundo. Sua experi\u00eancia em gerenciamento da cadeia de suprimentos, otimiza\u00e7\u00e3o de processos de neg\u00f3cios e descoberta de dados financeiros ocultos ajudou os clientes a aumentar a efici\u00eancia e a lucratividade.\t\t\t\t\t\t\t\t<\/div>\n\t\t<div class=\"elementor-element elementor-element-5a5a5ca5 e-con-full e-flex e-con e-child\" data-id=\"5a5a5ca5\" data-element_type=\"container\" data-e-type=\"container\">\n\t\t\t\t<div class=\"elementor-element elementor-element-408be603 elementor-widget elementor-widget-heading\" data-id=\"408be603\" data-element_type=\"widget\" data-e-type=\"widget\" data-widget_type=\"heading.default\">\n\t\t\t\t\t<h4 class=\"elementor-heading-title elementor-size-default\">Recursos recomendados por Nathan<\/h4>\t\t\t\t<\/div>\n\t\t<div class=\"elementor-element elementor-element-212dcfa8 e-con-full e-flex e-con e-child\" data-id=\"212dcfa8\" data-element_type=\"container\" data-e-type=\"container\">\n\t\t\t\t<div class=\"elementor-element elementor-element-1a877f47 elementor-widget__width-initial elementor-widget elementor-widget-image\" data-id=\"1a877f47\" data-element_type=\"widget\" data-e-type=\"widget\" data-widget_type=\"image.default\">\n\t\t\t\t\t\t\t\t\t\t\t\t\t\t\t\t<a href=\"https:\/\/hubs.ly\/Q02x0LrJ0\">\n\t\t\t\t\t\t\t<img decoding=\"async\" width=\"720\" height=\"720\" src=\"https:\/\/mtechsystems.io\/wp-content\/uploads\/2024\/05\/Harnessing_innovation.png\" class=\"attachment-large size-large wp-image-28555\" alt=\"\" srcset=\"https:\/\/mtechsystems.io\/wp-content\/uploads\/2024\/05\/Harnessing_innovation.png 720w, https:\/\/mtechsystems.io\/wp-content\/uploads\/2024\/05\/Harnessing_innovation-300x300.png 300w, https:\/\/mtechsystems.io\/wp-content\/uploads\/2024\/05\/Harnessing_innovation-150x150.png 150w\" sizes=\"(max-width: 720px) 100vw, 720px\" \/>\t\t\t\t\t\t\t\t<\/a>\n\t\t\t\t\t\t\t\t\t\t\t\t\t\t\t<\/div>\n\t\t\t\t<div class=\"elementor-element elementor-element-65ef935 elementor-widget__width-initial elementor-widget elementor-widget-image\" data-id=\"65ef935\" data-element_type=\"widget\" data-e-type=\"widget\" data-widget_type=\"image.default\">\n\t\t\t\t\t\t\t\t\t\t\t\t\t\t\t\t<a href=\"https:\/\/hubs.ly\/Q02x0LJn0\">\n\t\t\t\t\t\t\t<img decoding=\"async\" width=\"720\" height=\"720\" src=\"https:\/\/mtechsystems.io\/wp-content\/uploads\/2024\/05\/The_adventages_of_a_Cloud.png\" class=\"attachment-large size-large wp-image-28556\" alt=\"\" srcset=\"https:\/\/mtechsystems.io\/wp-content\/uploads\/2024\/05\/The_adventages_of_a_Cloud.png 720w, https:\/\/mtechsystems.io\/wp-content\/uploads\/2024\/05\/The_adventages_of_a_Cloud-300x300.png 300w, https:\/\/mtechsystems.io\/wp-content\/uploads\/2024\/05\/The_adventages_of_a_Cloud-150x150.png 150w\" sizes=\"(max-width: 720px) 100vw, 720px\" \/>\t\t\t\t\t\t\t\t<\/a>\n\t\t\t\t\t\t\t\t\t\t\t\t\t\t\t<\/div>\n\t\t\t\t<div class=\"elementor-element elementor-element-5e560c1d elementor-widget__width-initial elementor-widget elementor-widget-image\" data-id=\"5e560c1d\" data-element_type=\"widget\" data-e-type=\"widget\" data-widget_type=\"image.default\">\n\t\t\t\t\t\t\t\t\t\t\t\t\t\t\t\t<a href=\"https:\/\/hubs.ly\/Q02x0M4b0\">\n\t\t\t\t\t\t\t<img loading=\"lazy\" decoding=\"async\" width=\"720\" height=\"720\" src=\"https:\/\/mtechsystems.io\/wp-content\/uploads\/2024\/05\/The-Innovative-Platform-for-Connecting-your-farm-03.png\" class=\"attachment-large size-large wp-image-28557\" alt=\"\" srcset=\"https:\/\/mtechsystems.io\/wp-content\/uploads\/2024\/05\/The-Innovative-Platform-for-Connecting-your-farm-03.png 720w, https:\/\/mtechsystems.io\/wp-content\/uploads\/2024\/05\/The-Innovative-Platform-for-Connecting-your-farm-03-300x300.png 300w, https:\/\/mtechsystems.io\/wp-content\/uploads\/2024\/05\/The-Innovative-Platform-for-Connecting-your-farm-03-150x150.png 150w\" sizes=\"(max-width: 720px) 100vw, 720px\" \/>\t\t\t\t\t\t\t\t<\/a>\n\t\t\t\t\t\t\t\t\t\t\t\t\t\t\t<\/div>\n\t\t\t\t<div class=\"elementor-element elementor-element-29456ff2 elementor-widget__width-initial elementor-widget elementor-widget-image\" data-id=\"29456ff2\" data-element_type=\"widget\" data-e-type=\"widget\" data-widget_type=\"image.default\">\n\t\t\t\t\t\t\t\t\t\t\t\t\t\t\t\t<a href=\"https:\/\/hubs.ly\/Q02x0LZ10\">\n\t\t\t\t\t\t\t<img loading=\"lazy\" decoding=\"async\" width=\"720\" height=\"720\" src=\"https:\/\/mtechsystems.io\/wp-content\/uploads\/2024\/05\/Using-amino-yo-connect-your-whole-poultry-organization-02.png\" class=\"attachment-large size-large wp-image-28558\" alt=\"\" srcset=\"https:\/\/mtechsystems.io\/wp-content\/uploads\/2024\/05\/Using-amino-yo-connect-your-whole-poultry-organization-02.png 720w, https:\/\/mtechsystems.io\/wp-content\/uploads\/2024\/05\/Using-amino-yo-connect-your-whole-poultry-organization-02-300x300.png 300w, https:\/\/mtechsystems.io\/wp-content\/uploads\/2024\/05\/Using-amino-yo-connect-your-whole-poultry-organization-02-150x150.png 150w\" sizes=\"(max-width: 720px) 100vw, 720px\" \/>\t\t\t\t\t\t\t\t<\/a>\n\t\t\t\t\t\t\t\t\t\t\t\t\t\t\t<\/div>\n\t\t\t\t<\/div>\n\t\t\t\t<\/div>\n\t\t\t\t<\/div>\n\t\t\t\t<\/div>\n\t\t\t\t<\/div>","protected":false},"excerpt":{"rendered":"<p>Let&#8217;s chat Linkedin Envelope Nathan Lamb Sales Engineer Manager With over 9 years at MTech Systems, Nathan has been a key player in driving success for customers worldwide. His expertise in supply chain management, business process optimization, and uncovering hidden financial data has helped clients improve efficiency and profitability. Nathan\u2019s recommended resources<\/p>","protected":false},"author":2,"featured_media":0,"parent":8776,"menu_order":0,"comment_status":"closed","ping_status":"closed","template":"elementor_canvas","meta":{"content-type":"","footnotes":""},"class_list":["post-31348","page","type-page","status-publish","hentry"],"_links":{"self":[{"href":"https:\/\/mtechsystems.io\/pt\/wp-json\/wp\/v2\/pages\/31348","targetHints":{"allow":["GET"]}}],"collection":[{"href":"https:\/\/mtechsystems.io\/pt\/wp-json\/wp\/v2\/pages"}],"about":[{"href":"https:\/\/mtechsystems.io\/pt\/wp-json\/wp\/v2\/types\/page"}],"author":[{"embeddable":true,"href":"https:\/\/mtechsystems.io\/pt\/wp-json\/wp\/v2\/users\/2"}],"replies":[{"embeddable":true,"href":"https:\/\/mtechsystems.io\/pt\/wp-json\/wp\/v2\/comments?post=31348"}],"version-history":[{"count":7,"href":"https:\/\/mtechsystems.io\/pt\/wp-json\/wp\/v2\/pages\/31348\/revisions"}],"predecessor-version":[{"id":31360,"href":"https:\/\/mtechsystems.io\/pt\/wp-json\/wp\/v2\/pages\/31348\/revisions\/31360"}],"up":[{"embeddable":true,"href":"https:\/\/mtechsystems.io\/pt\/wp-json\/wp\/v2\/pages\/8776"}],"wp:attachment":[{"href":"https:\/\/mtechsystems.io\/pt\/wp-json\/wp\/v2\/media?parent=31348"}],"curies":[{"name":"wp","href":"https:\/\/api.w.org\/{rel}","templated":true}]}}