{"id":31433,"date":"2025-01-15T15:36:27","date_gmt":"2025-01-15T20:36:27","guid":{"rendered":"https:\/\/mtechsystems.io\/?page_id=31433"},"modified":"2025-02-05T13:33:35","modified_gmt":"2025-02-05T18:33:35","slug":"bradley-eckberg","status":"publish","type":"page","link":"https:\/\/mtechsystems.io\/pt\/linktree\/bradley-eckberg\/","title":{"rendered":"bradley"},"content":{"rendered":"<div data-elementor-type=\"wp-page\" data-elementor-id=\"31433\" class=\"elementor elementor-31433\" data-elementor-post-type=\"page\">\n\t\t\t\t<div class=\"elementor-element elementor-element-768b11f1 e-con-full e-flex e-con e-parent\" data-id=\"768b11f1\" data-element_type=\"container\" data-e-type=\"container\">\n\t\t<div class=\"elementor-element elementor-element-e11589f e-con-full e-flex e-con e-child\" data-id=\"e11589f\" data-element_type=\"container\" data-e-type=\"container\">\n\t\t\t\t<div class=\"elementor-element elementor-element-132af70d elementor-widget__width-initial elementor-widget elementor-widget-image\" data-id=\"132af70d\" data-element_type=\"widget\" data-e-type=\"widget\" data-widget_type=\"image.default\">\n\t\t\t\t\t\t\t\t\t\t\t\t\t\t\t<img fetchpriority=\"high\" decoding=\"async\" width=\"800\" height=\"939\" src=\"https:\/\/mtechsystems.io\/wp-content\/uploads\/2025\/01\/Bradley-872x1024.png\" class=\"attachment-large size-large wp-image-31437\" alt=\"\" srcset=\"https:\/\/mtechsystems.io\/wp-content\/uploads\/2025\/01\/Bradley-872x1024.png 872w, https:\/\/mtechsystems.io\/wp-content\/uploads\/2025\/01\/Bradley-255x300.png 255w, https:\/\/mtechsystems.io\/wp-content\/uploads\/2025\/01\/Bradley-768x902.png 768w, https:\/\/mtechsystems.io\/wp-content\/uploads\/2025\/01\/Bradley-1308x1536.png 1308w, https:\/\/mtechsystems.io\/wp-content\/uploads\/2025\/01\/Bradley.png 1340w\" sizes=\"(max-width: 800px) 100vw, 800px\" \/>\t\t\t\t\t\t\t\t\t\t\t\t\t\t\t<\/div>\n\t\t\t\t<div class=\"elementor-element elementor-element-e58daf8 elementor-widget__width-initial elementor-widget elementor-widget-heading\" data-id=\"e58daf8\" data-element_type=\"widget\" data-e-type=\"widget\" data-widget_type=\"heading.default\">\n\t\t\t\t\t<h6 class=\"elementor-heading-title elementor-size-default\">Vamos conversar<\/h6>\t\t\t\t<\/div>\n\t\t\t\t<div class=\"elementor-element elementor-element-6e92b19b elementor-shape-circle elementor-widget__width-initial elementor-grid-0 e-grid-align-center elementor-widget elementor-widget-social-icons\" data-id=\"6e92b19b\" data-element_type=\"widget\" data-e-type=\"widget\" data-widget_type=\"social-icons.default\">\n\t\t\t\t\t\t\t<div class=\"elementor-social-icons-wrapper elementor-grid\" role=\"list\">\n\t\t\t\t\t\t\t<span class=\"elementor-grid-item\" role=\"listitem\">\n\t\t\t\t\t<a class=\"elementor-icon elementor-social-icon elementor-social-icon-linkedin elementor-repeater-item-563bce6\" href=\"https:\/\/www.linkedin.com\/in\/bradley-eckberg-675446b7\/\" target=\"_blank\">\n\t\t\t\t\t\t<span class=\"elementor-screen-only\">Linkedin<\/span>\n\t\t\t\t\t\t<svg aria-hidden=\"true\" class=\"e-font-icon-svg e-fab-linkedin\" viewbox=\"0 0 448 512\" xmlns=\"http:\/\/www.w3.org\/2000\/svg\"><path d=\"M416 32H31.9C14.3 32 0 46.5 0 64.3v383.4C0 465.5 14.3 480 31.9 480H416c17.6 0 32-14.5 32-32.3V64.3c0-17.8-14.4-32.3-32-32.3zM135.4 416H69V202.2h66.5V416zm-33.2-243c-21.3 0-38.5-17.3-38.5-38.5S80.9 96 102.2 96c21.2 0 38.5 17.3 38.5 38.5 0 21.3-17.2 38.5-38.5 38.5zm282.1 243h-66.4V312c0-24.8-.5-56.7-34.5-56.7-34.6 0-39.9 27-39.9 54.9V416h-66.4V202.2h63.7v29.2h.9c8.9-16.8 30.6-34.5 62.9-34.5 67.2 0 79.7 44.3 79.7 101.9V416z\"><\/path><\/svg>\t\t\t\t\t<\/a>\n\t\t\t\t<\/span>\n\t\t\t\t\t\t\t<span class=\"elementor-grid-item\" role=\"listitem\">\n\t\t\t\t\t<a class=\"elementor-icon elementor-social-icon elementor-social-icon-envelope elementor-repeater-item-6877446\" href=\"mailto:%20bradleyeckberg@mtech-systems.com\" target=\"_blank\">\n\t\t\t\t\t\t<span class=\"elementor-screen-only\">Envelope<\/span>\n\t\t\t\t\t\t<svg aria-hidden=\"true\" class=\"e-font-icon-svg e-fas-envelope\" viewbox=\"0 0 512 512\" xmlns=\"http:\/\/www.w3.org\/2000\/svg\"><path d=\"M502.3 190.8c3.9-3.1 9.7-.2 9.7 4.7V400c0 26.5-21.5 48-48 48H48c-26.5 0-48-21.5-48-48V195.6c0-5 5.7-7.8 9.7-4.7 22.4 17.4 52.1 39.5 154.1 113.6 21.1 15.4 56.7 47.8 92.2 47.6 35.7.3 72-32.8 92.3-47.6 102-74.1 131.6-96.3 154-113.7zM256 320c23.2.4 56.6-29.2 73.4-41.4 132.7-96.3 142.8-104.7 173.4-128.7 5.8-4.5 9.2-11.5 9.2-18.9v-19c0-26.5-21.5-48-48-48H48C21.5 64 0 85.5 0 112v19c0 7.4 3.4 14.3 9.2 18.9 30.6 23.9 40.7 32.4 173.4 128.7 16.8 12.2 50.2 41.8 73.4 41.4z\"><\/path><\/svg>\t\t\t\t\t<\/a>\n\t\t\t\t<\/span>\n\t\t\t\t\t\t\t<span class=\"elementor-grid-item\" role=\"listitem\">\n\t\t\t\t\t<a class=\"elementor-icon elementor-social-icon elementor-social-icon-calendar-alt elementor-repeater-item-3186cf8\" href=\"https:\/\/meetings.hubspot.com\/danny-rotherham\" target=\"_blank\">\n\t\t\t\t\t\t<span class=\"elementor-screen-only\">Calend\u00e1rio-alt<\/span>\n\t\t\t\t\t\t<svg aria-hidden=\"true\" class=\"e-font-icon-svg e-far-calendar-alt\" viewbox=\"0 0 448 512\" xmlns=\"http:\/\/www.w3.org\/2000\/svg\"><path d=\"M148 288h-40c-6.6 0-12-5.4-12-12v-40c0-6.6 5.4-12 12-12h40c6.6 0 12 5.4 12 12v40c0 6.6-5.4 12-12 12zm108-12v-40c0-6.6-5.4-12-12-12h-40c-6.6 0-12 5.4-12 12v40c0 6.6 5.4 12 12 12h40c6.6 0 12-5.4 12-12zm96 0v-40c0-6.6-5.4-12-12-12h-40c-6.6 0-12 5.4-12 12v40c0 6.6 5.4 12 12 12h40c6.6 0 12-5.4 12-12zm-96 96v-40c0-6.6-5.4-12-12-12h-40c-6.6 0-12 5.4-12 12v40c0 6.6 5.4 12 12 12h40c6.6 0 12-5.4 12-12zm-96 0v-40c0-6.6-5.4-12-12-12h-40c-6.6 0-12 5.4-12 12v40c0 6.6 5.4 12 12 12h40c6.6 0 12-5.4 12-12zm192 0v-40c0-6.6-5.4-12-12-12h-40c-6.6 0-12 5.4-12 12v40c0 6.6 5.4 12 12 12h40c6.6 0 12-5.4 12-12zm96-260v352c0 26.5-21.5 48-48 48H48c-26.5 0-48-21.5-48-48V112c0-26.5 21.5-48 48-48h48V12c0-6.6 5.4-12 12-12h40c6.6 0 12 5.4 12 12v52h128V12c0-6.6 5.4-12 12-12h40c6.6 0 12 5.4 12 12v52h48c26.5 0 48 21.5 48 48zm-48 346V160H48v298c0 3.3 2.7 6 6 6h340c3.3 0 6-2.7 6-6z\"><\/path><\/svg>\t\t\t\t\t<\/a>\n\t\t\t\t<\/span>\n\t\t\t\t\t<\/div>\n\t\t\t\t\t\t<\/div>\n\t\t\t\t<\/div>\n\t\t<div class=\"elementor-element elementor-element-3e538aca e-con-full e-flex e-con e-child\" data-id=\"3e538aca\" data-element_type=\"container\" data-e-type=\"container\">\n\t\t\t\t<div class=\"elementor-element elementor-element-3800441b elementor-widget__width-initial elementor-widget-mobile__width-initial elementor-widget elementor-widget-icon-box\" data-id=\"3800441b\" data-element_type=\"widget\" data-e-type=\"widget\" data-widget_type=\"icon-box.default\">\n\t\t\t\t\t\t\t<div class=\"elementor-icon-box-wrapper\">\n\n\t\t\t\n\t\t\t\t\t\t<div class=\"elementor-icon-box-content\">\n\n\t\t\t\t\t\t\t\t\t<h1 class=\"elementor-icon-box-title\">\n\t\t\t\t\t\t<span  >\n\t\t\t\t\t\t\tBradley Eckberg\t\t\t\t\t\t<\/span>\n\t\t\t\t\t<\/h1>\n\t\t\t\t\n\t\t\t\t\t\t\t\t\t<p class=\"elementor-icon-box-description\">\n\t\t\t\t\t\tExecutivo de contas\n\t\t\t\t\t<\/p>\n\t\t\t\t\n\t\t\t<\/div>\n\t\t\t\n\t\t<\/div>\n\t\t\t\t\t\t<\/div>\n\t\t\t\t<div class=\"elementor-element elementor-element-6bb615d5 elementor-widget__width-initial elementor-widget elementor-widget-text-editor\" data-id=\"6bb615d5\" data-element_type=\"widget\" data-e-type=\"widget\" data-widget_type=\"text-editor.default\">\n\t\t\t\t\t\t\t\t\t<p>Ol\u00e1, meu nome \u00e9 Bradley Eckberg e sou um Executivo de Contas apaixonado pelo setor de su\u00ednos, baseado em Savage, Minnesota. Sou especialista em solu\u00e7\u00e3o de problemas, colabora\u00e7\u00e3o em equipe, an\u00e1lise e multitarefa.<\/p><p><br><\/p>\n<p>Tenho experi\u00eancia em su\u00ednos de fazenda, trabalhando em tr\u00eas granjas de porcas diferentes em um per\u00edodo de 8 anos, bem como 8 anos de experi\u00eancia em acabamento de crescimento na Holden Farms. Na Holden Farms, minhas responsabilidades inclu\u00edam: supervisionar todas as opera\u00e7\u00f5es do viveiro, pesquisas, rela\u00e7\u00f5es com os produtores e muito mais. Depois da Holden Farms, utilizei minha experi\u00eancia na fazenda para trabalhar na MetaFarms, Inc., com sede em Eagan, MN.&nbsp;<\/p><p><br><\/p><p>Na MetaFarms, ocupei v\u00e1rias fun\u00e7\u00f5es diferentes, incluindo a de participante, gerente s\u00eanior de contas de vendas e especialista em assuntos de produ\u00e7\u00e3o. Meu territ\u00f3rio de vendas era composto por clientes e afiliados do setor a oeste do rio Mississippi e na Austr\u00e1lia. Escrevi v\u00e1rios artigos de not\u00edcias, participei de v\u00e1rios podcasts e palestras.<\/p>\t\t\t\t\t\t\t\t<\/div>\n\t\t<div class=\"elementor-element elementor-element-73b3d74c e-con-full e-flex e-con e-child\" data-id=\"73b3d74c\" data-element_type=\"container\" data-e-type=\"container\">\n\t\t\t\t<div class=\"elementor-element elementor-element-772a6557 elementor-widget elementor-widget-heading\" data-id=\"772a6557\" data-element_type=\"widget\" data-e-type=\"widget\" data-widget_type=\"heading.default\">\n\t\t\t\t\t<h4 class=\"elementor-heading-title elementor-size-default\">Recursos recomendados por Bradley<\/h4>\t\t\t\t<\/div>\n\t\t<div class=\"elementor-element elementor-element-7d4441eb e-con-full e-flex e-con e-child\" data-id=\"7d4441eb\" data-element_type=\"container\" data-e-type=\"container\">\n\t\t\t\t<div class=\"elementor-element elementor-element-4b2b7afc elementor-widget__width-initial elementor-widget elementor-widget-image\" data-id=\"4b2b7afc\" data-element_type=\"widget\" data-e-type=\"widget\" data-widget_type=\"image.default\">\n\t\t\t\t\t\t\t\t\t\t\t\t\t\t\t\t<a href=\"https:\/\/hubs.ly\/Q02x0LrJ0\">\n\t\t\t\t\t\t\t<img decoding=\"async\" width=\"720\" height=\"720\" src=\"https:\/\/mtechsystems.io\/wp-content\/uploads\/2024\/05\/Harnessing_innovation.png\" class=\"attachment-large size-large wp-image-28555\" alt=\"\" srcset=\"https:\/\/mtechsystems.io\/wp-content\/uploads\/2024\/05\/Harnessing_innovation.png 720w, https:\/\/mtechsystems.io\/wp-content\/uploads\/2024\/05\/Harnessing_innovation-300x300.png 300w, https:\/\/mtechsystems.io\/wp-content\/uploads\/2024\/05\/Harnessing_innovation-150x150.png 150w\" sizes=\"(max-width: 720px) 100vw, 720px\" \/>\t\t\t\t\t\t\t\t<\/a>\n\t\t\t\t\t\t\t\t\t\t\t\t\t\t\t<\/div>\n\t\t\t\t<div class=\"elementor-element elementor-element-2f3c3d28 elementor-widget__width-initial elementor-widget elementor-widget-image\" data-id=\"2f3c3d28\" data-element_type=\"widget\" data-e-type=\"widget\" data-widget_type=\"image.default\">\n\t\t\t\t\t\t\t\t\t\t\t\t\t\t\t\t<a href=\"https:\/\/hubs.ly\/Q02x0LJn0\">\n\t\t\t\t\t\t\t<img decoding=\"async\" width=\"720\" height=\"720\" src=\"https:\/\/mtechsystems.io\/wp-content\/uploads\/2024\/05\/The_adventages_of_a_Cloud.png\" class=\"attachment-large size-large wp-image-28556\" alt=\"\" srcset=\"https:\/\/mtechsystems.io\/wp-content\/uploads\/2024\/05\/The_adventages_of_a_Cloud.png 720w, https:\/\/mtechsystems.io\/wp-content\/uploads\/2024\/05\/The_adventages_of_a_Cloud-300x300.png 300w, https:\/\/mtechsystems.io\/wp-content\/uploads\/2024\/05\/The_adventages_of_a_Cloud-150x150.png 150w\" sizes=\"(max-width: 720px) 100vw, 720px\" \/>\t\t\t\t\t\t\t\t<\/a>\n\t\t\t\t\t\t\t\t\t\t\t\t\t\t\t<\/div>\n\t\t\t\t<div class=\"elementor-element elementor-element-3ddae412 elementor-widget__width-initial elementor-widget elementor-widget-image\" data-id=\"3ddae412\" data-element_type=\"widget\" data-e-type=\"widget\" data-widget_type=\"image.default\">\n\t\t\t\t\t\t\t\t\t\t\t\t\t\t\t\t<a href=\"https:\/\/hubs.ly\/Q02x0M4b0\">\n\t\t\t\t\t\t\t<img loading=\"lazy\" decoding=\"async\" width=\"720\" height=\"720\" src=\"https:\/\/mtechsystems.io\/wp-content\/uploads\/2024\/05\/The-Innovative-Platform-for-Connecting-your-farm-03.png\" class=\"attachment-large size-large wp-image-28557\" alt=\"\" srcset=\"https:\/\/mtechsystems.io\/wp-content\/uploads\/2024\/05\/The-Innovative-Platform-for-Connecting-your-farm-03.png 720w, https:\/\/mtechsystems.io\/wp-content\/uploads\/2024\/05\/The-Innovative-Platform-for-Connecting-your-farm-03-300x300.png 300w, https:\/\/mtechsystems.io\/wp-content\/uploads\/2024\/05\/The-Innovative-Platform-for-Connecting-your-farm-03-150x150.png 150w\" sizes=\"(max-width: 720px) 100vw, 720px\" \/>\t\t\t\t\t\t\t\t<\/a>\n\t\t\t\t\t\t\t\t\t\t\t\t\t\t\t<\/div>\n\t\t\t\t<div class=\"elementor-element elementor-element-3cdd5623 elementor-widget__width-initial elementor-widget elementor-widget-image\" data-id=\"3cdd5623\" data-element_type=\"widget\" data-e-type=\"widget\" data-widget_type=\"image.default\">\n\t\t\t\t\t\t\t\t\t\t\t\t\t\t\t\t<a href=\"https:\/\/hubs.ly\/Q02x0LZ10\">\n\t\t\t\t\t\t\t<img loading=\"lazy\" decoding=\"async\" width=\"720\" height=\"720\" src=\"https:\/\/mtechsystems.io\/wp-content\/uploads\/2024\/05\/Using-amino-yo-connect-your-whole-poultry-organization-02.png\" class=\"attachment-large size-large wp-image-28558\" alt=\"\" srcset=\"https:\/\/mtechsystems.io\/wp-content\/uploads\/2024\/05\/Using-amino-yo-connect-your-whole-poultry-organization-02.png 720w, https:\/\/mtechsystems.io\/wp-content\/uploads\/2024\/05\/Using-amino-yo-connect-your-whole-poultry-organization-02-300x300.png 300w, https:\/\/mtechsystems.io\/wp-content\/uploads\/2024\/05\/Using-amino-yo-connect-your-whole-poultry-organization-02-150x150.png 150w\" sizes=\"(max-width: 720px) 100vw, 720px\" \/>\t\t\t\t\t\t\t\t<\/a>\n\t\t\t\t\t\t\t\t\t\t\t\t\t\t\t<\/div>\n\t\t\t\t<\/div>\n\t\t\t\t<\/div>\n\t\t\t\t<\/div>\n\t\t\t\t<\/div>\n\t\t\t\t<\/div>","protected":false},"excerpt":{"rendered":"<p>Let&#8217;s chat Linkedin Envelope Calendar-alt Bradley Eckberg Account Executive Hello, my name is Bradley Eckberg, and I am a passionate Account Executive for the swine industry based out of Savage, Minnesota. I specialize in problem solving, teamwork collaboration, analytics and multitasking. I have on-farm swine experience working in three different sow farms over a 8 [&hellip;]<\/p>\n","protected":false},"author":9,"featured_media":0,"parent":8776,"menu_order":0,"comment_status":"closed","ping_status":"closed","template":"elementor_canvas","meta":{"content-type":"","footnotes":""},"class_list":["post-31433","page","type-page","status-publish","hentry"],"yoast_head":"<!-- This site is optimized with the Yoast SEO plugin v27.5 - https:\/\/yoast.com\/product\/yoast-seo-wordpress\/ -->\n<title>bradley - MTech Systems<\/title>\n<meta name=\"robots\" content=\"index, follow, max-snippet:-1, max-image-preview:large, max-video-preview:-1\" \/>\n<link rel=\"canonical\" href=\"https:\/\/mtechsystems.io\/pt\/linktree\/bradley-eckberg\/\" \/>\n<meta property=\"og:locale\" content=\"pt_BR\" \/>\n<meta property=\"og:type\" content=\"article\" \/>\n<meta property=\"og:title\" content=\"bradley - MTech Systems\" \/>\n<meta property=\"og:description\" content=\"Let&#8217;s chat Linkedin Envelope Calendar-alt Bradley Eckberg Account Executive Hello, my name is Bradley Eckberg, and I am a passionate Account Executive for the swine industry based out of Savage, Minnesota. I specialize in problem solving, teamwork collaboration, analytics and multitasking. I have on-farm swine experience working in three different sow farms over a 8 [&hellip;]\" \/>\n<meta property=\"og:url\" content=\"https:\/\/mtechsystems.io\/pt\/linktree\/bradley-eckberg\/\" \/>\n<meta property=\"og:site_name\" content=\"MTech Systems\" \/>\n<meta property=\"article:modified_time\" content=\"2025-02-05T18:33:35+00:00\" \/>\n<meta property=\"og:image\" content=\"https:\/\/mtechsystems.io\/wp-content\/uploads\/2025\/01\/Bradley-872x1024.png\" \/>\n<meta name=\"twitter:card\" content=\"summary_large_image\" \/>\n<script type=\"application\/ld+json\" class=\"yoast-schema-graph\">{\"@context\":\"https:\\\/\\\/schema.org\",\"@graph\":[{\"@type\":\"WebPage\",\"@id\":\"https:\\\/\\\/mtechsystems.io\\\/linktree\\\/bradley-eckberg\\\/\",\"url\":\"https:\\\/\\\/mtechsystems.io\\\/linktree\\\/bradley-eckberg\\\/\",\"name\":\"bradley - MTech Systems\",\"isPartOf\":{\"@id\":\"https:\\\/\\\/mtechsystems.io\\\/#website\"},\"primaryImageOfPage\":{\"@id\":\"https:\\\/\\\/mtechsystems.io\\\/linktree\\\/bradley-eckberg\\\/#primaryimage\"},\"image\":{\"@id\":\"https:\\\/\\\/mtechsystems.io\\\/linktree\\\/bradley-eckberg\\\/#primaryimage\"},\"thumbnailUrl\":\"https:\\\/\\\/mtechsystems.io\\\/wp-content\\\/uploads\\\/2025\\\/01\\\/Bradley-872x1024.png\",\"datePublished\":\"2025-01-15T20:36:27+00:00\",\"dateModified\":\"2025-02-05T18:33:35+00:00\",\"breadcrumb\":{\"@id\":\"https:\\\/\\\/mtechsystems.io\\\/linktree\\\/bradley-eckberg\\\/#breadcrumb\"},\"inLanguage\":\"pt-BR\",\"potentialAction\":[{\"@type\":\"ReadAction\",\"target\":[\"https:\\\/\\\/mtechsystems.io\\\/linktree\\\/bradley-eckberg\\\/\"]}]},{\"@type\":\"ImageObject\",\"inLanguage\":\"pt-BR\",\"@id\":\"https:\\\/\\\/mtechsystems.io\\\/linktree\\\/bradley-eckberg\\\/#primaryimage\",\"url\":\"https:\\\/\\\/mtechsystems.io\\\/wp-content\\\/uploads\\\/2025\\\/01\\\/Bradley-872x1024.png\",\"contentUrl\":\"https:\\\/\\\/mtechsystems.io\\\/wp-content\\\/uploads\\\/2025\\\/01\\\/Bradley-872x1024.png\"},{\"@type\":\"BreadcrumbList\",\"@id\":\"https:\\\/\\\/mtechsystems.io\\\/linktree\\\/bradley-eckberg\\\/#breadcrumb\",\"itemListElement\":[{\"@type\":\"ListItem\",\"position\":1,\"name\":\"Home\",\"item\":\"https:\\\/\\\/mtechsystems.io\\\/\"},{\"@type\":\"ListItem\",\"position\":2,\"name\":\"Sales: linktree\",\"item\":\"https:\\\/\\\/mtechsystems.io\\\/linktree\\\/\"},{\"@type\":\"ListItem\",\"position\":3,\"name\":\"bradley\"}]},{\"@type\":\"WebSite\",\"@id\":\"https:\\\/\\\/mtechsystems.io\\\/#website\",\"url\":\"https:\\\/\\\/mtechsystems.io\\\/\",\"name\":\"MTech Systems\",\"description\":\"FoodTech Innovation\",\"publisher\":{\"@id\":\"https:\\\/\\\/mtechsystems.io\\\/#organization\"},\"potentialAction\":[{\"@type\":\"SearchAction\",\"target\":{\"@type\":\"EntryPoint\",\"urlTemplate\":\"https:\\\/\\\/mtechsystems.io\\\/?s={search_term_string}\"},\"query-input\":{\"@type\":\"PropertyValueSpecification\",\"valueRequired\":true,\"valueName\":\"search_term_string\"}}],\"inLanguage\":\"pt-BR\"},{\"@type\":\"Organization\",\"@id\":\"https:\\\/\\\/mtechsystems.io\\\/#organization\",\"name\":\"MTech Systems\",\"url\":\"https:\\\/\\\/mtechsystems.io\\\/\",\"logo\":{\"@type\":\"ImageObject\",\"inLanguage\":\"pt-BR\",\"@id\":\"https:\\\/\\\/mtechsystems.io\\\/#\\\/schema\\\/logo\\\/image\\\/\",\"url\":\"https:\\\/\\\/mtechsystems.io\\\/wp-content\\\/uploads\\\/2020\\\/08\\\/cropped-MTechSystems-logo-blue-small.png\",\"contentUrl\":\"https:\\\/\\\/mtechsystems.io\\\/wp-content\\\/uploads\\\/2020\\\/08\\\/cropped-MTechSystems-logo-blue-small.png\",\"width\":356,\"height\":80,\"caption\":\"MTech Systems\"},\"image\":{\"@id\":\"https:\\\/\\\/mtechsystems.io\\\/#\\\/schema\\\/logo\\\/image\\\/\"}}]}<\/script>\n<!-- \/ Yoast SEO plugin. -->","yoast_head_json":{"title":"bradley - MTech Systems","robots":{"index":"index","follow":"follow","max-snippet":"max-snippet:-1","max-image-preview":"max-image-preview:large","max-video-preview":"max-video-preview:-1"},"canonical":"https:\/\/mtechsystems.io\/pt\/linktree\/bradley-eckberg\/","og_locale":"pt_BR","og_type":"article","og_title":"bradley - MTech Systems","og_description":"Let&#8217;s chat Linkedin Envelope Calendar-alt Bradley Eckberg Account Executive Hello, my name is Bradley Eckberg, and I am a passionate Account Executive for the swine industry based out of Savage, Minnesota. I specialize in problem solving, teamwork collaboration, analytics and multitasking. I have on-farm swine experience working in three different sow farms over a 8 [&hellip;]","og_url":"https:\/\/mtechsystems.io\/pt\/linktree\/bradley-eckberg\/","og_site_name":"MTech Systems","article_modified_time":"2025-02-05T18:33:35+00:00","og_image":[{"url":"https:\/\/mtechsystems.io\/wp-content\/uploads\/2025\/01\/Bradley-872x1024.png","type":"","width":"","height":""}],"twitter_card":"summary_large_image","schema":{"@context":"https:\/\/schema.org","@graph":[{"@type":"WebPage","@id":"https:\/\/mtechsystems.io\/linktree\/bradley-eckberg\/","url":"https:\/\/mtechsystems.io\/linktree\/bradley-eckberg\/","name":"bradley - MTech Systems","isPartOf":{"@id":"https:\/\/mtechsystems.io\/#website"},"primaryImageOfPage":{"@id":"https:\/\/mtechsystems.io\/linktree\/bradley-eckberg\/#primaryimage"},"image":{"@id":"https:\/\/mtechsystems.io\/linktree\/bradley-eckberg\/#primaryimage"},"thumbnailUrl":"https:\/\/mtechsystems.io\/wp-content\/uploads\/2025\/01\/Bradley-872x1024.png","datePublished":"2025-01-15T20:36:27+00:00","dateModified":"2025-02-05T18:33:35+00:00","breadcrumb":{"@id":"https:\/\/mtechsystems.io\/linktree\/bradley-eckberg\/#breadcrumb"},"inLanguage":"pt-BR","potentialAction":[{"@type":"ReadAction","target":["https:\/\/mtechsystems.io\/linktree\/bradley-eckberg\/"]}]},{"@type":"ImageObject","inLanguage":"pt-BR","@id":"https:\/\/mtechsystems.io\/linktree\/bradley-eckberg\/#primaryimage","url":"https:\/\/mtechsystems.io\/wp-content\/uploads\/2025\/01\/Bradley-872x1024.png","contentUrl":"https:\/\/mtechsystems.io\/wp-content\/uploads\/2025\/01\/Bradley-872x1024.png"},{"@type":"BreadcrumbList","@id":"https:\/\/mtechsystems.io\/linktree\/bradley-eckberg\/#breadcrumb","itemListElement":[{"@type":"ListItem","position":1,"name":"Home","item":"https:\/\/mtechsystems.io\/"},{"@type":"ListItem","position":2,"name":"Sales: linktree","item":"https:\/\/mtechsystems.io\/linktree\/"},{"@type":"ListItem","position":3,"name":"bradley"}]},{"@type":"WebSite","@id":"https:\/\/mtechsystems.io\/#website","url":"https:\/\/mtechsystems.io\/","name":"Sistemas MTech","description":"Inova\u00e7\u00e3o em FoodTech","publisher":{"@id":"https:\/\/mtechsystems.io\/#organization"},"potentialAction":[{"@type":"SearchAction","target":{"@type":"EntryPoint","urlTemplate":"https:\/\/mtechsystems.io\/?s={search_term_string}"},"query-input":{"@type":"PropertyValueSpecification","valueRequired":true,"valueName":"search_term_string"}}],"inLanguage":"pt-BR"},{"@type":"Organization","@id":"https:\/\/mtechsystems.io\/#organization","name":"Sistemas MTech","url":"https:\/\/mtechsystems.io\/","logo":{"@type":"ImageObject","inLanguage":"pt-BR","@id":"https:\/\/mtechsystems.io\/#\/schema\/logo\/image\/","url":"https:\/\/mtechsystems.io\/wp-content\/uploads\/2020\/08\/cropped-MTechSystems-logo-blue-small.png","contentUrl":"https:\/\/mtechsystems.io\/wp-content\/uploads\/2020\/08\/cropped-MTechSystems-logo-blue-small.png","width":356,"height":80,"caption":"MTech Systems"},"image":{"@id":"https:\/\/mtechsystems.io\/#\/schema\/logo\/image\/"}}]}},"_links":{"self":[{"href":"https:\/\/mtechsystems.io\/pt\/wp-json\/wp\/v2\/pages\/31433","targetHints":{"allow":["GET"]}}],"collection":[{"href":"https:\/\/mtechsystems.io\/pt\/wp-json\/wp\/v2\/pages"}],"about":[{"href":"https:\/\/mtechsystems.io\/pt\/wp-json\/wp\/v2\/types\/page"}],"author":[{"embeddable":true,"href":"https:\/\/mtechsystems.io\/pt\/wp-json\/wp\/v2\/users\/9"}],"replies":[{"embeddable":true,"href":"https:\/\/mtechsystems.io\/pt\/wp-json\/wp\/v2\/comments?post=31433"}],"version-history":[{"count":7,"href":"https:\/\/mtechsystems.io\/pt\/wp-json\/wp\/v2\/pages\/31433\/revisions"}],"predecessor-version":[{"id":31882,"href":"https:\/\/mtechsystems.io\/pt\/wp-json\/wp\/v2\/pages\/31433\/revisions\/31882"}],"up":[{"embeddable":true,"href":"https:\/\/mtechsystems.io\/pt\/wp-json\/wp\/v2\/pages\/8776"}],"wp:attachment":[{"href":"https:\/\/mtechsystems.io\/pt\/wp-json\/wp\/v2\/media?parent=31433"}],"curies":[{"name":"wp","href":"https:\/\/api.w.org\/{rel}","templated":true}]}}