{"id":6969,"date":"2021-05-10T14:10:28","date_gmt":"2021-05-10T18:10:28","guid":{"rendered":"https:\/\/mtechsystems.io\/?page_id=6969"},"modified":"2024-04-04T16:09:16","modified_gmt":"2024-04-04T20:09:16","slug":"swine-operation","status":"publish","type":"page","link":"https:\/\/mtechsystems.io\/pt\/p-2\/swine\/swine-operation\/","title":{"rendered":"Transforming your swine operation"},"content":{"rendered":"<div data-elementor-type=\"wp-page\" data-elementor-id=\"6969\" class=\"elementor elementor-6969\" data-elementor-post-type=\"page\">\n\t\t\t\t\t\t<section class=\"elementor-section elementor-top-section elementor-element elementor-element-c89801c elementor-section-full_width elementor-section-content-middle elementor-section-height-min-height elementor-section-height-default elementor-section-items-middle\" data-id=\"c89801c\" data-element_type=\"section\" data-e-type=\"section\">\n\t\t\t\t\t\t<div class=\"elementor-container elementor-column-gap-default\">\n\t\t\t\t\t<div class=\"elementor-column elementor-col-50 elementor-top-column elementor-element elementor-element-0bafbdd\" data-id=\"0bafbdd\" data-element_type=\"column\" data-e-type=\"column\">\n\t\t\t<div class=\"elementor-widget-wrap elementor-element-populated\">\n\t\t\t\t\t\t<div class=\"elementor-element elementor-element-5971c2b elementor-widget-mobile__width-inherit elementor-widget elementor-widget-heading\" data-id=\"5971c2b\" data-element_type=\"widget\" data-e-type=\"widget\" data-widget_type=\"heading.default\">\n\t\t\t\t\t<h1 class=\"elementor-heading-title elementor-size-large\">MTech Systems Swine: sua chave para otimizar o desempenho e o lucro com seus dados de su\u00ednos<\/h1>\t\t\t\t<\/div>\n\t\t\t\t\t<\/div>\n\t\t<\/div>\n\t\t\t\t<div class=\"elementor-column elementor-col-50 elementor-top-column elementor-element elementor-element-eb867ff\" data-id=\"eb867ff\" data-element_type=\"column\" data-e-type=\"column\">\n\t\t\t<div class=\"elementor-widget-wrap elementor-element-populated\">\n\t\t\t\t\t\t<div class=\"elementor-element elementor-element-8261e57 elementor-widget elementor-widget-video\" data-id=\"8261e57\" data-element_type=\"widget\" data-e-type=\"widget\" data-settings=\"{&quot;video_type&quot;:&quot;hosted&quot;,&quot;autoplay&quot;:&quot;yes&quot;,&quot;mute&quot;:&quot;yes&quot;,&quot;loop&quot;:&quot;yes&quot;}\" data-widget_type=\"video.default\">\n\t\t\t\t\t\t\t<div class=\"e-hosted-video elementor-wrapper elementor-open-inline\">\n\t\t\t\t\t<video class=\"elementor-video\" src=\"https:\/\/mtechsystems.io\/wp-content\/uploads\/2021\/05\/header-swine2_1.mp4\" autoplay=\"\" loop=\"\" muted=\"muted\" controlslist=\"nodownload\"><\/video>\n\t\t\t\t<\/div>\n\t\t\t\t\t\t<\/div>\n\t\t\t\t\t<\/div>\n\t\t<\/div>\n\t\t\t\t\t<\/div>\n\t\t<\/section>\n\t\t\t\t<section class=\"elementor-section elementor-top-section elementor-element elementor-element-179dbdc elementor-section-boxed elementor-section-height-default elementor-section-height-default\" data-id=\"179dbdc\" data-element_type=\"section\" data-e-type=\"section\" data-settings=\"{&quot;background_background&quot;:&quot;classic&quot;}\">\n\t\t\t\t\t\t<div class=\"elementor-container elementor-column-gap-default\">\n\t\t\t\t\t<div class=\"elementor-column elementor-col-100 elementor-top-column elementor-element elementor-element-49e9b9b\" data-id=\"49e9b9b\" data-element_type=\"column\" data-e-type=\"column\">\n\t\t\t<div class=\"elementor-widget-wrap elementor-element-populated\">\n\t\t\t\t\t\t<div class=\"elementor-element elementor-element-61e8859 elementor-widget__width-initial elementor-widget-mobile__width-inherit elementor-widget elementor-widget-heading\" data-id=\"61e8859\" data-element_type=\"widget\" data-e-type=\"widget\" data-widget_type=\"heading.default\">\n\t\t\t\t\t<h3 class=\"elementor-heading-title elementor-size-default\">\u00c9 hora de seguir em frente...<\/h3>\t\t\t\t<\/div>\n\t\t\t\t<div class=\"elementor-element elementor-element-7da90a4 elementor-widget__width-initial elementor-widget-mobile__width-inherit elementor-widget elementor-widget-text-editor\" data-id=\"7da90a4\" data-element_type=\"widget\" data-e-type=\"widget\" data-widget_type=\"text-editor.default\">\n\t\t\t\t\t\t\t\t\t<p>Processos ineficientes que custam dinheiro \u00e0 sua empresa, utilizando in\u00fameras ferramentas que trazem pouco ou nenhum valor e custos de manuten\u00e7\u00e3o que corroem a receita da empresa.<\/p><p>E passe para um sistema que...<\/p>\t\t\t\t\t\t\t\t<\/div>\n\t\t\t\t<section class=\"elementor-section elementor-inner-section elementor-element elementor-element-91e7057 elementor-section-boxed elementor-section-height-default elementor-section-height-default\" data-id=\"91e7057\" data-element_type=\"section\" data-e-type=\"section\">\n\t\t\t\t\t\t<div class=\"elementor-container elementor-column-gap-default\">\n\t\t\t\t\t<div class=\"elementor-column elementor-col-50 elementor-inner-column elementor-element elementor-element-6188745\" data-id=\"6188745\" data-element_type=\"column\" data-e-type=\"column\">\n\t\t\t<div class=\"elementor-widget-wrap elementor-element-populated\">\n\t\t\t\t\t\t<div class=\"elementor-element elementor-element-25ab3dd elementor-icon-list--layout-inline elementor-list-item-link-inline elementor-mobile-align-start elementor-widget elementor-widget-icon-list\" data-id=\"25ab3dd\" data-element_type=\"widget\" data-e-type=\"widget\" data-widget_type=\"icon-list.default\">\n\t\t\t\t\t\t\t<ul class=\"elementor-icon-list-items elementor-inline-items\">\n\t\t\t\t\t\t\t<li class=\"elementor-icon-list-item elementor-inline-item\">\n\t\t\t\t\t\t\t\t\t\t\t<span class=\"elementor-icon-list-icon\">\n\t\t\t\t\t\t\t<svg xmlns=\"http:\/\/www.w3.org\/2000\/svg\" viewbox=\"0 0 48 48\"><defs><style>.cls-1{fill:#00aeef;}.cls-2{fill:none;}<\/style><\/defs><g id=\"CUADRADO\"><path class=\"cls-1\" d=\"M47.12,8.89A3,3,0,0,0,45,8H30V3a3,3,0,0,0-3-3H10.86A3,3,0,0,0,8.75.9L.89,8.68A3,3,0,0,0,0,10.81V36a3,3,0,0,0,3,3H17.93l0,6a3,3,0,0,0,3,3H45a3,3,0,0,0,3-3V11A3,3,0,0,0,47.12,8.89ZM10,2.51V9a1,1,0,0,1-1,1H2.4ZM46,45a1,1,0,0,1-1,1H21a1,1,0,0,1-1-1l0-5.95H27a3,3,0,0,0,3-3V27a1,1,0,0,0-2,0v9a1,1,0,0,1-1,1h0L3,37a1,1,0,0,1-1-1V12H9a3,3,0,0,0,3-3V2H27a1,1,0,0,1,1,1V15a1,1,0,1,0,2,0V10H45a1,1,0,0,1,1,1Z\"><\/path><path class=\"cls-1\" d=\"M15,16H7a1,1,0,0,0,0,2h8a1,1,0,0,0,0-2Z\"><\/path><path class=\"cls-1\" d=\"M25,33H21a1,1,0,0,0,0,2h4a1,1,0,0,0,0-2Z\"><\/path><path class=\"cls-1\" d=\"M11,20H7a1,1,0,0,0,0,2h4a1,1,0,0,0,0-2Z\"><\/path><path class=\"cls-1\" d=\"M29,20H21.41l1.3-1.29a1,1,0,0,0-1.42-1.42L17.59,21l3.7,3.71a1,1,0,0,0,1.42,0,1,1,0,0,0,0-1.42L21.41,22H29a1,1,0,0,0,0-2Z\"><\/path><rect class=\"cls-2\" width=\"48\" height=\"48\"><\/rect><\/g><\/svg>\t\t\t\t\t\t<\/span>\n\t\t\t\t\t\t\t\t\t\t<span class=\"elementor-icon-list-text\">Elimina a duplica\u00e7\u00e3o de dados<\/span>\n\t\t\t\t\t\t\t\t\t<\/li>\n\t\t\t\t\t\t<\/ul>\n\t\t\t\t\t\t<\/div>\n\t\t\t\t\t<\/div>\n\t\t<\/div>\n\t\t\t\t<div class=\"elementor-column elementor-col-50 elementor-inner-column elementor-element elementor-element-cea4a7a\" data-id=\"cea4a7a\" data-element_type=\"column\" data-e-type=\"column\">\n\t\t\t<div class=\"elementor-widget-wrap elementor-element-populated\">\n\t\t\t\t\t\t<div class=\"elementor-element elementor-element-1353588 elementor-icon-list--layout-inline elementor-list-item-link-inline elementor-mobile-align-start elementor-widget elementor-widget-icon-list\" data-id=\"1353588\" data-element_type=\"widget\" data-e-type=\"widget\" data-widget_type=\"icon-list.default\">\n\t\t\t\t\t\t\t<ul class=\"elementor-icon-list-items elementor-inline-items\">\n\t\t\t\t\t\t\t<li class=\"elementor-icon-list-item elementor-inline-item\">\n\t\t\t\t\t\t\t\t\t\t\t<span class=\"elementor-icon-list-icon\">\n\t\t\t\t\t\t\t<svg xmlns=\"http:\/\/www.w3.org\/2000\/svg\" viewbox=\"0 0 48 48\"><defs><style>.cls-1{fill:#00aeef;}.cls-2{fill:none;}<\/style><\/defs><g id=\"CUADRADO\"><path class=\"cls-1\" d=\"M39.54,18a2.66,2.66,0,0,1,.9-2A4.71,4.71,0,0,0,37,7.79,2.71,2.71,0,0,1,34.2,4.94,4.7,4.7,0,0,0,26,1.55a2.77,2.77,0,0,1-4,0A4.7,4.7,0,0,0,13.8,4.94,2.71,2.71,0,0,1,11,7.79,4.71,4.71,0,0,0,7.56,16a2.69,2.69,0,0,1,0,4A4.63,4.63,0,0,0,6.37,25.3,4.68,4.68,0,0,0,11,28.21a2.56,2.56,0,0,1,.92.12L7.6,44.61a2,2,0,0,0,.67,2.06,2,2,0,0,0,1.25.45,2,2,0,0,0,.9-.21l5.38-2.69,2.29,2.28a2,2,0,0,0,3.34-.86l2.57-9,2.57,9a2,2,0,0,0,3.34.86l2.29-2.28,5.38,2.69a2,2,0,0,0,.9.21,2,2,0,0,0,1.25-.45,2,2,0,0,0,.67-2.06L36.12,28.33a2.56,2.56,0,0,1,.92-.12,4.68,4.68,0,0,0,4.59-2.91A4.63,4.63,0,0,0,40.44,20,2.68,2.68,0,0,1,39.54,18Zm-20,27.09-3.3-3.31L9.53,45.12l4-15.31a2.72,2.72,0,0,1,.24,1.24A4.69,4.69,0,0,0,22,34.44a2.64,2.64,0,0,1,.71-.53Zm12.3-3.31-3.3,3.31L25.3,33.91a2.8,2.8,0,0,1,.71.53,4.7,4.7,0,0,0,8.19-3.39,2.72,2.72,0,0,1,.24-1.24l4,15.31Zm8-17.24a2.64,2.64,0,0,1-2.63,1.67,4.7,4.7,0,0,0-4.94,4.94,2.71,2.71,0,0,1-4.72,2,4.7,4.7,0,0,0-7,0,2.71,2.71,0,0,1-4.72-2,4.71,4.71,0,0,0-4.7-4.95h-.24A2.71,2.71,0,0,1,8.9,21.49a4.7,4.7,0,0,0,0-7,2.65,2.65,0,0,1-.68-3.05,2.62,2.62,0,0,1,2.63-1.66,4.71,4.71,0,0,0,4.94-4.95,2.71,2.71,0,0,1,4.72-1.95A4.69,4.69,0,0,0,24,4.44a4.69,4.69,0,0,0,3.49-1.55,2.71,2.71,0,0,1,4.72,1.95,4.7,4.7,0,0,0,1.37,3.57,4.78,4.78,0,0,0,3.57,1.38,2.62,2.62,0,0,1,2.63,1.66,2.65,2.65,0,0,1-.68,3.05,4.7,4.7,0,0,0,0,7A2.65,2.65,0,0,1,39.78,24.54Z\"><\/path><path class=\"cls-1\" d=\"M24,6A12,12,0,1,0,36,18,12,12,0,0,0,24,6Zm0,22A10,10,0,1,1,34,18,10,10,0,0,1,24,28Z\"><\/path><path class=\"cls-1\" d=\"M21.3,14h5.61a1,1,0,0,0,0-2H21.3a1,1,0,0,0,0,2Z\"><\/path><path class=\"cls-1\" d=\"M26.13,17a1,1,0,0,0-1-1h-7.7a1,1,0,0,0,0,2h7.7A1,1,0,0,0,26.13,17Z\"><\/path><path class=\"cls-1\" d=\"M28.09,16a1,1,0,0,0,0,2H31a1,1,0,0,0,0-2Z\"><\/path><path class=\"cls-1\" d=\"M29.58,20H18.81a1,1,0,0,0,0,2H29.58a1,1,0,0,0,0-2Z\"><\/path><rect class=\"cls-2\" width=\"48\" height=\"48\"><\/rect><\/g><\/svg>\t\t\t\t\t\t<\/span>\n\t\t\t\t\t\t\t\t\t\t<span class=\"elementor-icon-list-text\">Redu\u00e7\u00e3o de erros, maior precis\u00e3o e melhoria da qualidade dos dados<\/span>\n\t\t\t\t\t\t\t\t\t<\/li>\n\t\t\t\t\t\t<\/ul>\n\t\t\t\t\t\t<\/div>\n\t\t\t\t\t<\/div>\n\t\t<\/div>\n\t\t\t\t\t<\/div>\n\t\t<\/section>\n\t\t\t\t<section class=\"elementor-section elementor-inner-section elementor-element elementor-element-981300e elementor-section-boxed elementor-section-height-default elementor-section-height-default\" data-id=\"981300e\" data-element_type=\"section\" data-e-type=\"section\">\n\t\t\t\t\t\t<div class=\"elementor-container elementor-column-gap-default\">\n\t\t\t\t\t<div class=\"elementor-column elementor-col-50 elementor-inner-column elementor-element elementor-element-e4f8925\" data-id=\"e4f8925\" data-element_type=\"column\" data-e-type=\"column\">\n\t\t\t<div class=\"elementor-widget-wrap elementor-element-populated\">\n\t\t\t\t\t\t<div class=\"elementor-element elementor-element-f111ee1 elementor-icon-list--layout-inline elementor-list-item-link-inline elementor-mobile-align-start elementor-widget elementor-widget-icon-list\" data-id=\"f111ee1\" data-element_type=\"widget\" data-e-type=\"widget\" data-widget_type=\"icon-list.default\">\n\t\t\t\t\t\t\t<ul class=\"elementor-icon-list-items elementor-inline-items\">\n\t\t\t\t\t\t\t<li class=\"elementor-icon-list-item elementor-inline-item\">\n\t\t\t\t\t\t\t\t\t\t\t<span class=\"elementor-icon-list-icon\">\n\t\t\t\t\t\t\t<svg xmlns=\"http:\/\/www.w3.org\/2000\/svg\" viewbox=\"0 0 48 48\"><defs><style>.cls-1{fill:#00aeef;}.cls-2{fill:none;}<\/style><\/defs><g id=\"CUADRADO\"><path class=\"cls-1\" d=\"M24,37.9H3.1a1,1,0,0,1-1-1L2,11a1,1,0,0,1,1-1L40,10h0a1,1,0,0,1,1,1V26.82a1,1,0,0,0,2,0V11a3,3,0,0,0-3-3h0L3,8a3,3,0,0,0-2.12.88A3,3,0,0,0,0,11L.1,36.91a3,3,0,0,0,3,3H24a1,1,0,0,0,0-2Z\"><\/path><path class=\"cls-1\" d=\"M35,32.83l0-2.35a1,1,0,0,0-1-1,1,1,0,0,0-1,1L33,34.82l4,0h0a1,1,0,0,0,1-1,1,1,0,0,0-1-1Z\"><\/path><path class=\"cls-1\" d=\"M44,31h3a1,1,0,0,0,0-2H44a1,1,0,0,0,0,2Z\"><\/path><path class=\"cls-1\" d=\"M47,37H43a1,1,0,0,0,0,2h4a1,1,0,0,0,0-2Z\"><\/path><path class=\"cls-1\" d=\"M43,35h2a1,1,0,0,0,0-2H43a1,1,0,0,0-.84.49,7.89,7.89,0,0,0-.29-2.68,8.26,8.26,0,0,0-.7-1.65,1,1,0,1,0-1.74,1A6.14,6.14,0,0,1,40,31.38a5.81,5.81,0,0,1-3.12,6.91,6,6,0,0,1-8.14-7.36,5.8,5.8,0,0,1,4.71-3.78l.11.85L35,26.84l1.52-1.16-1.76-.74L33,24.19l.13,1a7.8,7.8,0,0,0-6.36,5.08,7.94,7.94,0,0,0,4.79,10.11,8.12,8.12,0,0,0,2.74.49,7.9,7.9,0,0,0,3.35-.75,7.77,7.77,0,0,0,4-4.42,8.12,8.12,0,0,0,.35-1.35A1,1,0,0,0,43,35Z\"><\/path><path class=\"cls-1\" d=\"M6,19V33a1,1,0,0,0,2,0V19a1,1,0,0,0-2,0Z\"><\/path><path class=\"cls-1\" d=\"M10,23V33a1,1,0,0,0,2,0V23a1,1,0,0,0-2,0Z\"><\/path><path class=\"cls-1\" d=\"M14,21V33a1,1,0,0,0,2,0V21a1,1,0,0,0-2,0Z\"><\/path><path class=\"cls-1\" d=\"M18,22V33a1,1,0,0,0,2,0V22a1,1,0,0,0-2,0Z\"><\/path><rect class=\"cls-2\" width=\"48\" height=\"48\"><\/rect><\/g><\/svg>\t\t\t\t\t\t<\/span>\n\t\t\t\t\t\t\t\t\t\t<span class=\"elementor-icon-list-text\">Um painel de controle visual que permite uma vis\u00e3o mais r\u00e1pida<\/span>\n\t\t\t\t\t\t\t\t\t<\/li>\n\t\t\t\t\t\t<\/ul>\n\t\t\t\t\t\t<\/div>\n\t\t\t\t\t<\/div>\n\t\t<\/div>\n\t\t\t\t<div class=\"elementor-column elementor-col-50 elementor-inner-column elementor-element elementor-element-cae1b77\" data-id=\"cae1b77\" data-element_type=\"column\" data-e-type=\"column\">\n\t\t\t<div class=\"elementor-widget-wrap elementor-element-populated\">\n\t\t\t\t\t\t<div class=\"elementor-element elementor-element-6b2d72c elementor-icon-list--layout-inline elementor-list-item-link-inline elementor-mobile-align-start elementor-widget elementor-widget-icon-list\" data-id=\"6b2d72c\" data-element_type=\"widget\" data-e-type=\"widget\" data-widget_type=\"icon-list.default\">\n\t\t\t\t\t\t\t<ul class=\"elementor-icon-list-items elementor-inline-items\">\n\t\t\t\t\t\t\t<li class=\"elementor-icon-list-item elementor-inline-item\">\n\t\t\t\t\t\t\t\t\t\t\t<span class=\"elementor-icon-list-icon\">\n\t\t\t\t\t\t\t<svg xmlns=\"http:\/\/www.w3.org\/2000\/svg\" viewbox=\"0 0 48 48\"><defs><style>.cls-1{fill:#00aeef;}.cls-2{fill:none;}<\/style><\/defs><g id=\"CUADRADO\"><path class=\"cls-1\" d=\"M47.23,23.74a3,3,0,0,0-1.38-2.52,22,22,0,0,0-3.29-9.06,4.86,4.86,0,0,0,.69-2.48,5,5,0,0,0-7.52-4.29,22.1,22.1,0,0,0-9.94-3.31,3,3,0,0,0-5.17.19A22.07,22.07,0,0,0,12,5.52a5,5,0,0,0-6.86,7,23.33,23.33,0,0,0-3,8.33,3,3,0,0,0-.05,5.54,22,22,0,0,0,2.44,7.94,4.93,4.93,0,0,0-1.28,3.31A5,5,0,0,0,11,41.82a21.85,21.85,0,0,0,9.32,3.93l.05-.29A3,3,0,0,0,26,46a21.72,21.72,0,0,0,11.23-4.3,5,5,0,0,0,6.43-7.59,21.64,21.64,0,0,0,2.3-7.85A3,3,0,0,0,47.23,23.74Zm-3-1a1,1,0,1,1-1,1A1,1,0,0,1,44.23,22.74Zm-3-13.06a3,3,0,1,1-3-3A3,3,0,0,1,41.25,9.68Zm-18-7a1,1,0,1,1-1,1A1,1,0,0,1,23.26,2.66Zm-14,4a3,3,0,1,1-3,3A3,3,0,0,1,9.25,6.67Zm-6,18a1,1,0,0,1,0-2,1,1,0,1,1,0,2Zm2,13a3,3,0,1,1,3,3A3,3,0,0,1,5.25,37.67Zm18,8a1,1,0,0,1,0-2,1,1,0,1,1,0,2Zm17-4.93a3,3,0,1,1,3-3A3,3,0,0,1,40.24,40.72Zm0-8a5,5,0,0,0-5,5,4.92,4.92,0,0,0,.65,2.4,19.78,19.78,0,0,1-9.74,3.79,3,3,0,0,0-5.73-.19,20,20,0,0,1-8-3.36,4.9,4.9,0,0,0,.81-2.7,5,5,0,0,0-5-5,4.89,4.89,0,0,0-2.09.48A19.6,19.6,0,0,1,4.1,26.52a3,3,0,0,0,.09-5.7,21.35,21.35,0,0,1,2.5-6.89A5,5,0,0,0,13.46,7a19.86,19.86,0,0,1,6.88-2.66,3,3,0,0,0,5.87-.21,19.85,19.85,0,0,1,8,2.66,5,5,0,0,0,4.06,7.89,4.9,4.9,0,0,0,2.91-1,19.91,19.91,0,0,1,2.6,7.07,3,3,0,0,0,.09,5.91,20,20,0,0,1-2,6.33A5,5,0,0,0,40.24,32.73Z\"><\/path><rect class=\"cls-2\" width=\"48\" height=\"48\"><\/rect><\/g><\/svg>\t\t\t\t\t\t<\/span>\n\t\t\t\t\t\t\t\t\t\t<span class=\"elementor-icon-list-text\">Oferece rastreabilidade total, da cria\u00e7\u00e3o \u00e0 colheita<\/span>\n\t\t\t\t\t\t\t\t\t<\/li>\n\t\t\t\t\t\t<\/ul>\n\t\t\t\t\t\t<\/div>\n\t\t\t\t\t<\/div>\n\t\t<\/div>\n\t\t\t\t\t<\/div>\n\t\t<\/section>\n\t\t\t\t\t<\/div>\n\t\t<\/div>\n\t\t\t\t\t<\/div>\n\t\t<\/section>\n\t\t\t\t<section class=\"elementor-section elementor-top-section elementor-element elementor-element-7e27260 elementor-section-boxed elementor-section-height-default elementor-section-height-default\" data-id=\"7e27260\" data-element_type=\"section\" data-e-type=\"section\">\n\t\t\t\t\t\t<div class=\"elementor-container elementor-column-gap-default\">\n\t\t\t\t\t<div class=\"elementor-column elementor-col-100 elementor-top-column elementor-element elementor-element-3094b7d\" data-id=\"3094b7d\" data-element_type=\"column\" data-e-type=\"column\">\n\t\t\t<div class=\"elementor-widget-wrap elementor-element-populated\">\n\t\t\t\t\t\t<div class=\"elementor-element elementor-element-1dbeb48 elementor-widget elementor-widget-heading\" data-id=\"1dbeb48\" data-element_type=\"widget\" data-e-type=\"widget\" data-widget_type=\"heading.default\">\n\t\t\t\t\t<h3 class=\"elementor-heading-title elementor-size-default\">MTech Systems Swine, o que esperar:<\/h3>\t\t\t\t<\/div>\n\t\t\t\t<div class=\"elementor-element elementor-element-8475a30 elementor-widget elementor-widget-video\" data-id=\"8475a30\" data-element_type=\"widget\" data-e-type=\"widget\" data-settings=\"{&quot;youtube_url&quot;:&quot;https:\\\/\\\/youtu.be\\\/JYPnY6NcOJs&quot;,&quot;video_type&quot;:&quot;youtube&quot;,&quot;controls&quot;:&quot;yes&quot;}\" data-widget_type=\"video.default\">\n\t\t\t\t\t\t\t<div class=\"elementor-wrapper elementor-open-inline\">\n\t\t\t<div class=\"elementor-video\"><\/div>\t\t<\/div>\n\t\t\t\t\t\t<\/div>\n\t\t\t\t\t<\/div>\n\t\t<\/div>\n\t\t\t\t\t<\/div>\n\t\t<\/section>\n\t\t\t\t<section class=\"elementor-section elementor-top-section elementor-element elementor-element-1168ce6 elementor-section-boxed elementor-section-height-default elementor-section-height-default\" data-id=\"1168ce6\" data-element_type=\"section\" data-e-type=\"section\" data-settings=\"{&quot;background_background&quot;:&quot;classic&quot;}\">\n\t\t\t\t\t\t<div class=\"elementor-container elementor-column-gap-default\">\n\t\t\t\t\t<div class=\"elementor-column elementor-col-100 elementor-top-column elementor-element elementor-element-fd66e71\" data-id=\"fd66e71\" data-element_type=\"column\" data-e-type=\"column\">\n\t\t\t<div class=\"elementor-widget-wrap elementor-element-populated\">\n\t\t\t\t\t\t<div class=\"elementor-element elementor-element-8b64b5e elementor-widget__width-initial elementor-widget-mobile__width-inherit elementor-widget elementor-widget-heading\" data-id=\"8b64b5e\" data-element_type=\"widget\" data-e-type=\"widget\" data-widget_type=\"heading.default\">\n\t\t\t\t\t<h3 class=\"elementor-heading-title elementor-size-default\">Em breve, poderemos usar o aprendizado de m\u00e1quina para prever toda a sua produ\u00e7\u00e3o a partir de...<\/h3>\t\t\t\t<\/div>\n\t\t\t\t<section class=\"elementor-section elementor-inner-section elementor-element elementor-element-1bc7fae elementor-section-boxed elementor-section-height-default elementor-section-height-default\" data-id=\"1bc7fae\" data-element_type=\"section\" data-e-type=\"section\">\n\t\t\t\t\t\t<div class=\"elementor-container elementor-column-gap-default\">\n\t\t\t\t\t<div class=\"elementor-column elementor-col-33 elementor-inner-column elementor-element elementor-element-7d2e05a\" data-id=\"7d2e05a\" data-element_type=\"column\" data-e-type=\"column\">\n\t\t\t<div class=\"elementor-widget-wrap elementor-element-populated\">\n\t\t\t\t\t\t<div class=\"elementor-element elementor-element-688ad72 elementor-position-top elementor-widget elementor-widget-image-box\" data-id=\"688ad72\" data-element_type=\"widget\" data-e-type=\"widget\" data-widget_type=\"image-box.default\">\n\t\t\t\t\t<div class=\"elementor-image-box-wrapper\"><figure class=\"elementor-image-box-img\"><img decoding=\"async\" width=\"194\" height=\"151\" src=\"https:\/\/mtechsystems.io\/wp-content\/uploads\/2021\/05\/swine2-block4-expected-weaned.png\" class=\"attachment-full size-full wp-image-7295\" alt=\"\" \/><\/figure><div class=\"elementor-image-box-content\"><p class=\"elementor-image-box-description\">Obtenha # de desmame esperado com base em: fatores gen\u00e9ticos, sazonalidade e estrutura de prioridade<\/p><\/div><\/div>\t\t\t\t<\/div>\n\t\t\t\t\t<\/div>\n\t\t<\/div>\n\t\t\t\t<div class=\"elementor-column elementor-col-33 elementor-inner-column elementor-element elementor-element-f784c00\" data-id=\"f784c00\" data-element_type=\"column\" data-e-type=\"column\">\n\t\t\t<div class=\"elementor-widget-wrap elementor-element-populated\">\n\t\t\t\t\t\t<div class=\"elementor-element elementor-element-cf8b73a elementor-position-top elementor-widget elementor-widget-image-box\" data-id=\"cf8b73a\" data-element_type=\"widget\" data-e-type=\"widget\" data-widget_type=\"image-box.default\">\n\t\t\t\t\t<div class=\"elementor-image-box-wrapper\"><figure class=\"elementor-image-box-img\"><img decoding=\"async\" width=\"194\" height=\"151\" src=\"https:\/\/mtechsystems.io\/wp-content\/uploads\/2021\/05\/swine2-block4-feed.png\" class=\"attachment-full size-full wp-image-7296\" alt=\"\" \/><\/figure><div class=\"elementor-image-box-content\"><p class=\"elementor-image-box-description\">An\u00e1lise preditiva para planejamento de coloca\u00e7\u00f5es, ra\u00e7\u00f5es, ingredientes e mat\u00e9rias-primas\n\n<\/p><\/div><\/div>\t\t\t\t<\/div>\n\t\t\t\t\t<\/div>\n\t\t<\/div>\n\t\t\t\t<div class=\"elementor-column elementor-col-33 elementor-inner-column elementor-element elementor-element-9e62d78\" data-id=\"9e62d78\" data-element_type=\"column\" data-e-type=\"column\">\n\t\t\t<div class=\"elementor-widget-wrap elementor-element-populated\">\n\t\t\t\t\t\t<div class=\"elementor-element elementor-element-bfe5765 elementor-position-top elementor-widget elementor-widget-image-box\" data-id=\"bfe5765\" data-element_type=\"widget\" data-e-type=\"widget\" data-widget_type=\"image-box.default\">\n\t\t\t\t\t<div class=\"elementor-image-box-wrapper\"><figure class=\"elementor-image-box-img\"><img decoding=\"async\" width=\"194\" height=\"151\" src=\"https:\/\/mtechsystems.io\/wp-content\/uploads\/2021\/05\/swine2-block4-analytics-weaned-.png\" class=\"attachment-full size-full wp-image-7294\" alt=\"\" \/><\/figure><div class=\"elementor-image-box-content\"><p class=\"elementor-image-box-description\">An\u00e1lise preditiva para su\u00ednos desmamados, transporte e abate<\/p><\/div><\/div>\t\t\t\t<\/div>\n\t\t\t\t\t<\/div>\n\t\t<\/div>\n\t\t\t\t\t<\/div>\n\t\t<\/section>\n\t\t\t\t<div class=\"elementor-element elementor-element-4f2a8bb elementor-widget elementor-widget-heading\" data-id=\"4f2a8bb\" data-element_type=\"widget\" data-e-type=\"widget\" data-widget_type=\"heading.default\">\n\t\t\t\t\t<span class=\"elementor-heading-title elementor-size-default\">E muito mais.<\/span>\t\t\t\t<\/div>\n\t\t\t\t\t<\/div>\n\t\t<\/div>\n\t\t\t\t\t<\/div>\n\t\t<\/section>\n\t\t\t\t<section class=\"elementor-section elementor-top-section elementor-element elementor-element-d175057 elementor-section-boxed elementor-section-height-default elementor-section-height-default\" data-id=\"d175057\" data-element_type=\"section\" data-e-type=\"section\" data-settings=\"{&quot;background_background&quot;:&quot;gradient&quot;}\">\n\t\t\t\t\t\t\t<div class=\"elementor-background-overlay\"><\/div>\n\t\t\t\t\t\t\t<div class=\"elementor-container elementor-column-gap-default\">\n\t\t\t\t\t<div class=\"elementor-column elementor-col-100 elementor-top-column elementor-element elementor-element-2a9df32\" data-id=\"2a9df32\" data-element_type=\"column\" data-e-type=\"column\">\n\t\t\t<div class=\"elementor-widget-wrap elementor-element-populated\">\n\t\t\t\t\t\t<div class=\"elementor-element elementor-element-f873c08 elementor-widget__width-initial elementor-widget-mobile__width-inherit elementor-widget elementor-widget-heading\" data-id=\"f873c08\" data-element_type=\"widget\" data-e-type=\"widget\" data-widget_type=\"heading.default\">\n\t\t\t\t\t<h3 class=\"elementor-heading-title elementor-size-default\">Tenha mais visibilidade, obtenha melhores percep\u00e7\u00f5es e obtenha mais lucros<\/h3>\t\t\t\t<\/div>\n\t\t\t\t<section class=\"elementor-section elementor-inner-section elementor-element elementor-element-dcaf6fc elementor-section-full_width elementor-section-height-default elementor-section-height-default\" data-id=\"dcaf6fc\" data-element_type=\"section\" data-e-type=\"section\">\n\t\t\t\t\t\t<div class=\"elementor-container elementor-column-gap-default\">\n\t\t\t\t\t<div class=\"elementor-column elementor-col-100 elementor-inner-column elementor-element elementor-element-4f6b414\" data-id=\"4f6b414\" data-element_type=\"column\" data-e-type=\"column\">\n\t\t\t<div class=\"elementor-widget-wrap elementor-element-populated\">\n\t\t\t\t\t\t<div class=\"elementor-element elementor-element-f9f41b1 elementor-widget__width-auto elementor-widget elementor-widget-button\" data-id=\"f9f41b1\" data-element_type=\"widget\" data-e-type=\"widget\" data-widget_type=\"button.default\">\n\t\t\t\t\t\t\t\t\t\t<a class=\"elementor-button elementor-button-link elementor-size-sm\" href=\"https:\/\/mtechsystems.io\/pt\/swine\/swine-solutions\/\">\n\t\t\t\t\t\t<span class=\"elementor-button-content-wrapper\">\n\t\t\t\t\t\t\t\t\t<span class=\"elementor-button-text\">Veja solu\u00e7\u00f5es para su\u00ednos<\/span>\n\t\t\t\t\t<\/span>\n\t\t\t\t\t<\/a>\n\t\t\t\t\t\t\t\t<\/div>\n\t\t\t\t<div class=\"elementor-element elementor-element-edac4c3 elementor-mobile-align-left elementor-widget__width-auto elementor-widget elementor-widget-button\" data-id=\"edac4c3\" data-element_type=\"widget\" data-e-type=\"widget\" data-widget_type=\"button.default\">\n\t\t\t\t\t\t\t\t\t\t<a class=\"elementor-button elementor-button-link elementor-size-sm\" href=\"https:\/\/mtechsystems.io\/pt\/demo\/\">\n\t\t\t\t\t\t<span class=\"elementor-button-content-wrapper\">\n\t\t\t\t\t\t\t\t\t<span class=\"elementor-button-text\">Experi\u00eancia MTech Systems Swine<\/span>\n\t\t\t\t\t<\/span>\n\t\t\t\t\t<\/a>\n\t\t\t\t\t\t\t\t<\/div>\n\t\t\t\t\t<\/div>\n\t\t<\/div>\n\t\t\t\t\t<\/div>\n\t\t<\/section>\n\t\t\t\t\t<\/div>\n\t\t<\/div>\n\t\t\t\t\t<\/div>\n\t\t<\/section>\n\t\t\t\t<\/div>","protected":false},"excerpt":{"rendered":"<p>MTech Systems Swine: your key to optimizing performance and profit with your pig data https:\/\/mtechsystems.io\/wp-content\/uploads\/2021\/05\/header-swine2_1.mp4 It\u2019s time to move on from.. Inefficient processes that cost your company money utilizing countless tools that bring little to no value and maintenance costs that eat away at your company revenue. And move on to one system that\u2026 Gets [&hellip;]<\/p>\n","protected":false},"author":3,"featured_media":0,"parent":7075,"menu_order":0,"comment_status":"closed","ping_status":"closed","template":"","meta":{"content-type":"","footnotes":""},"class_list":["post-6969","page","type-page","status-publish","hentry"],"_links":{"self":[{"href":"https:\/\/mtechsystems.io\/pt\/wp-json\/wp\/v2\/pages\/6969","targetHints":{"allow":["GET"]}}],"collection":[{"href":"https:\/\/mtechsystems.io\/pt\/wp-json\/wp\/v2\/pages"}],"about":[{"href":"https:\/\/mtechsystems.io\/pt\/wp-json\/wp\/v2\/types\/page"}],"author":[{"embeddable":true,"href":"https:\/\/mtechsystems.io\/pt\/wp-json\/wp\/v2\/users\/3"}],"replies":[{"embeddable":true,"href":"https:\/\/mtechsystems.io\/pt\/wp-json\/wp\/v2\/comments?post=6969"}],"version-history":[{"count":109,"href":"https:\/\/mtechsystems.io\/pt\/wp-json\/wp\/v2\/pages\/6969\/revisions"}],"predecessor-version":[{"id":27883,"href":"https:\/\/mtechsystems.io\/pt\/wp-json\/wp\/v2\/pages\/6969\/revisions\/27883"}],"up":[{"embeddable":true,"href":"https:\/\/mtechsystems.io\/pt\/wp-json\/wp\/v2\/pages\/7075"}],"wp:attachment":[{"href":"https:\/\/mtechsystems.io\/pt\/wp-json\/wp\/v2\/media?parent=6969"}],"curies":[{"name":"wp","href":"https:\/\/api.w.org\/{rel}","templated":true}]}}